{"id":638944,"date":"2025-08-08T18:59:42","date_gmt":"2025-08-08T16:59:42","guid":{"rendered":"https:\/\/lucacastelli.com\/prodotto\/milwaukee-set-de-douilles-courtes-pour-machine-%c2%bd%e2%80%b3-13-pcs\/"},"modified":"2025-08-08T18:59:42","modified_gmt":"2025-08-08T16:59:42","slug":"milwaukee-set-de-douilles-courtes-pour-machine-%c2%bd%e2%80%b3-13-pcs","status":"publish","type":"product","link":"https:\/\/lucacastelli.com\/fr\/produit\/milwaukee-set-de-douilles-courtes-pour-machine-%c2%bd%e2%80%b3-13-pcs\/","title":{"rendered":"MILWAUKEE Set de douilles courtes pour machine \u00bd\u2033 13 pcs"},"content":{"rendered":"<p>SET DE DOUILLES COURTES POUR MACHINE 1\/2 11 pcs<br \/>\nL&#8217;acier SHOCKWAVE\u2122 IMPACT DUTY (chrome-molybd\u00e8ne) est un alliage d&#8217;acier de haute qualit\u00e9 qui offre une r\u00e9sistance et une durabilit\u00e9 maximales ; 6 points de prise pour une pr\u00e9cision optimale ; Les angles chanfrein\u00e9s permettent un meilleur transfert du couple en \u00e9vitant un stress excessif dans les angles ; Diam\u00e8tre grav\u00e9 au laser et rempli d&#8217;encre blanche pour une lecture facile et une durabilit\u00e9 maximale ; Conception avec trou traversant et rainure pour loger un accessoire de s\u00e9curit\u00e9<\/p>\n<p>4932480456<br \/>\n4058546407414<\/p>\n","protected":false},"excerpt":{"rendered":"<p>SET DE DOUILLES COURTES POUR MACHINE 1\/2 11 pcs<\/p>\n","protected":false},"featured_media":548557,"template":"","meta":{"_seopress_robots_primary_cat":"","_seopress_titles_title":"","_seopress_titles_desc":"","_seopress_robots_index":""},"product_brand":[3407],"product_cat":[5416,33],"product_tag":[3270],"class_list":{"0":"post-638944","1":"product","2":"type-product","3":"status-publish","4":"has-post-thumbnail","6":"product_brand-milwaukee","7":"product_cat-utensili-per-officina","8":"product_cat-attrezzature","9":"product_tag-import-milwau","10":"sws-conto-ricavi-merci-rivendita-macchinari-fr","11":"sws-gruppo-iva-iva81-fr","13":"first","14":"onbackorder","15":"sale","16":"shipping-taxable","17":"purchasable","18":"product-type-simple"},"_links":{"self":[{"href":"https:\/\/lucacastelli.com\/fr\/wp-json\/wp\/v2\/product\/638944","targetHints":{"allow":["GET"]}}],"collection":[{"href":"https:\/\/lucacastelli.com\/fr\/wp-json\/wp\/v2\/product"}],"about":[{"href":"https:\/\/lucacastelli.com\/fr\/wp-json\/wp\/v2\/types\/product"}],"wp:featuredmedia":[{"embeddable":true,"href":"https:\/\/lucacastelli.com\/fr\/wp-json\/wp\/v2\/media\/548557"}],"wp:attachment":[{"href":"https:\/\/lucacastelli.com\/fr\/wp-json\/wp\/v2\/media?parent=638944"}],"wp:term":[{"taxonomy":"product_brand","embeddable":true,"href":"https:\/\/lucacastelli.com\/fr\/wp-json\/wp\/v2\/product_brand?post=638944"},{"taxonomy":"product_cat","embeddable":true,"href":"https:\/\/lucacastelli.com\/fr\/wp-json\/wp\/v2\/product_cat?post=638944"},{"taxonomy":"product_tag","embeddable":true,"href":"https:\/\/lucacastelli.com\/fr\/wp-json\/wp\/v2\/product_tag?post=638944"}],"curies":[{"name":"wp","href":"https:\/\/api.w.org\/{rel}","templated":true}]}}