{"id":638925,"date":"2025-08-08T19:00:16","date_gmt":"2025-08-08T17:00:16","guid":{"rendered":"https:\/\/lucacastelli.com\/prodotto\/milwaukee-jeu-de-cles-a-fourche-double\/"},"modified":"2025-08-08T19:00:16","modified_gmt":"2025-08-08T17:00:16","slug":"milwaukee-jeu-de-cles-a-fourche-double","status":"publish","type":"product","link":"https:\/\/lucacastelli.com\/fr\/produit\/milwaukee-jeu-de-cles-a-fourche-double\/","title":{"rendered":"MILWAUKEE Jeu de cl\u00e9s \u00e0 fourche double"},"content":{"rendered":"<p>JEU DE CL\u00c9S \u00c0 FOURCHE DOUBLE 7 pcs<br \/>\nDimensions r\u00e9duites de la t\u00eate pour l&#8217;acc\u00e8s dans les zones restreintes.;Poign\u00e9e arrondie et ergonomique pour appliquer le couple maximum.;S\u00e9rigraphies laser repass\u00e9es \u00e0 l&#8217;encre pour une meilleure visibilit\u00e9 du diam\u00e8tre.;Finition chrom\u00e9e.;Les produits dans les jeux sont contenus dans un \u00e9tui haute r\u00e9sistance.<\/p>\n<p>4932492713<br \/>\n4058546475840<\/p>\n","protected":false},"excerpt":{"rendered":"<p>JEU DE CL\u00c9S \u00c0 FOURCHE DOUBLE 7 pcs<\/p>\n","protected":false},"featured_media":558090,"template":"","meta":{"_seopress_robots_primary_cat":"","_seopress_titles_title":"","_seopress_titles_desc":"","_seopress_robots_index":""},"product_brand":[3407],"product_cat":[5416,33],"product_tag":[3270],"class_list":{"0":"post-638925","1":"product","2":"type-product","3":"status-publish","4":"has-post-thumbnail","6":"product_brand-milwaukee","7":"product_cat-utensili-per-officina","8":"product_cat-attrezzature","9":"product_tag-import-milwau","10":"sws-conto-ricavi-merci-rivendita-macchinari-fr","11":"sws-gruppo-iva-iva81-fr","13":"first","14":"onbackorder","15":"sale","16":"shipping-taxable","17":"purchasable","18":"product-type-simple"},"_links":{"self":[{"href":"https:\/\/lucacastelli.com\/fr\/wp-json\/wp\/v2\/product\/638925","targetHints":{"allow":["GET"]}}],"collection":[{"href":"https:\/\/lucacastelli.com\/fr\/wp-json\/wp\/v2\/product"}],"about":[{"href":"https:\/\/lucacastelli.com\/fr\/wp-json\/wp\/v2\/types\/product"}],"wp:featuredmedia":[{"embeddable":true,"href":"https:\/\/lucacastelli.com\/fr\/wp-json\/wp\/v2\/media\/558090"}],"wp:attachment":[{"href":"https:\/\/lucacastelli.com\/fr\/wp-json\/wp\/v2\/media?parent=638925"}],"wp:term":[{"taxonomy":"product_brand","embeddable":true,"href":"https:\/\/lucacastelli.com\/fr\/wp-json\/wp\/v2\/product_brand?post=638925"},{"taxonomy":"product_cat","embeddable":true,"href":"https:\/\/lucacastelli.com\/fr\/wp-json\/wp\/v2\/product_cat?post=638925"},{"taxonomy":"product_tag","embeddable":true,"href":"https:\/\/lucacastelli.com\/fr\/wp-json\/wp\/v2\/product_tag?post=638925"}],"curies":[{"name":"wp","href":"https:\/\/api.w.org\/{rel}","templated":true}]}}