{"id":638922,"date":"2025-08-08T19:00:14","date_gmt":"2025-08-08T17:00:14","guid":{"rendered":"https:\/\/lucacastelli.com\/prodotto\/milwaukee-scie-pour-plaque-de-platre\/"},"modified":"2025-08-08T19:00:14","modified_gmt":"2025-08-08T17:00:14","slug":"milwaukee-scie-pour-plaque-de-platre","status":"publish","type":"product","link":"https:\/\/lucacastelli.com\/fr\/produit\/milwaukee-scie-pour-plaque-de-platre\/","title":{"rendered":"MILWAUKEE Scie pour plaque de pl\u00e2tre"},"content":{"rendered":"<p>Scie \u00e0 pl\u00e2tre r\u00e2peuse<br \/>\nLame de 150 mm pour plaque de pl\u00e2tre : Tr\u00e8s r\u00e9sistante et fine, permet une insertion facile dans le mur en plaque de pl\u00e2tre;Rev\u00eatement en caoutchouc : Augmente le confort pendant l&#8217;utilisation;Permet d&#8217;agrandir rapidement le trou et de lisser les angles bruts<\/p>\n<p>4932479783<br \/>\n4058546375775<\/p>\n","protected":false},"excerpt":{"rendered":"<p>Scie \u00e0 pl\u00e2tre r\u00e2peuse<\/p>\n","protected":false},"featured_media":544688,"template":"","meta":{"_seopress_robots_primary_cat":"","_seopress_titles_title":"","_seopress_titles_desc":"","_seopress_robots_index":""},"product_brand":[3407],"product_cat":[5416,33],"product_tag":[3270],"class_list":{"0":"post-638922","1":"product","2":"type-product","3":"status-publish","4":"has-post-thumbnail","6":"product_brand-milwaukee","7":"product_cat-utensili-per-officina","8":"product_cat-attrezzature","9":"product_tag-import-milwau","10":"sws-conto-ricavi-merci-rivendita-macchinari-fr","11":"sws-gruppo-iva-iva81-fr","13":"first","14":"onbackorder","15":"sale","16":"shipping-taxable","17":"purchasable","18":"product-type-simple"},"_links":{"self":[{"href":"https:\/\/lucacastelli.com\/fr\/wp-json\/wp\/v2\/product\/638922","targetHints":{"allow":["GET"]}}],"collection":[{"href":"https:\/\/lucacastelli.com\/fr\/wp-json\/wp\/v2\/product"}],"about":[{"href":"https:\/\/lucacastelli.com\/fr\/wp-json\/wp\/v2\/types\/product"}],"wp:featuredmedia":[{"embeddable":true,"href":"https:\/\/lucacastelli.com\/fr\/wp-json\/wp\/v2\/media\/544688"}],"wp:attachment":[{"href":"https:\/\/lucacastelli.com\/fr\/wp-json\/wp\/v2\/media?parent=638922"}],"wp:term":[{"taxonomy":"product_brand","embeddable":true,"href":"https:\/\/lucacastelli.com\/fr\/wp-json\/wp\/v2\/product_brand?post=638922"},{"taxonomy":"product_cat","embeddable":true,"href":"https:\/\/lucacastelli.com\/fr\/wp-json\/wp\/v2\/product_cat?post=638922"},{"taxonomy":"product_tag","embeddable":true,"href":"https:\/\/lucacastelli.com\/fr\/wp-json\/wp\/v2\/product_tag?post=638922"}],"curies":[{"name":"wp","href":"https:\/\/api.w.org\/{rel}","templated":true}]}}