{"id":638904,"date":"2025-08-09T19:52:29","date_gmt":"2025-08-09T17:52:29","guid":{"rendered":"https:\/\/lucacastelli.com\/prodotto\/milwaukee-packout-coffre\/"},"modified":"2025-08-09T19:52:29","modified_gmt":"2025-08-09T17:52:29","slug":"milwaukee-packout-coffre","status":"publish","type":"product","link":"https:\/\/lucacastelli.com\/fr\/produit\/milwaukee-packout-coffre\/","title":{"rendered":"MILWAUKEE PACKOUT\u2122 Coffre"},"content":{"rendered":"<p>PACKOUT COFFRE<br \/>\nEmpilable sur les tiroirs et autres contenants PACKOUT\u2122;Fixable sur la Plaque de stockage PACKOUT\u2122;Facile \u00e0 empiler ou \u00e0 fixer au mur;Ouverture frontale pour acc\u00e9der facilement aux outils contenus dans le coffre;Capacit\u00e9 de charge de 22 kg;Construit avec des mat\u00e9riaux r\u00e9sistants aux chocs;Fait partie du syst\u00e8me de rangement modulaire PACKOUT\u2122<\/p>\n<p>4932480623<br \/>\n4058546409081<\/p>\n","protected":false},"excerpt":{"rendered":"<p>PACKOUT COFFRE<\/p>\n","protected":false},"featured_media":552869,"template":"","meta":{"_seopress_robots_primary_cat":"","_seopress_titles_title":"","_seopress_titles_desc":"","_seopress_robots_index":""},"product_brand":[3407],"product_cat":[5416,33],"product_tag":[3270],"class_list":{"0":"post-638904","1":"product","2":"type-product","3":"status-publish","4":"has-post-thumbnail","6":"product_brand-milwaukee","7":"product_cat-utensili-per-officina","8":"product_cat-attrezzature","9":"product_tag-import-milwau","10":"sws-conto-ricavi-merci-rivendita-macchinari-fr","11":"sws-gruppo-iva-iva81-fr","13":"first","14":"onbackorder","15":"sale","16":"shipping-taxable","17":"purchasable","18":"product-type-simple"},"_links":{"self":[{"href":"https:\/\/lucacastelli.com\/fr\/wp-json\/wp\/v2\/product\/638904","targetHints":{"allow":["GET"]}}],"collection":[{"href":"https:\/\/lucacastelli.com\/fr\/wp-json\/wp\/v2\/product"}],"about":[{"href":"https:\/\/lucacastelli.com\/fr\/wp-json\/wp\/v2\/types\/product"}],"wp:featuredmedia":[{"embeddable":true,"href":"https:\/\/lucacastelli.com\/fr\/wp-json\/wp\/v2\/media\/552869"}],"wp:attachment":[{"href":"https:\/\/lucacastelli.com\/fr\/wp-json\/wp\/v2\/media?parent=638904"}],"wp:term":[{"taxonomy":"product_brand","embeddable":true,"href":"https:\/\/lucacastelli.com\/fr\/wp-json\/wp\/v2\/product_brand?post=638904"},{"taxonomy":"product_cat","embeddable":true,"href":"https:\/\/lucacastelli.com\/fr\/wp-json\/wp\/v2\/product_cat?post=638904"},{"taxonomy":"product_tag","embeddable":true,"href":"https:\/\/lucacastelli.com\/fr\/wp-json\/wp\/v2\/product_tag?post=638904"}],"curies":[{"name":"wp","href":"https:\/\/api.w.org\/{rel}","templated":true}]}}