{"id":638887,"date":"2025-08-09T11:25:26","date_gmt":"2025-08-09T09:25:26","guid":{"rendered":"https:\/\/lucacastelli.com\/prodotto\/milwaukee-meches-multi-materiaux-15\/"},"modified":"2025-08-09T11:25:26","modified_gmt":"2025-08-09T09:25:26","slug":"milwaukee-meches-multi-materiaux-15","status":"publish","type":"product","link":"https:\/\/lucacastelli.com\/fr\/produit\/milwaukee-meches-multi-materiaux-15\/","title":{"rendered":"Milwaukee M\u00e8ches multi-mat\u00e9riaux"},"content":{"rendered":"<p>FORET MULTI-MAT\u00c9RIAUX 6X100 MM -1pc<br \/>\nCon\u00e7us pour \u00eatre utilis\u00e9s avec une visseuse \u00e0 percussion et des perceuses \/ visseuses ;La pointe en carbure de tungst\u00e8ne (TCT) permet de percer dans le b\u00e9ton, la brique, les tuiles, les blocs de b\u00e9ton, le m\u00e9tal fin, les carreaux de c\u00e9ramique de duret\u00e9 moyenne \u00e0 douce, tous types de bois et le PVC ;Rainure blanche pour une identification facile<\/p>\n<p>4932471096<br \/>\n4058546287245<\/p>\n","protected":false},"excerpt":{"rendered":"<p>FORET MULTI-MAT\u00c9RIAUX 6X100 MM -1pc<\/p>\n","protected":false},"featured_media":530736,"template":"","meta":{"_seopress_robots_primary_cat":"","_seopress_titles_title":"","_seopress_titles_desc":"","_seopress_robots_index":""},"product_brand":[3407],"product_cat":[29,514,549,550],"product_tag":[3270],"class_list":{"0":"post-638887","1":"product","2":"type-product","3":"status-publish","4":"has-post-thumbnail","6":"product_brand-milwaukee","7":"product_cat-macchinari","8":"product_cat-altri-dispositivi","9":"product_cat-trapani-e-avvitatori","10":"product_cat-accessori-per-trapani-ed-avvitatori","11":"product_tag-import-milwau","12":"sws-conto-ricavi-merci-rivendita-macchinari-fr","13":"sws-gruppo-iva-iva81-fr","15":"first","16":"onbackorder","17":"sale","18":"shipping-taxable","19":"purchasable","20":"product-type-simple"},"_links":{"self":[{"href":"https:\/\/lucacastelli.com\/fr\/wp-json\/wp\/v2\/product\/638887","targetHints":{"allow":["GET"]}}],"collection":[{"href":"https:\/\/lucacastelli.com\/fr\/wp-json\/wp\/v2\/product"}],"about":[{"href":"https:\/\/lucacastelli.com\/fr\/wp-json\/wp\/v2\/types\/product"}],"wp:featuredmedia":[{"embeddable":true,"href":"https:\/\/lucacastelli.com\/fr\/wp-json\/wp\/v2\/media\/530736"}],"wp:attachment":[{"href":"https:\/\/lucacastelli.com\/fr\/wp-json\/wp\/v2\/media?parent=638887"}],"wp:term":[{"taxonomy":"product_brand","embeddable":true,"href":"https:\/\/lucacastelli.com\/fr\/wp-json\/wp\/v2\/product_brand?post=638887"},{"taxonomy":"product_cat","embeddable":true,"href":"https:\/\/lucacastelli.com\/fr\/wp-json\/wp\/v2\/product_cat?post=638887"},{"taxonomy":"product_tag","embeddable":true,"href":"https:\/\/lucacastelli.com\/fr\/wp-json\/wp\/v2\/product_tag?post=638887"}],"curies":[{"name":"wp","href":"https:\/\/api.w.org\/{rel}","templated":true}]}}