{"id":638881,"date":"2025-08-09T11:19:45","date_gmt":"2025-08-09T09:19:45","guid":{"rendered":"https:\/\/lucacastelli.com\/prodotto\/milwaukee-scie-circulaire-a-metal\/"},"modified":"2025-08-09T11:19:45","modified_gmt":"2025-08-09T09:19:45","slug":"milwaukee-scie-circulaire-a-metal","status":"publish","type":"product","link":"https:\/\/lucacastelli.com\/fr\/produit\/milwaukee-scie-circulaire-a-metal\/","title":{"rendered":"MILWAUKEE Scie circulaire \u00e0 m\u00e9tal"},"content":{"rendered":"<p>M18 FMCS66-802C \/ SCIES CIRCULAIRES<br \/>\nLa premi\u00e8re scie circulaire \u00e0 m\u00e9taux sur batterie 18 V avec une profondeur de coupe de 66 mm capable de fournir une puissance de coupe \u00e9quivalente \u00e0 1800 W;Vitesse de coupe sup\u00e9rieure aux outils filaires;Base compatible avec les rails MILWAUKEE\u00ae (vendus s\u00e9par\u00e9ment) pour des coupes rapides et pr\u00e9cises;Indicateur de pression lumineux;Syst\u00e8me \u00e9lectrique capable de freiner la lame en moins d&#8217;une seconde;Collecteur de d\u00e9bris m\u00e9talliques pour une visibilit\u00e9 optimale;Coupe \u00e0 froid, r\u00e9duit les \u00e9tincelles et garantit des applications rapides et pr\u00e9cises;Interrupteur de s\u00e9curit\u00e9 contre le d\u00e9marrage accidentel;R\u00e9glage de la profondeur de coupe sans outils et levier pour coupes en plong\u00e9e;Syst\u00e8me de changement rapide de lame et \u00e9vacuation des d\u00e9bris;La technologie FUEL\u2122 red\u00e9finit les outils \u00e9lectriques sans fil. Le moteur sans balais, l&#8217;\u00e9lectronique REDLINK PLUS\u2122 et la batterie REDLITHIUM\u2122 offrent des performances et une durabilit\u00e9 sup\u00e9rieures;Compatible avec toutes les batteries M18\u2122 MILWAUKEE\u00ae <\/p>\n<p>4933499243<br \/>\n4058546564070<\/p>\n","protected":false},"excerpt":{"rendered":"<p>M18 FMCS66-802C \/ SCIES CIRCULAIRES<\/p>\n","protected":false},"featured_media":441277,"template":"","meta":{"_seopress_robots_primary_cat":"","_seopress_titles_title":"","_seopress_titles_desc":"","_seopress_robots_index":""},"product_brand":[3407],"product_cat":[29,514,558],"product_tag":[3270],"class_list":{"0":"post-638881","1":"product","2":"type-product","3":"status-publish","4":"has-post-thumbnail","6":"product_brand-milwaukee","7":"product_cat-macchinari","8":"product_cat-altri-dispositivi","9":"product_cat-seghe-accessori-vari","10":"product_tag-import-milwau","11":"sws-conto-ricavi-merci-rivendita-macchinari-fr","12":"sws-gruppo-iva-iva81-fr","14":"first","15":"onbackorder","16":"sale","17":"shipping-taxable","18":"purchasable","19":"product-type-simple"},"_links":{"self":[{"href":"https:\/\/lucacastelli.com\/fr\/wp-json\/wp\/v2\/product\/638881","targetHints":{"allow":["GET"]}}],"collection":[{"href":"https:\/\/lucacastelli.com\/fr\/wp-json\/wp\/v2\/product"}],"about":[{"href":"https:\/\/lucacastelli.com\/fr\/wp-json\/wp\/v2\/types\/product"}],"wp:featuredmedia":[{"embeddable":true,"href":"https:\/\/lucacastelli.com\/fr\/wp-json\/wp\/v2\/media\/441277"}],"wp:attachment":[{"href":"https:\/\/lucacastelli.com\/fr\/wp-json\/wp\/v2\/media?parent=638881"}],"wp:term":[{"taxonomy":"product_brand","embeddable":true,"href":"https:\/\/lucacastelli.com\/fr\/wp-json\/wp\/v2\/product_brand?post=638881"},{"taxonomy":"product_cat","embeddable":true,"href":"https:\/\/lucacastelli.com\/fr\/wp-json\/wp\/v2\/product_cat?post=638881"},{"taxonomy":"product_tag","embeddable":true,"href":"https:\/\/lucacastelli.com\/fr\/wp-json\/wp\/v2\/product_tag?post=638881"}],"curies":[{"name":"wp","href":"https:\/\/api.w.org\/{rel}","templated":true}]}}