{"id":638876,"date":"2025-08-09T11:19:47","date_gmt":"2025-08-09T09:19:47","guid":{"rendered":"https:\/\/lucacastelli.com\/prodotto\/milwaukee-m12-fuel-scie-circulaire-a-bois-compacte-2\/"},"modified":"2025-08-09T11:19:47","modified_gmt":"2025-08-09T09:19:47","slug":"milwaukee-m12-fuel-scie-circulaire-a-bois-compacte-2","status":"publish","type":"product","link":"https:\/\/lucacastelli.com\/fr\/produit\/milwaukee-m12-fuel-scie-circulaire-a-bois-compacte-2\/","title":{"rendered":"Milwaukee M12 FUEL Scie circulaire \u00e0 bois compacte"},"content":{"rendered":"<p>M12 FCS442-0\/SCIES CIRCULAIRES<br \/>\nMoteur brushless POWERSTATE\u2122 repens\u00e9 pour augmenter les performances jusqu&#8217;\u00e0 25 % en combinaison avec les batteries MILWAUKEE\u00ae M12\u2122 HIGH OUTPUT\u2122 ; La base en magn\u00e9sium r\u00e9duit le poids et maximise la durabilit\u00e9 dans le temps ; Jet d&#8217;air pour maintenir la ligne de coupe propre ; Les \u00e9clairages LED illuminent la surface de travail ; Adaptateur DEK26 inclus pour pouvoir associer l&#8217;aspirateur afin de maintenir l&#8217;environnement de travail propre ; La technologie FUEL\u2122 red\u00e9finit les outils \u00e9lectroportatifs \u00e0 batterie. Le moteur brushless, l&#8217;\u00e9lectronique REDLINK PLUS\u2122 et le pack de batteries REDLITHIUM\u2122 offrent des performances et une durabilit\u00e9 sup\u00e9rieures ; Fonctionne avec toutes les batteries M12\u2122 MILWAUKEE\u00ae <\/p>\n<p>4933493488<br \/>\n4058546483593<\/p>\n","protected":false},"excerpt":{"rendered":"<p>M12 FCS442-0\/SCIES CIRCULAIRES<\/p>\n","protected":false},"featured_media":585941,"template":"","meta":{"_seopress_robots_primary_cat":"","_seopress_titles_title":"","_seopress_titles_desc":"","_seopress_robots_index":""},"product_brand":[3658],"product_cat":[1453,167,1534],"product_tag":[3273],"class_list":{"0":"post-638876","1":"product","2":"type-product","3":"status-publish","4":"has-post-thumbnail","6":"product_brand-milwaukee-fr","7":"product_cat-autres-appareils","8":"product_cat-machines","9":"product_cat-scies","10":"product_tag-import-milwau-fr","11":"sws-conto-ricavi-merci-rivendita-macchinari-fr","12":"sws-gruppo-iva-iva81-fr","14":"first","15":"onbackorder","16":"sale","17":"shipping-taxable","18":"purchasable","19":"product-type-simple"},"_links":{"self":[{"href":"https:\/\/lucacastelli.com\/fr\/wp-json\/wp\/v2\/product\/638876","targetHints":{"allow":["GET"]}}],"collection":[{"href":"https:\/\/lucacastelli.com\/fr\/wp-json\/wp\/v2\/product"}],"about":[{"href":"https:\/\/lucacastelli.com\/fr\/wp-json\/wp\/v2\/types\/product"}],"wp:featuredmedia":[{"embeddable":true,"href":"https:\/\/lucacastelli.com\/fr\/wp-json\/wp\/v2\/media\/585941"}],"wp:attachment":[{"href":"https:\/\/lucacastelli.com\/fr\/wp-json\/wp\/v2\/media?parent=638876"}],"wp:term":[{"taxonomy":"product_brand","embeddable":true,"href":"https:\/\/lucacastelli.com\/fr\/wp-json\/wp\/v2\/product_brand?post=638876"},{"taxonomy":"product_cat","embeddable":true,"href":"https:\/\/lucacastelli.com\/fr\/wp-json\/wp\/v2\/product_cat?post=638876"},{"taxonomy":"product_tag","embeddable":true,"href":"https:\/\/lucacastelli.com\/fr\/wp-json\/wp\/v2\/product_tag?post=638876"}],"curies":[{"name":"wp","href":"https:\/\/api.w.org\/{rel}","templated":true}]}}