{"id":638866,"date":"2025-08-09T19:52:35","date_gmt":"2025-08-09T17:52:35","guid":{"rendered":"https:\/\/lucacastelli.com\/prodotto\/milwaukee-packout-kit-de-premiers-secours-din-13157-1-pc\/"},"modified":"2025-08-09T19:52:35","modified_gmt":"2025-08-09T17:52:35","slug":"milwaukee-packout-kit-de-premiers-secours-din-13157-1-pc","status":"publish","type":"product","link":"https:\/\/lucacastelli.com\/fr\/produit\/milwaukee-packout-kit-de-premiers-secours-din-13157-1-pc\/","title":{"rendered":"MILWAUKEE PACKOUT KIT DE PREMIERS SECOURS DIN 13157 1 PC"},"content":{"rendered":"<p>PACKOUT KIT DE PREMIERS SECOURS DIN 13157 1 PC<br \/>\nFacile \u00e0 identifier gr\u00e2ce \u00e0 l&#8217;organiseur compact PACKOUT\u2122 de couleur rouge;Fait partie du syst\u00e8me de rangement modulaire PACKOUT\u2122;Fabriqu\u00e9 avec un polym\u00e8re r\u00e9sistant qui augmente la r\u00e9sistance aux chocs sur le chantier;L&#8217;int\u00e9rieur dispose de 5 compartiments amovibles;Syst\u00e8me de protection IP65 pour le prot\u00e9ger de la pluie et des d\u00e9bris du chantier;Les compartiments sont scell\u00e9s pour que le contenu ne se disperse pas pendant le transport;Kit de premiers secours, certifi\u00e9 selon la norme DIN 13157<\/p>\n<p>4932478879<br \/>\n4058546361617<\/p>\n","protected":false},"excerpt":{"rendered":"<p>PACKOUT KIT DE PREMIERS SECOURS DIN 13157 1 PC<\/p>\n","protected":false},"featured_media":550653,"template":"","meta":{"_seopress_robots_primary_cat":"","_seopress_titles_title":"","_seopress_titles_desc":"","_seopress_robots_index":""},"product_brand":[3407],"product_cat":[5416,33],"product_tag":[3270],"class_list":{"0":"post-638866","1":"product","2":"type-product","3":"status-publish","4":"has-post-thumbnail","6":"product_brand-milwaukee","7":"product_cat-utensili-per-officina","8":"product_cat-attrezzature","9":"product_tag-import-milwau","10":"sws-conto-ricavi-merci-rivendita-macchinari-fr","11":"sws-gruppo-iva-iva81-fr","13":"first","14":"onbackorder","15":"sale","16":"shipping-taxable","17":"purchasable","18":"product-type-simple"},"_links":{"self":[{"href":"https:\/\/lucacastelli.com\/fr\/wp-json\/wp\/v2\/product\/638866","targetHints":{"allow":["GET"]}}],"collection":[{"href":"https:\/\/lucacastelli.com\/fr\/wp-json\/wp\/v2\/product"}],"about":[{"href":"https:\/\/lucacastelli.com\/fr\/wp-json\/wp\/v2\/types\/product"}],"wp:featuredmedia":[{"embeddable":true,"href":"https:\/\/lucacastelli.com\/fr\/wp-json\/wp\/v2\/media\/550653"}],"wp:attachment":[{"href":"https:\/\/lucacastelli.com\/fr\/wp-json\/wp\/v2\/media?parent=638866"}],"wp:term":[{"taxonomy":"product_brand","embeddable":true,"href":"https:\/\/lucacastelli.com\/fr\/wp-json\/wp\/v2\/product_brand?post=638866"},{"taxonomy":"product_cat","embeddable":true,"href":"https:\/\/lucacastelli.com\/fr\/wp-json\/wp\/v2\/product_cat?post=638866"},{"taxonomy":"product_tag","embeddable":true,"href":"https:\/\/lucacastelli.com\/fr\/wp-json\/wp\/v2\/product_tag?post=638866"}],"curies":[{"name":"wp","href":"https:\/\/api.w.org\/{rel}","templated":true}]}}