{"id":638862,"date":"2025-08-09T19:52:32","date_gmt":"2025-08-09T17:52:32","guid":{"rendered":"https:\/\/lucacastelli.com\/prodotto\/sac-a-dos-electricien-milwaukee-packout-73-pcs\/"},"modified":"2025-08-09T19:52:32","modified_gmt":"2025-08-09T17:52:32","slug":"sac-a-dos-electricien-milwaukee-packout-73-pcs","status":"publish","type":"product","link":"https:\/\/lucacastelli.com\/fr\/produit\/sac-a-dos-electricien-milwaukee-packout-73-pcs\/","title":{"rendered":"SAC \u00c0 DOS \u00c9LECTRICIEN MILWAUKEE PACKOUT &#8211; 73 pcs"},"content":{"rendered":"<p>SAC \u00c0 DOS \u00c9LECTRICIEN PACKOUT &#8211; 73 pcs<br \/>\nSac \u00e0 dos PACKOUT;Partie int\u00e9grante du syst\u00e8me de rangement modulaire PACKOUT\u2122;Construction durable en nylon balistique 1680D;Grande capacit\u00e9 de chargement &#8211; 48 poches;Rembourrage dorsal, sangle de poitrine, sangle de fixation et bretelles rembourr\u00e9es pour un confort maximal;;M\u00e8tre ruban Pro-Compact 3 m non magn\u00e9tique;Ergonomie am\u00e9lior\u00e9e, dimensions plus compactes;R\u00e9sistant aux conditions les plus extr\u00eames;Bo\u00eetier avec 5 vis de renfort;Ruban m\u00e9tallique recouvert de nylon pour une meilleure r\u00e9sistance;;Niveau Torpedo compact 45\u00b0 longueur 17 cm magn\u00e9tique;Aimants amplifi\u00e9s en &#8220;terres rares&#8221; pour une plus grande force magn\u00e9tique;Large visibilit\u00e9 de la bulle avec indication de la pente;La fiole renforc\u00e9e en acrylique offre une durabilit\u00e9 et une lisibilit\u00e9 maximales;;Set de marqueurs ind\u00e9l\u00e9biles INKZALL 4 pi\u00e8ces pointe fine : noir;Durabilit\u00e9 exceptionnelle de la pointe qui ne s&#8217;ab\u00eeme pas m\u00eame sous forte pression de l&#8217;utilisateur &#8211; \u00e9vite que la pointe ne devienne arrondie.;Pointe en acrylique id\u00e9ale pour les surfaces rugueuses comme le b\u00e9ton ou le contreplaqu\u00e9.;Haute r\u00e9sistance de la pointe. Le marqueur continue d&#8217;\u00e9crire m\u00eame apr\u00e8s 72 heures d&#8217;exposition \u00e0 l&#8217;air.;Pour utilisation sur b\u00e9ton, bois, m\u00e9tal, pl\u00e2tre, contreplaqu\u00e9, plastique;;Set fineliner INKZALL 2x noir, rouge, bleu;Pointe de 0,6 mm;R\u00e9sistant aux blocages;Applications principales : marquage d&#8217;\u00e9tiquettes pour c\u00e2bles \u00e9lectriques, ajout de commentaires aux projets;;Couteau pliant universel FASTBACK compact;Ouverture simplifi\u00e9e gr\u00e2ce au bouton d\u00e9di\u00e9;Changement de lame : Par bouton, le changement de lame est rapide et simple, pour une efficacit\u00e9 de coupe maximale;Compact et l\u00e9ger permettant un rangement facile dans les poches de l&#8217;utilisateur;Clip pour ceinture;Trou pour dragonne pour \u00e9viter la perte;Possibilit\u00e9 de monter des lames standard;;Ciseaux d&#8217;\u00e9lectricien;Rainure coupe-c\u00e2bles pour un meilleur effet de levier;La rainure arrondie permet un d\u00e9nudage facile du fil;Pince \u00e0 sertir pour sertissage jusqu&#8217;\u00e0 6 mm;La vis de serrage r\u00e9glable permet d&#8217;ajuster la r\u00e9sistance souhait\u00e9e;\u00c9tui pour un rangement facile;;Tournevis Tri-Lobe, test\u00e9 VDE;Test\u00e9 jusqu&#8217;\u00e0 10 000V et garanti jusqu&#8217;\u00e0 1 000V;Diam\u00e8tre fin pour l&#8217;acc\u00e8s aux applications dans les espaces restreints;Poign\u00e9e confortable \u00e0 trois faces optimis\u00e9e pour un confort maximal de l&#8217;utilisateur et les applications \u00e0 couple \u00e9lev\u00e9;Gravure laser sur le dessus pour une identification rapide du mod\u00e8le;Design anti-roulement \u00e0 3 faces pour un meilleur transfert de puissance;Trou pour accrocher le tournevis \u00e0 des cordons de s\u00e9curit\u00e9;;Set de cliquets, douilles et embouts 1\/4 pouce 38 pi\u00e8ces;Design \u00e0 90 dents avec 4 degr\u00e9s de rotation d&#8217;arc pour une accessibilit\u00e9 maximale dans les espaces restreints;Design FOUR FLAT\u2122 antichute;Diam\u00e8tres imprim\u00e9s sur le c\u00f4t\u00e9 pour une identification facile;Poign\u00e9e confortable pour un confort maximal et applications \u00e0 couple \u00e9lev\u00e9;Embouts SHOCKWAVE\u2122;;Set de pinces, 3 pi\u00e8ces, test\u00e9 VDE;Test\u00e9es \u00e0 10 000V et garanties \u00e0 1000V, Test\u00e9es \u00e0 -40\u00b0, DIN ISO 5746, DIN EN\/IEC 60900;Les lames en acier sont enti\u00e8rement forg\u00e9es, tremp\u00e9es et revenues pour une durabilit\u00e9 maximale. La finition de surface en titane gris non r\u00e9fl\u00e9chissant, r\u00e9sistance maximale \u00e0 la corrosion;Tranchants tremp\u00e9s par induction pour couper m\u00eame les mat\u00e9riaux les plus durs;Joint pr\u00e9cis et flexible pour une transmission maximale de la puissance pour un travail facile et sans effort;Poign\u00e9e ergonomique avec softgrip pour plus de confort et d&#8217;adh\u00e9rence;;Set de cl\u00e9s hexagonales 9 pi\u00e8ces;\u00c9tui pivotant et verrouillable pour un acc\u00e8s facile aux cl\u00e9s;Extr\u00e9mit\u00e9 sph\u00e9rique pour un acc\u00e8s \u00e0 la vis jusqu&#8217;\u00e0 30\u00b0;Diam\u00e8tres imprim\u00e9s sur l&#8217;\u00e9tui pour une identification facile;Pr\u00e9disposition pour cordon antichute;;Cl\u00e9 \u00e0 molette 250 mm;Molette molet\u00e9e pour une pr\u00e9cision et une tenue maximales. La m\u00e2choire ne recule pas une fois le r\u00e9glage effectu\u00e9;Chrom\u00e9e pour une meilleure protection contre la rouille;Design ergonomique de la poign\u00e9e. Arrondie pour un confort maximal pendant l&#8217;utilisation;;Marteau de forgeron Hickory 300 g;Manche en noyer qui offre plus de r\u00e9sistance aux vibrations;T\u00eate renforc\u00e9e pour une plus grande durabilit\u00e9;\u00c9quilibre parfait;DIN 1041<\/p>\n<p>4932498407<br \/>\n4058546522766<\/p>\n","protected":false},"excerpt":{"rendered":"<p>SAC \u00c0 DOS \u00c9LECTRICIEN PACKOUT &#8211; 73 pcs<\/p>\n","protected":false},"featured_media":567374,"template":"","meta":{"_seopress_robots_primary_cat":"","_seopress_titles_title":"","_seopress_titles_desc":"","_seopress_robots_index":""},"product_brand":[3658],"product_cat":[5417,144],"product_tag":[3273],"class_list":{"0":"post-638862","1":"product","2":"type-product","3":"status-publish","4":"has-post-thumbnail","6":"product_brand-milwaukee-fr","7":"product_cat-outils-pour-atelier","8":"product_cat-equipement","9":"product_tag-import-milwau-fr","10":"sws-conto-ricavi-merci-rivendita-macchinari-fr","11":"sws-gruppo-iva-iva81-fr","13":"first","14":"onbackorder","15":"sale","16":"shipping-taxable","17":"purchasable","18":"product-type-simple"},"_links":{"self":[{"href":"https:\/\/lucacastelli.com\/fr\/wp-json\/wp\/v2\/product\/638862","targetHints":{"allow":["GET"]}}],"collection":[{"href":"https:\/\/lucacastelli.com\/fr\/wp-json\/wp\/v2\/product"}],"about":[{"href":"https:\/\/lucacastelli.com\/fr\/wp-json\/wp\/v2\/types\/product"}],"wp:featuredmedia":[{"embeddable":true,"href":"https:\/\/lucacastelli.com\/fr\/wp-json\/wp\/v2\/media\/567374"}],"wp:attachment":[{"href":"https:\/\/lucacastelli.com\/fr\/wp-json\/wp\/v2\/media?parent=638862"}],"wp:term":[{"taxonomy":"product_brand","embeddable":true,"href":"https:\/\/lucacastelli.com\/fr\/wp-json\/wp\/v2\/product_brand?post=638862"},{"taxonomy":"product_cat","embeddable":true,"href":"https:\/\/lucacastelli.com\/fr\/wp-json\/wp\/v2\/product_cat?post=638862"},{"taxonomy":"product_tag","embeddable":true,"href":"https:\/\/lucacastelli.com\/fr\/wp-json\/wp\/v2\/product_tag?post=638862"}],"curies":[{"name":"wp","href":"https:\/\/api.w.org\/{rel}","templated":true}]}}