{"id":638856,"date":"2025-08-09T19:52:30","date_gmt":"2025-08-09T17:52:30","guid":{"rendered":"https:\/\/lucacastelli.com\/prodotto\/milwaukee-packout-kit-de-premiers-secours-xl-1pc\/"},"modified":"2025-08-09T19:52:30","modified_gmt":"2025-08-09T17:52:30","slug":"milwaukee-packout-kit-de-premiers-secours-xl-1pc","status":"publish","type":"product","link":"https:\/\/lucacastelli.com\/fr\/produit\/milwaukee-packout-kit-de-premiers-secours-xl-1pc\/","title":{"rendered":"MILWAUKEE PACKOUT KIT DE PREMIERS SECOURS XL &#8211; 1PC"},"content":{"rendered":"<p>PACKOUT KIT DE PREMIERS SECOURS XL &#8211; 1PC<br \/>\nFacilement reconnaissable en cas d&#8217;urgence gr\u00e2ce \u00e0 l&#8217;organiseur PACKOUT\u2122 de couleur rouge ; fait partie du syst\u00e8me de stockage modulaire PACKOUT\u2122 ; fabriqu\u00e9 en polym\u00e8res r\u00e9sistants aux chocs pour une longue durabilit\u00e9 sur le chantier ; protection contre les intemp\u00e9ries selon IP65 pour une protection contre la pluie et la salet\u00e9 sur le chantier ; l&#8217;int\u00e9rieur contient plus de 10 compartiments amovibles et montables ; les protections No Travel emp\u00eachent le contenu de se d\u00e9placer d&#8217;un conteneur \u00e0 l&#8217;autre pendant le transport ; trousse de premiers secours conforme \u00e0 la norme DIN 13157:2021-11<\/p>\n<p>4932492962<br \/>\n4058546478339<\/p>\n","protected":false},"excerpt":{"rendered":"<p>PACKOUT KIT DE PREMIERS SECOURS XL &#8211; 1PC<\/p>\n","protected":false},"featured_media":558936,"template":"","meta":{"_seopress_robots_primary_cat":"","_seopress_titles_title":"","_seopress_titles_desc":"","_seopress_robots_index":""},"product_brand":[3407],"product_cat":[5416,33],"product_tag":[3270],"class_list":{"0":"post-638856","1":"product","2":"type-product","3":"status-publish","4":"has-post-thumbnail","6":"product_brand-milwaukee","7":"product_cat-utensili-per-officina","8":"product_cat-attrezzature","9":"product_tag-import-milwau","10":"sws-conto-ricavi-merci-rivendita-macchinari-fr","11":"sws-gruppo-iva-iva81-fr","13":"first","14":"onbackorder","15":"sale","16":"shipping-taxable","17":"purchasable","18":"product-type-simple"},"_links":{"self":[{"href":"https:\/\/lucacastelli.com\/fr\/wp-json\/wp\/v2\/product\/638856","targetHints":{"allow":["GET"]}}],"collection":[{"href":"https:\/\/lucacastelli.com\/fr\/wp-json\/wp\/v2\/product"}],"about":[{"href":"https:\/\/lucacastelli.com\/fr\/wp-json\/wp\/v2\/types\/product"}],"wp:featuredmedia":[{"embeddable":true,"href":"https:\/\/lucacastelli.com\/fr\/wp-json\/wp\/v2\/media\/558936"}],"wp:attachment":[{"href":"https:\/\/lucacastelli.com\/fr\/wp-json\/wp\/v2\/media?parent=638856"}],"wp:term":[{"taxonomy":"product_brand","embeddable":true,"href":"https:\/\/lucacastelli.com\/fr\/wp-json\/wp\/v2\/product_brand?post=638856"},{"taxonomy":"product_cat","embeddable":true,"href":"https:\/\/lucacastelli.com\/fr\/wp-json\/wp\/v2\/product_cat?post=638856"},{"taxonomy":"product_tag","embeddable":true,"href":"https:\/\/lucacastelli.com\/fr\/wp-json\/wp\/v2\/product_tag?post=638856"}],"curies":[{"name":"wp","href":"https:\/\/api.w.org\/{rel}","templated":true}]}}