{"id":638833,"date":"2025-10-01T09:58:03","date_gmt":"2025-10-01T07:58:03","guid":{"rendered":"https:\/\/lucacastelli.com\/prodotto\/crazy-chemise-alpinstar-4\/"},"modified":"2026-04-14T00:11:56","modified_gmt":"2026-04-13T22:11:56","slug":"crazy-chemise-alpinstar-4","status":"publish","type":"product","link":"https:\/\/lucacastelli.com\/fr\/produit\/crazy-chemise-alpinstar-4\/","title":{"rendered":"CRAZY CHEMISE ALPINSTAR"},"content":{"rendered":"<p data-start=\"113\" data-end=\"126\"><strong data-start=\"113\" data-end=\"124\">CONCEPT<\/strong><\/p>\n<ul data-start=\"127\" data-end=\"236\">\n<li data-start=\"127\" data-end=\"146\">\n<p data-start=\"129\" data-end=\"146\">Imprim\u00e9s all over<\/p>\n<\/li>\n<li data-start=\"147\" data-end=\"178\">\n<p data-start=\"149\" data-end=\"178\">Coutures plates contrast\u00e9es<\/p>\n<\/li>\n<li data-start=\"179\" data-end=\"214\">\n<p data-start=\"181\" data-end=\"214\">Bandeau de protection pour le cou<\/p>\n<\/li>\n<li data-start=\"215\" data-end=\"236\">\n<p data-start=\"217\" data-end=\"236\">Logos r\u00e9fl\u00e9chissants<\/p>\n<\/li>\n<\/ul>\n<p data-start=\"238\" data-end=\"375\"><strong data-start=\"238\" data-end=\"250\">CARACT\u00c9RISTIQUES<\/strong><br data-start=\"250\" data-end=\"253\">Le T-shirt le plus vendu de la collection <strong data-start=\"293\" data-end=\"302\">Crazy<\/strong> combine une construction technique avec des imprim\u00e9s vifs et percutants.<\/p>\n<p data-start=\"377\" data-end=\"646\">Les panneaux imprim\u00e9s sont r\u00e9alis\u00e9s en polyester \u00e0 trame alv\u00e9olaire discontinue, un tissu l\u00e9ger et hautement respirant. Les manches sont quant \u00e0 elles produites en microfibre <strong data-start=\"548\" data-end=\"560\">Coolwave<\/strong>, fra\u00eeche, \u00e0 s\u00e9chage rapide et caract\u00e9ris\u00e9e par la trame particuli\u00e8re \u00ab stripe \u00bb. <\/p>\n<p data-start=\"648\" data-end=\"764\">Le bord du col, souple et l\u00e9ger, est con\u00e7u pour offrir un confort sup\u00e9rieur m\u00eame lors des utilisations les plus techniques.<\/p>\n","protected":false},"excerpt":{"rendered":"<p>CONCEPT Imprim\u00e9s all over Coutures plates contrast\u00e9es Bandeau de protection pour le cou Logos r\u00e9fl\u00e9chissants CARACT\u00c9RISTIQUESLe T-shirt le plus vendu<\/p>\n","protected":false},"featured_media":638834,"template":"","meta":{"_seopress_robots_primary_cat":"none","_seopress_titles_title":"","_seopress_titles_desc":"","_seopress_robots_index":""},"product_brand":[3616],"product_cat":[81,981,1387],"product_tag":[],"class_list":{"0":"post-638833","1":"product","2":"type-product","3":"status-publish","4":"has-post-thumbnail","6":"product_brand-crazy-fr","7":"product_cat-vetements","8":"product_cat-vetements-de-loisirs","9":"product_cat-vetements-pour-femmes","10":"sws-gruppo-abb-libero-fr","11":"sws-conto-ricavi-merci-rivendita-abbigliamento-fr","12":"sws-gruppo-iva-iva81-fr","14":"first","15":"instock","16":"sale","17":"shipping-taxable","18":"product-type-variable","19":"has-default-attributes"},"_links":{"self":[{"href":"https:\/\/lucacastelli.com\/fr\/wp-json\/wp\/v2\/product\/638833","targetHints":{"allow":["GET"]}}],"collection":[{"href":"https:\/\/lucacastelli.com\/fr\/wp-json\/wp\/v2\/product"}],"about":[{"href":"https:\/\/lucacastelli.com\/fr\/wp-json\/wp\/v2\/types\/product"}],"wp:featuredmedia":[{"embeddable":true,"href":"https:\/\/lucacastelli.com\/fr\/wp-json\/wp\/v2\/media\/638834"}],"wp:attachment":[{"href":"https:\/\/lucacastelli.com\/fr\/wp-json\/wp\/v2\/media?parent=638833"}],"wp:term":[{"taxonomy":"product_brand","embeddable":true,"href":"https:\/\/lucacastelli.com\/fr\/wp-json\/wp\/v2\/product_brand?post=638833"},{"taxonomy":"product_cat","embeddable":true,"href":"https:\/\/lucacastelli.com\/fr\/wp-json\/wp\/v2\/product_cat?post=638833"},{"taxonomy":"product_tag","embeddable":true,"href":"https:\/\/lucacastelli.com\/fr\/wp-json\/wp\/v2\/product_tag?post=638833"}],"curies":[{"name":"wp","href":"https:\/\/api.w.org\/{rel}","templated":true}]}}