{"id":638804,"date":"2025-09-30T17:37:12","date_gmt":"2025-09-30T15:37:12","guid":{"rendered":"https:\/\/lucacastelli.com\/prodotto\/casquette-hart-sosbun-c\/"},"modified":"2025-09-30T17:37:12","modified_gmt":"2025-09-30T15:37:12","slug":"casquette-hart-sosbun-c","status":"publish","type":"product","link":"https:\/\/lucacastelli.com\/fr\/produit\/casquette-hart-sosbun-c\/","title":{"rendered":"Casquette Hart Sosbun-C"},"content":{"rendered":"<p>Hydrofuge. Partie frontale et visi\u00e8re ind\u00e9formables. Ouvertures de ventilation. Bandeau anti-transpiration. R\u00e9glable avec fermeture velcro. Inserts r\u00e9fl\u00e9chissants. Taille unique.      <\/p>\n<p>La casquette Hart Cap Sosbun-C est parfaite pour la chasse. Elle prot\u00e8ge efficacement la t\u00eate du soleil intense et de la pluie l\u00e9g\u00e8re. <\/p>\n<ul>\n<li>Hydrofuge<\/li>\n<li>Partie avant et visi\u00e8re ind\u00e9formables<\/li>\n<li>Ouvertures de ventilation<\/li>\n<li>Bandeau anti-transpiration<\/li>\n<li>R\u00e9glable avec fermeture velcro<\/li>\n<li>Inserts r\u00e9fl\u00e9chissants<\/li>\n<li>Taille unique<\/li>\n<\/ul>\n","protected":false},"excerpt":{"rendered":"<p>Hydrofuge. Partie frontale et visi\u00e8re ind\u00e9formables. Ouvertures de ventilation. Bandeau anti-transpiration. R\u00e9glable avec fermeture velcro. Inserts r\u00e9fl\u00e9chissants. Taille unique. La<\/p>\n","protected":false},"featured_media":633622,"template":"","meta":{"_seopress_robots_primary_cat":"none","_seopress_titles_title":"","_seopress_titles_desc":"","_seopress_robots_index":""},"product_brand":[4254],"product_cat":[1390,81,981],"product_tag":[],"class_list":{"0":"post-638804","1":"product","2":"type-product","3":"status-publish","4":"has-post-thumbnail","6":"product_brand-hart-fr","7":"product_cat-accessoires-dhabillement","8":"product_cat-vetements","9":"product_cat-vetements-de-loisirs","10":"sws-gruppo-abb-libero-fr","11":"sws-conto-ricavi-merci-rivendita-abbigliamento-fr","12":"sws-gruppo-iva-iva81-fr","14":"first","15":"instock","16":"shipping-taxable","17":"purchasable","18":"product-type-variable","19":"has-default-attributes"},"_links":{"self":[{"href":"https:\/\/lucacastelli.com\/fr\/wp-json\/wp\/v2\/product\/638804","targetHints":{"allow":["GET"]}}],"collection":[{"href":"https:\/\/lucacastelli.com\/fr\/wp-json\/wp\/v2\/product"}],"about":[{"href":"https:\/\/lucacastelli.com\/fr\/wp-json\/wp\/v2\/types\/product"}],"wp:featuredmedia":[{"embeddable":true,"href":"https:\/\/lucacastelli.com\/fr\/wp-json\/wp\/v2\/media\/633622"}],"wp:attachment":[{"href":"https:\/\/lucacastelli.com\/fr\/wp-json\/wp\/v2\/media?parent=638804"}],"wp:term":[{"taxonomy":"product_brand","embeddable":true,"href":"https:\/\/lucacastelli.com\/fr\/wp-json\/wp\/v2\/product_brand?post=638804"},{"taxonomy":"product_cat","embeddable":true,"href":"https:\/\/lucacastelli.com\/fr\/wp-json\/wp\/v2\/product_cat?post=638804"},{"taxonomy":"product_tag","embeddable":true,"href":"https:\/\/lucacastelli.com\/fr\/wp-json\/wp\/v2\/product_tag?post=638804"}],"curies":[{"name":"wp","href":"https:\/\/api.w.org\/{rel}","templated":true}]}}