{"id":638781,"date":"2025-09-30T17:09:15","date_gmt":"2025-09-30T15:09:15","guid":{"rendered":"https:\/\/lucacastelli.com\/prodotto\/bahco-metre-ruban-15-metres\/"},"modified":"2025-09-30T17:09:15","modified_gmt":"2025-09-30T15:09:15","slug":"bahco-metre-ruban-15-metres","status":"publish","type":"product","link":"https:\/\/lucacastelli.com\/fr\/produit\/bahco-metre-ruban-15-metres\/","title":{"rendered":"BAHCO m\u00e8tre ruban 15 m\u00e8tres"},"content":{"rendered":"<p>Le m\u00e8tre ruban Bahco avec un bo\u00eetier robuste en plastique est \u00e9quip\u00e9 d&#8217;un syst\u00e8me de retour automatique et d&#8217;un crochet de d\u00e9verrouillage en acier. Il se compose d&#8217;un bo\u00eetier \u00e0 ressort, d&#8217;un ruban de mesure et d&#8217;une molette. Le m\u00e9canisme du m\u00e8tre ruban est dot\u00e9 de trois engrenages plan\u00e9taires n\u00e9cessitant peu d&#8217;entretien. Si n\u00e9cessaire, le m\u00e8tre ruban Bahco peut \u00eatre tendu ou d\u00e9mont\u00e9 en desserrant une seule vis sans avoir besoin d&#8217;outils suppl\u00e9mentaires. Poids 450 g. Longueur 15 m.     <\/p>\n","protected":false},"excerpt":{"rendered":"<p>Le m\u00e8tre ruban Bahco avec un bo\u00eetier robuste en plastique est \u00e9quip\u00e9 d&#8217;un syst\u00e8me de retour automatique et d&#8217;un crochet<\/p>\n","protected":false},"featured_media":633605,"template":"","meta":{"_seopress_robots_primary_cat":"none","_seopress_titles_title":"","_seopress_titles_desc":"","_seopress_robots_index":""},"product_brand":[6120],"product_cat":[167,1685],"product_tag":[],"class_list":{"0":"post-638781","1":"product","2":"type-product","3":"status-publish","4":"has-post-thumbnail","6":"product_brand-bahco","7":"product_cat-machines","8":"product_cat-outils-et-accessoires-forestiers","9":"sws-gruppo-macchinari-fr","10":"sws-conto-ricavi-merci-rivendita-macchinari-fr","11":"sws-gruppo-iva-iva81-fr","13":"first","14":"instock","15":"shipping-taxable","16":"purchasable","17":"product-type-simple"},"_links":{"self":[{"href":"https:\/\/lucacastelli.com\/fr\/wp-json\/wp\/v2\/product\/638781","targetHints":{"allow":["GET"]}}],"collection":[{"href":"https:\/\/lucacastelli.com\/fr\/wp-json\/wp\/v2\/product"}],"about":[{"href":"https:\/\/lucacastelli.com\/fr\/wp-json\/wp\/v2\/types\/product"}],"wp:featuredmedia":[{"embeddable":true,"href":"https:\/\/lucacastelli.com\/fr\/wp-json\/wp\/v2\/media\/633605"}],"wp:attachment":[{"href":"https:\/\/lucacastelli.com\/fr\/wp-json\/wp\/v2\/media?parent=638781"}],"wp:term":[{"taxonomy":"product_brand","embeddable":true,"href":"https:\/\/lucacastelli.com\/fr\/wp-json\/wp\/v2\/product_brand?post=638781"},{"taxonomy":"product_cat","embeddable":true,"href":"https:\/\/lucacastelli.com\/fr\/wp-json\/wp\/v2\/product_cat?post=638781"},{"taxonomy":"product_tag","embeddable":true,"href":"https:\/\/lucacastelli.com\/fr\/wp-json\/wp\/v2\/product_tag?post=638781"}],"curies":[{"name":"wp","href":"https:\/\/api.w.org\/{rel}","templated":true}]}}