{"id":638747,"date":"2025-09-30T14:45:24","date_gmt":"2025-09-30T12:45:24","guid":{"rendered":"https:\/\/lucacastelli.com\/prodotto\/crazy-shirt-wonder-magic\/"},"modified":"2026-04-14T02:48:42","modified_gmt":"2026-04-14T00:48:42","slug":"crazy-shirt-wonder-magic","status":"publish","type":"product","link":"https:\/\/lucacastelli.com\/fr\/produit\/crazy-shirt-wonder-magic\/","title":{"rendered":"CRAZY SHIRT WONDER MAGIC"},"content":{"rendered":"<p data-start=\"118\" data-end=\"131\"><strong data-start=\"118\" data-end=\"129\">CONCEPT<\/strong><\/p>\n<ul data-start=\"132\" data-end=\"219\">\n<li data-start=\"132\" data-end=\"167\">\n<p data-start=\"134\" data-end=\"167\">Bandeau de protection pour le cou<\/p>\n<\/li>\n<li data-start=\"168\" data-end=\"199\">\n<p data-start=\"170\" data-end=\"199\">Coutures plates contrast\u00e9es<\/p>\n<\/li>\n<li data-start=\"200\" data-end=\"219\">\n<p data-start=\"202\" data-end=\"219\">Imprim\u00e9s all-over<\/p>\n<\/li>\n<li data-start=\"200\" data-end=\"219\">\n<\/li>\n<\/ul>\n<p data-start=\"221\" data-end=\"597\"><strong data-start=\"221\" data-end=\"233\">CARACT\u00c9RISTIQUES<\/strong><br data-start=\"233\" data-end=\"236\">Notre T-shirt est con\u00e7u pour les journ\u00e9es actives en plein air, mais s&#8217;adapte parfaitement \u00e0 l&#8217;usage quotidien gr\u00e2ce aux imprim\u00e9s originaux et au tissu en Tencel naturel, doux et agr\u00e9able au toucher.<br data-start=\"442\" data-end=\"445\">L\u00e9ger et fonctionnel, il se lave facilement et offre d&#8217;excellentes propri\u00e9t\u00e9s d&#8217;absorption de l&#8217;humidit\u00e9, garantissant fra\u00eecheur et confort en toute situation.<\/p>\n","protected":false},"excerpt":{"rendered":"<p>CONCEPT Bandeau de protection pour le cou Coutures plates contrast\u00e9es Imprim\u00e9s all-over CARACT\u00c9RISTIQUESNotre T-shirt est con\u00e7u pour les journ\u00e9es actives<\/p>\n","protected":false},"featured_media":638748,"template":"","meta":{"_seopress_robots_primary_cat":"none","_seopress_titles_title":"","_seopress_titles_desc":"","_seopress_robots_index":""},"product_brand":[3616],"product_cat":[81,981,1387],"product_tag":[],"class_list":{"0":"post-638747","1":"product","2":"type-product","3":"status-publish","4":"has-post-thumbnail","6":"product_brand-crazy-fr","7":"product_cat-vetements","8":"product_cat-vetements-de-loisirs","9":"product_cat-vetements-pour-femmes","10":"sws-gruppo-abb-libero-fr","11":"sws-conto-ricavi-merci-rivendita-abbigliamento-fr","12":"sws-gruppo-iva-iva81-fr","14":"first","15":"instock","16":"sale","17":"shipping-taxable","18":"purchasable","19":"product-type-variable","20":"has-default-attributes"},"_links":{"self":[{"href":"https:\/\/lucacastelli.com\/fr\/wp-json\/wp\/v2\/product\/638747","targetHints":{"allow":["GET"]}}],"collection":[{"href":"https:\/\/lucacastelli.com\/fr\/wp-json\/wp\/v2\/product"}],"about":[{"href":"https:\/\/lucacastelli.com\/fr\/wp-json\/wp\/v2\/types\/product"}],"wp:featuredmedia":[{"embeddable":true,"href":"https:\/\/lucacastelli.com\/fr\/wp-json\/wp\/v2\/media\/638748"}],"wp:attachment":[{"href":"https:\/\/lucacastelli.com\/fr\/wp-json\/wp\/v2\/media?parent=638747"}],"wp:term":[{"taxonomy":"product_brand","embeddable":true,"href":"https:\/\/lucacastelli.com\/fr\/wp-json\/wp\/v2\/product_brand?post=638747"},{"taxonomy":"product_cat","embeddable":true,"href":"https:\/\/lucacastelli.com\/fr\/wp-json\/wp\/v2\/product_cat?post=638747"},{"taxonomy":"product_tag","embeddable":true,"href":"https:\/\/lucacastelli.com\/fr\/wp-json\/wp\/v2\/product_tag?post=638747"}],"curies":[{"name":"wp","href":"https:\/\/api.w.org\/{rel}","templated":true}]}}