{"id":638731,"date":"2025-09-29T16:08:12","date_gmt":"2025-09-29T14:08:12","guid":{"rendered":"https:\/\/lucacastelli.com\/prodotto\/stihl-hsa-150-r-75-cm\/"},"modified":"2025-10-27T07:42:13","modified_gmt":"2025-10-27T06:42:13","slug":"stihl-hsa-150-r-75-cm","status":"publish","type":"product","link":"https:\/\/lucacastelli.com\/fr\/produit\/stihl-hsa-150-r-75-cm\/","title":{"rendered":"STIHL HSA 150 R 75 cm"},"content":{"rendered":"","protected":false},"excerpt":{"rendered":"<h2 class=\"product-details__title\">Pour une taille robuste et efficace.<\/h2>\n<div class=\"product-details__description richtexteditor\">\n<p>Le puissant et robuste taille-haies \u00e0 batterie STIHL HSA 150 R vous permet d&#8217;effectuer des travaux exigeants dans l&#8217;<a href=\"https:\/\/www.stihl.it\/it\/diy-stihl\/giardino-fai-da-te\/cura-delle-siepi\"><strong>entretien professionnel de jardins<\/strong><\/a> et paysages, ainsi que dans les entreprises communales. La barre de lame unilat\u00e9rale avec t\u00f4le de ramassage mont\u00e9e permet une taille de grand volume. Gr\u00e2ce \u00e0 la faible vitesse de lame et \u00e0 la lame \u00e0 double tranchant dans la variante de taille avec plus grand espacement entre les dents, m\u00eame les branches et rameaux les plus robustes sont coup\u00e9s efficacement \u00e0 vitesse constante. Le moteur EC garantit des performances constantes et une longue dur\u00e9e de vie. Vous pouvez r\u00e9gler la vitesse en 3 \u00e9tapes (2 600, 3 000 et 3 400 coups\/minute) directement sur la poign\u00e9e unilat\u00e9rale.    <\/p>\n<p>Le taille-haies \u00e0 batterie STIHL HSA 150 R est extr\u00eamement flexible gr\u00e2ce \u00e0 la batterie lithium-ion amovible du <a href=\"https:\/\/www.stihl.it\/it\/tecnologia-stihl\/carica-batteria-stihl\/stihl-sistema-ap\"><strong>syst\u00e8me STIHL AP<\/strong><\/a>. Ses faibles valeurs de bruit et de vibrations permettent de tailler les haies m\u00eame sans protections auditives et dans les zones sensibles au bruit. Les lames optimis\u00e9es pour la friction permettent une plus grande autonomie de batterie et une plus grande long\u00e9vit\u00e9. Les protections viss\u00e9es pour la coupe et le guidage augmentent votre s\u00e9curit\u00e9 et prot\u00e8gent l&#8217;appareil de coupe.   <\/p>\n<p>Le taille-haies \u00e0 batterie STIHL HSA 150 R est disponible dans la longueur de coupe de 75 cm.<\/p>\n<p>Il est pr\u00e9par\u00e9 pour l&#8217;utilisation avec le connecteur <a href=\"https:\/\/www.stihl.it\/it\/p\/connettivita-prodotti-smart-smart-connector2a-135009#smart-connector-2-a-135009\"><strong>STIHL Smart Connector 2 A<\/strong><\/a>, disponible en option.<\/p>\n<p>Dans notre <a href=\"https:\/\/www.stihl.it\/it\/tecnologia-stihl\/carica-batteria-stihl\/durata-batterie-stihl\"><strong>aper\u00e7u des temps de fonctionnement<\/strong><\/a> et de charge des batteries STIHL, vous pouvez voir combien de temps vous pouvez travailler avec votre taille-haies \u00e0 batterie STIHL HSA 150 R et combien de temps la batterie met \u00e0 se recharger.<\/p>\n<p>Tous les appareils \u00e0 batterie du syst\u00e8me STIHL AP sont con\u00e7us pour un usage professionnel r\u00e9gulier m\u00eame dans des conditions m\u00e9t\u00e9orologiques d\u00e9favorables. Par cons\u00e9quent, ils disposent d&#8217;une protection contre les projections d&#8217;eau test\u00e9e. L&#8217;efficacit\u00e9 est d\u00e9montr\u00e9e par des tests internes rigoureux. Le test des projections d&#8217;eau se base, entre autres, sur la norme IPX4.   <\/p>\n<p>Pour STIHL HSA 150 R, la protection contre les projections d&#8217;eau, d\u00e9j\u00e0 d\u00e9montr\u00e9e dans les tests internes, a \u00e9t\u00e9 en outre certifi\u00e9e selon la classe de protection IPX4.<\/p>\n<p>Pour un usage optimal, veuillez vous r\u00e9f\u00e9rer \u00e0 notre aper\u00e7u sur la <a href=\"https:\/\/www.stihl.it\/it\/tecnologia-stihl\/carica-batteria-stihl\/compatibilita-batterie\">compatibilit\u00e9 des batteries<\/a>.<\/p>\n<\/div>\n<p>&nbsp;<\/p>\n<p>&nbsp;<\/p>\n<table data-test-id=\"pdp-spec-tech-table\">\n<tbody>\n<tr>\n<td>Tension nominale<\/td>\n<td>36 V<\/td>\n<\/tr>\n<tr>\n<td>Puissance absorb\u00e9e<\/td>\n<td>0,65 kW<\/td>\n<\/tr>\n<tr>\n<td>Puissance<\/td>\n<td>0,46 kW <sup>1<!-- -->)<\/sup><\/td>\n<\/tr>\n<tr>\n<td>Syst\u00e8me \u00e0 batterie<\/td>\n<td>AP<\/td>\n<\/tr>\n<tr>\n<td>Batterie recommand\u00e9e<\/td>\n<td>AP 200 S<\/td>\n<\/tr>\n<tr>\n<td>Fr\u00e9quence de course<\/td>\n<td>2 600 tr\/min (UM)<\/td>\n<\/tr>\n<tr>\n<td>Fr\u00e9quence de course phase 2<\/td>\n<td>3 000 tr\/min (UM)<\/td>\n<\/tr>\n<tr>\n<td>Fr\u00e9quence de course phase 3<\/td>\n<td>3 400 tr\/min (UM)<\/td>\n<\/tr>\n<tr>\n<td>Poids de l&#8217;appareil sans batterie<\/td>\n<td>4,3 kg <sup>2)<\/sup><\/td>\n<\/tr>\n<tr>\n<td>Longueur de coupe<\/td>\n<td>75 cm<\/td>\n<\/tr>\n<tr>\n<td>Distance entre les dents<\/td>\n<td>38 mm<\/td>\n<\/tr>\n<tr>\n<td>Degr\u00e9 de protection IP<\/td>\n<td>IPX4<\/td>\n<\/tr>\n<tr>\n<td>Temps de fonctionnement minimum de la batterie AP 100<\/td>\n<td>60 min <sup>3)<\/sup><\/td>\n<\/tr>\n<tr>\n<td>Temps de fonctionnement maximum de la batterie AP 100<\/td>\n<td>80 min <sup>3)<\/sup><\/td>\n<\/tr>\n<tr>\n<td>Temps de fonctionnement de la batterie AP 200<\/td>\n<td>100 min <sup>3)<\/sup><\/td>\n<\/tr>\n<tr>\n<td>Temps de fonctionnement maximum de la batterie AP 200<\/td>\n<td>150 min <sup>3)<\/sup><\/td>\n<\/tr>\n<tr>\n<td>Temps de fonctionnement minimum de la batterie AP 200 S<\/td>\n<td>100 min <sup>3)<\/sup><\/td>\n<\/tr>\n<tr>\n<td>Temps de fonctionnement maximum de la batterie AP 200 S<\/td>\n<td>150 min <sup>3)<\/sup><\/td>\n<\/tr>\n<tr>\n<td>Temps de fonctionnement minimum de la batterie AP 300<\/td>\n<td>140 min <sup>3)<\/sup><\/td>\n<\/tr>\n<tr>\n<td>Temps de fonctionnement maximum de la batterie AP 300<\/td>\n<td>195 min <sup>3)<\/sup><\/td>\n<\/tr>\n<tr>\n<td>Temps de fonctionnement minimum de la batterie AP 300 S<\/td>\n<td>175 min <sup>3)<\/sup><\/td>\n<\/tr>\n<tr>\n<td>Temps de fonctionnement maximum de la batterie AP 300 S<\/td>\n<td>245 min <sup>3)<\/sup><\/td>\n<\/tr>\n<tr>\n<td>Temps de fonctionnement minimum de la batterie AP 500 S<\/td>\n<td>210 min <sup>3)<\/sup><\/td>\n<\/tr>\n<tr>\n<td>Temps de fonctionnement maximum de la batterie AP 500 S<\/td>\n<td>290 min <sup>3)<\/sup><\/td>\n<\/tr>\n<tr>\n<td>Temps de fonctionnement minimum de la batterie AR 2000 L<\/td>\n<td>670 min <sup>3)<\/sup><\/td>\n<\/tr>\n<tr>\n<td>Temps de fonctionnement maximum de la batterie AR 2000 L<\/td>\n<td>935 min <sup>3)<\/sup><\/td>\n<\/tr>\n<tr>\n<td>Temps de fonctionnement minimum de la batterie AR 3000 L<\/td>\n<td>1 005 min <sup>3)<\/sup><\/td>\n<\/tr>\n<tr>\n<td>Temps de fonctionnement maximum de la batterie AR 3000 L<\/td>\n<td>1 405 min <sup>3)<\/sup><\/td>\n<\/tr>\n<tr>\n<td>Longueur de l&#8217;appareil avec couteau<\/td>\n<td>124 cm<\/td>\n<\/tr>\n<tr>\n<td>Niveau de pression acoustique<\/td>\n<td>83 dB(A) <sup>4)<\/sup><\/td>\n<\/tr>\n<tr>\n<td>Niveau de puissance acoustique<\/td>\n<td>91 dB(A) <sup>4)<\/sup><\/td>\n<\/tr>\n<tr>\n<td>Valeur vibratoire gauche<\/td>\n<td>1,9 m\/s\u00b2 <sup>5)<\/sup><\/td>\n<\/tr>\n<tr>\n<td>Valeur vibratoire droite<\/td>\n<td>1,9 m\/s\u00b2 <sup>5)<\/sup><\/td>\n<\/tr>\n<\/tbody>\n<\/table>\n","protected":false},"featured_media":633356,"template":"","meta":{"_seopress_robots_primary_cat":"none","_seopress_titles_title":"","_seopress_titles_desc":"","_seopress_robots_index":""},"product_brand":[3555],"product_cat":[167,1626,1690],"product_tag":[],"class_list":{"0":"post-638731","1":"product","2":"type-product","3":"status-publish","4":"has-post-thumbnail","6":"product_brand-stihl-fr","7":"product_cat-machines","8":"product_cat-taille-haies-et-elagueurs-a-batterie","9":"product_cat-taille-haies-et-elagueurs","10":"sws-gruppo-macchinari-fr","11":"sws-conto-ricavi-merci-rivendita-macchinari-fr","12":"sws-gruppo-iva-iva81-fr","14":"first","15":"instock","16":"shipping-taxable","17":"purchasable","18":"product-type-simple"},"_links":{"self":[{"href":"https:\/\/lucacastelli.com\/fr\/wp-json\/wp\/v2\/product\/638731","targetHints":{"allow":["GET"]}}],"collection":[{"href":"https:\/\/lucacastelli.com\/fr\/wp-json\/wp\/v2\/product"}],"about":[{"href":"https:\/\/lucacastelli.com\/fr\/wp-json\/wp\/v2\/types\/product"}],"wp:featuredmedia":[{"embeddable":true,"href":"https:\/\/lucacastelli.com\/fr\/wp-json\/wp\/v2\/media\/633356"}],"wp:attachment":[{"href":"https:\/\/lucacastelli.com\/fr\/wp-json\/wp\/v2\/media?parent=638731"}],"wp:term":[{"taxonomy":"product_brand","embeddable":true,"href":"https:\/\/lucacastelli.com\/fr\/wp-json\/wp\/v2\/product_brand?post=638731"},{"taxonomy":"product_cat","embeddable":true,"href":"https:\/\/lucacastelli.com\/fr\/wp-json\/wp\/v2\/product_cat?post=638731"},{"taxonomy":"product_tag","embeddable":true,"href":"https:\/\/lucacastelli.com\/fr\/wp-json\/wp\/v2\/product_tag?post=638731"}],"curies":[{"name":"wp","href":"https:\/\/api.w.org\/{rel}","templated":true}]}}