{"id":638709,"date":"2025-08-09T20:02:20","date_gmt":"2025-08-09T18:02:20","guid":{"rendered":"https:\/\/lucacastelli.com\/prodotto\/milwaukee-marteau-a-percussion-a-billes-2\/"},"modified":"2025-08-09T20:02:20","modified_gmt":"2025-08-09T18:02:20","slug":"milwaukee-marteau-a-percussion-a-billes-2","status":"publish","type":"product","link":"https:\/\/lucacastelli.com\/fr\/produit\/milwaukee-marteau-a-percussion-a-billes-2\/","title":{"rendered":"Milwaukee Marteau \u00e0 percussion \u00e0 billes"},"content":{"rendered":"<p>MARTEAU \u00c0 PANNE SPH\u00c9RIQUE 680g<br \/>\nPoign\u00e9e antichoc SHOCKSHIELD\u2122 pour r\u00e9duire les vibrations de pointe ;\u00c9quilibrage pr\u00e9cis pour garantir un meilleur contr\u00f4le ;La forme I-Beam du manche r\u00e9siste \u00e0 la flexion lors des travaux de d\u00e9molition ;M\u00e9tal r\u00e9sistant sur la t\u00eate et la panne pour pr\u00e9venir l&#8217;\u00e9caillage ;Design antid\u00e9rapant sur la poign\u00e9e<\/p>\n<p>4932492347<br \/>\n4058546417147<\/p>\n","protected":false},"excerpt":{"rendered":"<p>MARTEAU \u00c0 PANNE SPH\u00c9RIQUE 680g<\/p>\n","protected":false},"featured_media":555935,"template":"","meta":{"_seopress_robots_primary_cat":"","_seopress_titles_title":"","_seopress_titles_desc":"","_seopress_robots_index":""},"product_brand":[3407],"product_cat":[5416,33],"product_tag":[3270],"class_list":{"0":"post-638709","1":"product","2":"type-product","3":"status-publish","4":"has-post-thumbnail","6":"product_brand-milwaukee","7":"product_cat-utensili-per-officina","8":"product_cat-attrezzature","9":"product_tag-import-milwau","10":"sws-conto-ricavi-merci-rivendita-macchinari-fr","11":"sws-gruppo-iva-iva81-fr","13":"first","14":"onbackorder","15":"sale","16":"shipping-taxable","17":"purchasable","18":"product-type-simple"},"_links":{"self":[{"href":"https:\/\/lucacastelli.com\/fr\/wp-json\/wp\/v2\/product\/638709","targetHints":{"allow":["GET"]}}],"collection":[{"href":"https:\/\/lucacastelli.com\/fr\/wp-json\/wp\/v2\/product"}],"about":[{"href":"https:\/\/lucacastelli.com\/fr\/wp-json\/wp\/v2\/types\/product"}],"wp:featuredmedia":[{"embeddable":true,"href":"https:\/\/lucacastelli.com\/fr\/wp-json\/wp\/v2\/media\/555935"}],"wp:attachment":[{"href":"https:\/\/lucacastelli.com\/fr\/wp-json\/wp\/v2\/media?parent=638709"}],"wp:term":[{"taxonomy":"product_brand","embeddable":true,"href":"https:\/\/lucacastelli.com\/fr\/wp-json\/wp\/v2\/product_brand?post=638709"},{"taxonomy":"product_cat","embeddable":true,"href":"https:\/\/lucacastelli.com\/fr\/wp-json\/wp\/v2\/product_cat?post=638709"},{"taxonomy":"product_tag","embeddable":true,"href":"https:\/\/lucacastelli.com\/fr\/wp-json\/wp\/v2\/product_tag?post=638709"}],"curies":[{"name":"wp","href":"https:\/\/api.w.org\/{rel}","templated":true}]}}