{"id":638690,"date":"2025-09-29T16:19:37","date_gmt":"2025-09-29T14:19:37","guid":{"rendered":"https:\/\/lucacastelli.com\/prodotto\/helly-hansen-sous-couche-a-demi-zip-graphique-lifa-merino-midweight-pour-femmes\/"},"modified":"2026-03-02T15:11:10","modified_gmt":"2026-03-02T14:11:10","slug":"helly-hansen-sous-couche-a-demi-zip-graphique-lifa-merino-midweight-pour-femmes","status":"publish","type":"product","link":"https:\/\/lucacastelli.com\/fr\/produit\/helly-hansen-sous-couche-a-demi-zip-graphique-lifa-merino-midweight-pour-femmes\/","title":{"rendered":"HELLY HANSEN Couche de base \u00e0 demi-zip LIFA\u00ae Merino Midweight Graphic pour femme"},"content":{"rendered":"<p>Notre collection LIFA\u00ae Merino Midweight est parfaite pour toutes les activit\u00e9s par temps froid. Nous avons associ\u00e9 une couche en laine m\u00e9rinos \u00e0 notre technologie \u00e9prouv\u00e9e LIFA\u00ae Stay Warm dans une construction \u00e0 2 couches. LIFA\u00ae Merino Midweight offre toute la chaleur et la respirabilit\u00e9 des fibres de laine m\u00e9rinos, ainsi que les propri\u00e9t\u00e9s uniques de gestion de l\u2019humidit\u00e9 des fibres LIFA\u00ae. Nous avons agr\u00e9ment\u00e9 ce mod\u00e8le de graphismes originaux et tendance, car nous pensons que les v\u00eatements de base ne doivent pas forc\u00e9ment \u00eatre banals.   <\/p>\n<p>&nbsp;<\/p>\n<p>Composition des fibres :<\/p>\n<div class=\"richtext_wrapper__eAHie blocks_root__vE_15\">Ext\u00e9rieur : 57 % laine m\u00e9rinos, 43 % polypropyl\u00e8ne<\/div>\n<p>Instructions d&#8217;entretien :<\/p>\n<div class=\"richtext_wrapper__eAHie blocks_root__vE_15\">Fermez les zips avant le lavage. Ne pas utiliser d&#8217;adoucissant. Ne pas tordre. Utilise une lessive pour laine. Lave \u00e0 l&#8217;envers.  <\/div>\n<div class=\"productDetails_productDetailsCols__K1qqI\">\n<div class=\"productDetails_productDetailsRow__bHp5_\">\n<div class=\"blocks_mobileInlineWrapper__N_Soc\">Poids : 220g<\/div>\n<\/div>\n<\/div>\n<div><\/div>\n<div>\n<ul>\n<li>\n<p class=\"body_default__CCmOa body_style--basic__T4X6_ body_style--basic__T4X6_\">LIFA\u00ae MERINO<\/p>\n<\/li>\n<li>\n<p class=\"body_default__CCmOa body_style--basic__T4X6_ body_style--basic__T4X6_\">Construction \u00e0 deux couches<\/p>\n<\/li>\n<li>\n<p class=\"body_default__CCmOa body_style--basic__T4X6_ body_style--basic__T4X6_\">Ext\u00e9rieur en 100 % laine m\u00e9rinos<\/p>\n<\/li>\n<li>\n<p class=\"body_default__CCmOa body_style--basic__T4X6_ body_style--basic__T4X6_\">Coutures plates pour un confort et une r\u00e9sistance optimaux<\/p>\n<\/li>\n<li>\n<p class=\"body_default__CCmOa body_style--basic__T4X6_ body_style--basic__T4X6_\">Tissu non irritant<\/p>\n<\/li>\n<li>\n<p class=\"body_default__CCmOa body_style--basic__T4X6_ body_style--basic__T4X6_\">ZQ m\u00e9rinos<\/p>\n<\/li>\n<\/ul>\n<\/div>\n","protected":false},"excerpt":{"rendered":"<p>Notre collection LIFA\u00ae Merino Midweight est parfaite pour toutes les activit\u00e9s par temps froid. Nous avons associ\u00e9 une couche en<\/p>\n","protected":false},"featured_media":638693,"template":"","meta":{"_seopress_robots_primary_cat":"none","_seopress_titles_title":"","_seopress_titles_desc":"","_seopress_robots_index":""},"product_brand":[3425],"product_cat":[21,189,200],"product_tag":[],"class_list":{"0":"post-638690","1":"product","2":"type-product","3":"status-publish","4":"has-post-thumbnail","6":"product_brand-helly-hansen","7":"product_cat-abbigliamento","8":"product_cat-abbigliamento-per-il-tempo-libero","9":"product_cat-abbigliamento-da-donna","10":"sws-gruppo-abb-libero-fr","11":"sws-conto-ricavi-merci-rivendita-abbigliamento-fr","12":"sws-gruppo-iva-iva81-fr","14":"first","15":"instock","16":"sale","17":"shipping-taxable","18":"purchasable","19":"product-type-variable","20":"has-default-attributes"},"_links":{"self":[{"href":"https:\/\/lucacastelli.com\/fr\/wp-json\/wp\/v2\/product\/638690","targetHints":{"allow":["GET"]}}],"collection":[{"href":"https:\/\/lucacastelli.com\/fr\/wp-json\/wp\/v2\/product"}],"about":[{"href":"https:\/\/lucacastelli.com\/fr\/wp-json\/wp\/v2\/types\/product"}],"wp:featuredmedia":[{"embeddable":true,"href":"https:\/\/lucacastelli.com\/fr\/wp-json\/wp\/v2\/media\/638693"}],"wp:attachment":[{"href":"https:\/\/lucacastelli.com\/fr\/wp-json\/wp\/v2\/media?parent=638690"}],"wp:term":[{"taxonomy":"product_brand","embeddable":true,"href":"https:\/\/lucacastelli.com\/fr\/wp-json\/wp\/v2\/product_brand?post=638690"},{"taxonomy":"product_cat","embeddable":true,"href":"https:\/\/lucacastelli.com\/fr\/wp-json\/wp\/v2\/product_cat?post=638690"},{"taxonomy":"product_tag","embeddable":true,"href":"https:\/\/lucacastelli.com\/fr\/wp-json\/wp\/v2\/product_tag?post=638690"}],"curies":[{"name":"wp","href":"https:\/\/api.w.org\/{rel}","templated":true}]}}