{"id":638689,"date":"2025-09-30T16:20:42","date_gmt":"2025-09-30T14:20:42","guid":{"rendered":"https:\/\/lucacastelli.com\/prodotto\/crazy-shirt-ionic-2\/"},"modified":"2026-04-14T02:48:56","modified_gmt":"2026-04-14T00:48:56","slug":"crazy-shirt-ionic-2","status":"publish","type":"product","link":"https:\/\/lucacastelli.com\/fr\/produit\/crazy-shirt-ionic-2\/","title":{"rendered":"CRAZY SHIRT IONIC"},"content":{"rendered":"<p data-start=\"128\" data-end=\"141\"><strong data-start=\"128\" data-end=\"139\">CONCEPT<\/strong><\/p>\n<ul data-start=\"142\" data-end=\"253\">\n<li data-start=\"142\" data-end=\"173\">\n<p data-start=\"144\" data-end=\"173\">Coutures plates contrast\u00e9es<\/p>\n<\/li>\n<li data-start=\"174\" data-end=\"195\">\n<p data-start=\"176\" data-end=\"195\">Inserts en S-Caf\u00e9<\/p>\n<\/li>\n<li data-start=\"196\" data-end=\"231\">\n<p data-start=\"198\" data-end=\"231\">Bandeau de protection pour le cou<\/p>\n<\/li>\n<li data-start=\"232\" data-end=\"253\">\n<p data-start=\"234\" data-end=\"253\">Logos r\u00e9fl\u00e9chissants<\/p>\n<\/li>\n<\/ul>\n<p data-start=\"255\" data-end=\"439\"><strong data-start=\"255\" data-end=\"267\">CARACT\u00c9RISTIQUES<\/strong><br data-start=\"267\" data-end=\"270\">Le t-shirt id\u00e9al pour le trekking et toutes les activit\u00e9s en montagne. Issu de la famille <strong data-start=\"358\" data-end=\"367\">Ionic<\/strong>, d\u00e9sormais iconique, il revient cette ann\u00e9e avec un design \u00e0 col rond renouvel\u00e9. <\/p>\n<p data-start=\"441\" data-end=\"586\">Notre mod\u00e8le le plus populaire associe un tissu technique de pointe \u00e0 des lignes modernes et des d\u00e9tails soign\u00e9s, offrant un look actuel et polyvalent.<\/p>\n<p data-start=\"588\" data-end=\"790\">Confectionn\u00e9 en microfibre <strong data-start=\"613\" data-end=\"627\">Performesh<\/strong>, avec des empi\u00e8cements en polyester trait\u00e9s avec la technologie anti-odeur <strong data-start=\"690\" data-end=\"700\">S-Caf\u00e9<\/strong>, il garantit respirabilit\u00e9, confort et fra\u00eecheur m\u00eame lors des activit\u00e9s les plus intenses.<\/p>\n","protected":false},"excerpt":{"rendered":"<p>CONCEPT Coutures plates contrast\u00e9es Inserts en S-Caf\u00e9 Bandeau de protection pour le cou Logos r\u00e9fl\u00e9chissants CARACT\u00c9RISTIQUESLe t-shirt id\u00e9al pour le<\/p>\n","protected":false},"featured_media":637883,"template":"","meta":{"_seopress_robots_primary_cat":"none","_seopress_titles_title":"","_seopress_titles_desc":"","_seopress_robots_index":""},"product_brand":[3616],"product_cat":[81,981,1387],"product_tag":[],"class_list":{"0":"post-638689","1":"product","2":"type-product","3":"status-publish","4":"has-post-thumbnail","6":"product_brand-crazy-fr","7":"product_cat-vetements","8":"product_cat-vetements-de-loisirs","9":"product_cat-vetements-pour-femmes","10":"sws-gruppo-abb-libero-fr","11":"sws-conto-ricavi-merci-rivendita-abbigliamento-fr","12":"sws-gruppo-iva-iva81-fr","14":"first","15":"instock","16":"sale","17":"shipping-taxable","18":"purchasable","19":"product-type-variable","20":"has-default-attributes"},"_links":{"self":[{"href":"https:\/\/lucacastelli.com\/fr\/wp-json\/wp\/v2\/product\/638689","targetHints":{"allow":["GET"]}}],"collection":[{"href":"https:\/\/lucacastelli.com\/fr\/wp-json\/wp\/v2\/product"}],"about":[{"href":"https:\/\/lucacastelli.com\/fr\/wp-json\/wp\/v2\/types\/product"}],"wp:featuredmedia":[{"embeddable":true,"href":"https:\/\/lucacastelli.com\/fr\/wp-json\/wp\/v2\/media\/637883"}],"wp:attachment":[{"href":"https:\/\/lucacastelli.com\/fr\/wp-json\/wp\/v2\/media?parent=638689"}],"wp:term":[{"taxonomy":"product_brand","embeddable":true,"href":"https:\/\/lucacastelli.com\/fr\/wp-json\/wp\/v2\/product_brand?post=638689"},{"taxonomy":"product_cat","embeddable":true,"href":"https:\/\/lucacastelli.com\/fr\/wp-json\/wp\/v2\/product_cat?post=638689"},{"taxonomy":"product_tag","embeddable":true,"href":"https:\/\/lucacastelli.com\/fr\/wp-json\/wp\/v2\/product_tag?post=638689"}],"curies":[{"name":"wp","href":"https:\/\/api.w.org\/{rel}","templated":true}]}}