{"id":638681,"date":"2025-09-30T16:08:41","date_gmt":"2025-09-30T14:08:41","guid":{"rendered":"https:\/\/lucacastelli.com\/prodotto\/crazy-shirt-oxygen\/"},"modified":"2026-04-14T02:48:39","modified_gmt":"2026-04-14T00:48:39","slug":"crazy-shirt-oxygen","status":"publish","type":"product","link":"https:\/\/lucacastelli.com\/fr\/produit\/crazy-shirt-oxygen\/","title":{"rendered":"CRAZY SHIRT OXYGEN"},"content":{"rendered":"<p data-start=\"93\" data-end=\"106\"><strong data-start=\"93\" data-end=\"104\">CONCEPT<\/strong><\/p>\n<ul data-start=\"107\" data-end=\"288\">\n<li data-start=\"107\" data-end=\"126\">\n<p data-start=\"109\" data-end=\"126\">Imprim\u00e9s all-over<\/p>\n<\/li>\n<li data-start=\"127\" data-end=\"170\">\n<p data-start=\"129\" data-end=\"170\">Inserts en maille 3D sur les c\u00f4t\u00e9s et les manches<\/p>\n<\/li>\n<li data-start=\"171\" data-end=\"215\">\n<p data-start=\"173\" data-end=\"215\">Insert laser au centre du dos<\/p>\n<\/li>\n<li data-start=\"216\" data-end=\"234\">\n<p data-start=\"218\" data-end=\"234\">Ourlet coll\u00e9<\/p>\n<\/li>\n<li data-start=\"235\" data-end=\"266\">\n<p data-start=\"237\" data-end=\"266\">Coutures plates contrast\u00e9es<\/p>\n<\/li>\n<li data-start=\"267\" data-end=\"288\">\n<p data-start=\"269\" data-end=\"288\">Logos r\u00e9fl\u00e9chissants<\/p>\n<\/li>\n<\/ul>\n<p data-start=\"290\" data-end=\"471\"><strong data-start=\"290\" data-end=\"302\">CARACT\u00c9RISTIQUES<\/strong><br data-start=\"302\" data-end=\"305\">Notre T-shirt le plus technique, fruit d\u2019une construction soign\u00e9e dans les moindres d\u00e9tails, allie fonctionnalit\u00e9 et \u00e9l\u00e9gance sans renoncer \u00e0 une coupe f\u00e9minine et moderne.<\/p>\n<p data-start=\"473\" data-end=\"726\">Con\u00e7u pour les activit\u00e9s intenses, m\u00eame en haute montagne, il int\u00e8gre des solutions innovantes telles que des tissus \u00e0 trame diff\u00e9renci\u00e9e et une bande en maille d\u00e9coup\u00e9e au laser au centre du dos, pens\u00e9e pour optimiser la respirabilit\u00e9 lors de l\u2019utilisation d\u2019un sac \u00e0 dos.<\/p>\n<p data-start=\"728\" data-end=\"950\">Les panneaux imprim\u00e9s sont r\u00e9alis\u00e9s en polyester \u00e0 trame alv\u00e9olaire discontinue : un tissu l\u00e9ger, extr\u00eamement respirant, \u00e9lastique et \u00e0 s\u00e9chage rapide, id\u00e9al pour garantir des performances \u00e9lev\u00e9es en toutes conditions.<\/p>\n","protected":false},"excerpt":{"rendered":"<p>CONCEPT Imprim\u00e9s all-over Inserts en maille 3D sur les c\u00f4t\u00e9s et les manches Insert laser au centre du dos Ourlet<\/p>\n","protected":false},"featured_media":638682,"template":"","meta":{"_seopress_robots_primary_cat":"","_seopress_titles_title":"","_seopress_titles_desc":"","_seopress_robots_index":""},"product_brand":[3616],"product_cat":[81,981,1387],"product_tag":[],"class_list":{"0":"post-638681","1":"product","2":"type-product","3":"status-publish","4":"has-post-thumbnail","6":"product_brand-crazy-fr","7":"product_cat-vetements","8":"product_cat-vetements-de-loisirs","9":"product_cat-vetements-pour-femmes","10":"sws-gruppo-abb-libero-fr","11":"sws-conto-ricavi-merci-rivendita-abbigliamento-fr","12":"sws-gruppo-iva-iva81-fr","14":"first","15":"instock","16":"sale","17":"shipping-taxable","18":"purchasable","19":"product-type-variable"},"_links":{"self":[{"href":"https:\/\/lucacastelli.com\/fr\/wp-json\/wp\/v2\/product\/638681","targetHints":{"allow":["GET"]}}],"collection":[{"href":"https:\/\/lucacastelli.com\/fr\/wp-json\/wp\/v2\/product"}],"about":[{"href":"https:\/\/lucacastelli.com\/fr\/wp-json\/wp\/v2\/types\/product"}],"wp:featuredmedia":[{"embeddable":true,"href":"https:\/\/lucacastelli.com\/fr\/wp-json\/wp\/v2\/media\/638682"}],"wp:attachment":[{"href":"https:\/\/lucacastelli.com\/fr\/wp-json\/wp\/v2\/media?parent=638681"}],"wp:term":[{"taxonomy":"product_brand","embeddable":true,"href":"https:\/\/lucacastelli.com\/fr\/wp-json\/wp\/v2\/product_brand?post=638681"},{"taxonomy":"product_cat","embeddable":true,"href":"https:\/\/lucacastelli.com\/fr\/wp-json\/wp\/v2\/product_cat?post=638681"},{"taxonomy":"product_tag","embeddable":true,"href":"https:\/\/lucacastelli.com\/fr\/wp-json\/wp\/v2\/product_tag?post=638681"}],"curies":[{"name":"wp","href":"https:\/\/api.w.org\/{rel}","templated":true}]}}