{"id":638648,"date":"2025-08-15T14:53:07","date_gmt":"2025-08-15T12:53:07","guid":{"rendered":"https:\/\/lucacastelli.com\/prodotto\/protos-bt-com-schultersprechtaste\/"},"modified":"2025-08-15T14:53:07","modified_gmt":"2025-08-15T12:53:07","slug":"protos-bt-com-schultersprechtaste","status":"publish","type":"product","link":"https:\/\/lucacastelli.com\/fr\/produit\/protos-bt-com-schultersprechtaste\/","title":{"rendered":"Protos BT-Com Schultersprechtaste"},"content":{"rendered":"<p>Pour rallonger la touche multifonction afin qu&#8217;elle puisse \u00eatre utilis\u00e9e en mains libres. La touche peut ensuite \u00eatre coll\u00e9e sur le BT_Com. <\/p>\n","protected":false},"excerpt":{"rendered":"<p>Pour rallonger la touche multifonction afin qu&#8217;elle puisse \u00eatre utilis\u00e9e en mains libres. La touche peut ensuite \u00eatre coll\u00e9e sur<\/p>\n","protected":false},"featured_media":610207,"template":"","meta":{"_seopress_robots_primary_cat":"none","_seopress_titles_title":"","_seopress_titles_desc":"","_seopress_robots_index":""},"product_brand":[3669,4722],"product_cat":[144,1397,1405],"product_tag":[],"class_list":{"0":"post-638648","1":"product","2":"type-product","3":"status-publish","4":"has-post-thumbnail","6":"product_brand-pfanner-fr","7":"product_brand-protos-fr","8":"product_cat-equipement","9":"product_cat-equipement-de-travail","10":"product_cat-casques","11":"sws-gruppo-no-gruppo","12":"sws-conto-ricavi-merci-rivendita-abbigliamento","13":"sws-gruppo-iva-iva81","15":"first","16":"instock","17":"shipping-taxable","18":"purchasable","19":"product-type-simple"},"_links":{"self":[{"href":"https:\/\/lucacastelli.com\/fr\/wp-json\/wp\/v2\/product\/638648","targetHints":{"allow":["GET"]}}],"collection":[{"href":"https:\/\/lucacastelli.com\/fr\/wp-json\/wp\/v2\/product"}],"about":[{"href":"https:\/\/lucacastelli.com\/fr\/wp-json\/wp\/v2\/types\/product"}],"wp:featuredmedia":[{"embeddable":true,"href":"https:\/\/lucacastelli.com\/fr\/wp-json\/wp\/v2\/media\/610207"}],"wp:attachment":[{"href":"https:\/\/lucacastelli.com\/fr\/wp-json\/wp\/v2\/media?parent=638648"}],"wp:term":[{"taxonomy":"product_brand","embeddable":true,"href":"https:\/\/lucacastelli.com\/fr\/wp-json\/wp\/v2\/product_brand?post=638648"},{"taxonomy":"product_cat","embeddable":true,"href":"https:\/\/lucacastelli.com\/fr\/wp-json\/wp\/v2\/product_cat?post=638648"},{"taxonomy":"product_tag","embeddable":true,"href":"https:\/\/lucacastelli.com\/fr\/wp-json\/wp\/v2\/product_tag?post=638648"}],"curies":[{"name":"wp","href":"https:\/\/api.w.org\/{rel}","templated":true}]}}