{"id":638646,"date":"2025-08-15T14:46:30","date_gmt":"2025-08-15T12:46:30","guid":{"rendered":"https:\/\/lucacastelli.com\/prodotto\/protos-maclip-ceinture-extra-longue\/"},"modified":"2026-03-16T12:57:36","modified_gmt":"2026-03-16T11:57:36","slug":"protos-maclip-ceinture-extra-longue","status":"publish","type":"product","link":"https:\/\/lucacastelli.com\/fr\/produit\/protos-maclip-ceinture-extra-longue\/","title":{"rendered":"Protos\u00ae Maclip Ceinture extra longue"},"content":{"rendered":"<p>La mentonni\u00e8re s&#8217;adapte \u00e0 tous les mod\u00e8les Protos\u00ae Integral et est \u00e9quip\u00e9e d&#8217;un syst\u00e8me de fixation magn\u00e9tique unique. La mentonni\u00e8re peut \u00eatre fix\u00e9e aux \u0153illets du Protos\u00ae \u00e0 l&#8217;aide de boutons-pression. La boucle situ\u00e9e sur la coque arri\u00e8re garantit un ajustement parfait de la mentonni\u00e8re, qui ne peut pas se glisser sous la protection auditive.<br \/>\nInformation :<br \/>\nla version extra-large est 10 cm plus longue que la version standard.  <\/p>\n<p>Mati\u00e8re : 100% polyamide<br \/>\nNormes : EN 397, EN 1078, EN 1077 B, EN 12492<\/p>\n","protected":false},"excerpt":{"rendered":"<p>La mentonni\u00e8re s&#8217;adapte \u00e0 tous les mod\u00e8les Protos\u00ae Integral et est \u00e9quip\u00e9e d&#8217;un syst\u00e8me de fixation magn\u00e9tique unique. La mentonni\u00e8re<\/p>\n","protected":false},"featured_media":610196,"template":"","meta":{"_seopress_robots_primary_cat":"none","_seopress_titles_title":"","_seopress_titles_desc":"","_seopress_robots_index":""},"product_brand":[3458,4381],"product_cat":[33,537,815],"product_tag":[],"class_list":{"0":"post-638646","1":"product","2":"type-product","3":"status-publish","4":"has-post-thumbnail","6":"product_brand-pfanner","7":"product_brand-protos","8":"product_cat-attrezzature","9":"product_cat-attrezzatura-da-lavoro","10":"product_cat-caschi","11":"sws-gruppo-no-gruppo","12":"sws-conto-ricavi-merci-rivendita-abbigliamento","13":"sws-gruppo-iva-iva81","15":"first","16":"instock","17":"shipping-taxable","18":"purchasable","19":"product-type-simple"},"_links":{"self":[{"href":"https:\/\/lucacastelli.com\/fr\/wp-json\/wp\/v2\/product\/638646","targetHints":{"allow":["GET"]}}],"collection":[{"href":"https:\/\/lucacastelli.com\/fr\/wp-json\/wp\/v2\/product"}],"about":[{"href":"https:\/\/lucacastelli.com\/fr\/wp-json\/wp\/v2\/types\/product"}],"wp:featuredmedia":[{"embeddable":true,"href":"https:\/\/lucacastelli.com\/fr\/wp-json\/wp\/v2\/media\/610196"}],"wp:attachment":[{"href":"https:\/\/lucacastelli.com\/fr\/wp-json\/wp\/v2\/media?parent=638646"}],"wp:term":[{"taxonomy":"product_brand","embeddable":true,"href":"https:\/\/lucacastelli.com\/fr\/wp-json\/wp\/v2\/product_brand?post=638646"},{"taxonomy":"product_cat","embeddable":true,"href":"https:\/\/lucacastelli.com\/fr\/wp-json\/wp\/v2\/product_cat?post=638646"},{"taxonomy":"product_tag","embeddable":true,"href":"https:\/\/lucacastelli.com\/fr\/wp-json\/wp\/v2\/product_tag?post=638646"}],"curies":[{"name":"wp","href":"https:\/\/api.w.org\/{rel}","templated":true}]}}