{"id":638642,"date":"2025-08-15T14:49:18","date_gmt":"2025-08-15T12:49:18","guid":{"rendered":"https:\/\/lucacastelli.com\/prodotto\/protos-pet-ersatz-schutzscheiben\/"},"modified":"2026-03-16T13:24:13","modified_gmt":"2026-03-16T12:24:13","slug":"protos-pet-ersatz-schutzscheiben","status":"publish","type":"product","link":"https:\/\/lucacastelli.com\/fr\/produit\/protos-pet-ersatz-schutzscheiben\/","title":{"rendered":"Protos\u00ae PET Ersatz Schutzscheiben"},"content":{"rendered":"<p>Jeu de 5 visi\u00e8res de protection de remplacement en PET. Les visi\u00e8res en m\u00e9tal grav\u00e9 peuvent \u00eatre transform\u00e9es en visi\u00e8res ferm\u00e9es en un clin d&#8217;\u0153il (par exemple pour les travaux de d\u00e9coupe libre). Elles offrent \u00e9galement une protection pour la visi\u00e8re transparente (par exemple contre les rayures) et peuvent \u00eatre facilement remplac\u00e9es.<br \/>\nInformation<br \/>\nLes goupilles de fixation doivent \u00eatre command\u00e9es s\u00e9par\u00e9ment sous le num\u00e9ro d&#8217;article 204073 ou en tant que set complet sous le num\u00e9ro d&#8217;article 204072.  <\/p>\n<p>\u00c9paisseur de la visi\u00e8re de remplacement : 0,4 mm<\/p>\n","protected":false},"excerpt":{"rendered":"<p>Jeu de 5 visi\u00e8res de protection de remplacement en PET. Les visi\u00e8res en m\u00e9tal grav\u00e9 peuvent \u00eatre transform\u00e9es en visi\u00e8res<\/p>\n","protected":false},"featured_media":610201,"template":"","meta":{"_seopress_robots_primary_cat":"none","_seopress_titles_title":"","_seopress_titles_desc":"","_seopress_robots_index":""},"product_brand":[3458,4381],"product_cat":[33,537,815],"product_tag":[],"class_list":{"0":"post-638642","1":"product","2":"type-product","3":"status-publish","4":"has-post-thumbnail","6":"product_brand-pfanner","7":"product_brand-protos","8":"product_cat-attrezzature","9":"product_cat-attrezzatura-da-lavoro","10":"product_cat-caschi","11":"sws-gruppo-no-gruppo","12":"sws-conto-ricavi-merci-rivendita-abbigliamento","13":"sws-gruppo-iva-iva81","15":"first","16":"instock","17":"shipping-taxable","18":"purchasable","19":"product-type-simple"},"_links":{"self":[{"href":"https:\/\/lucacastelli.com\/fr\/wp-json\/wp\/v2\/product\/638642","targetHints":{"allow":["GET"]}}],"collection":[{"href":"https:\/\/lucacastelli.com\/fr\/wp-json\/wp\/v2\/product"}],"about":[{"href":"https:\/\/lucacastelli.com\/fr\/wp-json\/wp\/v2\/types\/product"}],"wp:featuredmedia":[{"embeddable":true,"href":"https:\/\/lucacastelli.com\/fr\/wp-json\/wp\/v2\/media\/610201"}],"wp:attachment":[{"href":"https:\/\/lucacastelli.com\/fr\/wp-json\/wp\/v2\/media?parent=638642"}],"wp:term":[{"taxonomy":"product_brand","embeddable":true,"href":"https:\/\/lucacastelli.com\/fr\/wp-json\/wp\/v2\/product_brand?post=638642"},{"taxonomy":"product_cat","embeddable":true,"href":"https:\/\/lucacastelli.com\/fr\/wp-json\/wp\/v2\/product_cat?post=638642"},{"taxonomy":"product_tag","embeddable":true,"href":"https:\/\/lucacastelli.com\/fr\/wp-json\/wp\/v2\/product_tag?post=638642"}],"curies":[{"name":"wp","href":"https:\/\/api.w.org\/{rel}","templated":true}]}}