{"id":638640,"date":"2025-08-15T14:25:07","date_gmt":"2025-08-15T12:25:07","guid":{"rendered":"https:\/\/lucacastelli.com\/prodotto\/protos-maclip-light-a-gauche\/"},"modified":"2026-04-14T03:30:20","modified_gmt":"2026-04-14T01:30:20","slug":"protos-maclip-light-a-gauche","status":"publish","type":"product","link":"https:\/\/lucacastelli.com\/fr\/produit\/protos-maclip-light-a-gauche\/","title":{"rendered":"Protos\u00ae Maclip Light (\u00e0 gauche)"},"content":{"rendered":"<p>La Maclip Light est une lampe de s\u00e9curit\u00e9 \u00e0 LED qui peut \u00eatre mont\u00e9e \u00e0 l\u2019ext\u00e9rieur, \u00e0 gauche ou \u00e0 droite, sur le Protos\u00ae. Cette lampe est certifi\u00e9e DEKRA et n\u2019est pas conductrice. De plus, elle est antid\u00e9flagrante selon les zones ATEX 1 et 21. Avec un flux lumineux de ~120 lumens, la lampe produit une luminosit\u00e9 suffisante pour la plupart des activit\u00e9s. La Maclip Light se fixe au Protos\u00ae via un syst\u00e8me magn\u00e9tique. Ce syst\u00e8me convient \u00e9galement au support de ceinture.<br \/>\nLa Protos\u00ae Maclip Light a 120 lumens, est 100 % \u00e9tanche et peut \u00eatre utilis\u00e9e des deux c\u00f4t\u00e9s. De plus, la Protos\u00ae Maclip Light est antid\u00e9flagrante selon la zone ATEX 1 et certifi\u00e9e DEKRA.<br \/>\nInformations<br \/>\nLe montage du support Maclip Light Protos\u00ae (204076) sur le Protos\u00ae doit \u00eatre effectu\u00e9 exclusivement par du personnel sp\u00e9cialis\u00e9. En cas de nouvelle commande d\u2019un Protos\u00ae Integral, il peut \u00eatre command\u00e9 directement \u00e0 l\u2019usine. Les accessoires et les lampes peuvent \u00eatre achet\u00e9s comme pi\u00e8ces de rechange.      <\/p>\n<p>&nbsp;<\/p>\n<p>&nbsp;<\/p>\n<p>Mat\u00e9riau : 100 % polycarbonate<br \/>\nPiles : 4x alcalines AA<br \/>\nZones de s\u00e9curit\u00e9 : ATEX Zone 1, poussi\u00e8re EX Zone 21<br \/>\nFlux lumineux : 120 lumens<br \/>\nPort\u00e9e lumineuse : env. 150 m<br \/>\nIndice de protection : II 2G Ex ib IIB T4 Gb<br \/>\nSource lumineuse : CREE-LED XT-E (5 W)<\/p>\n","protected":false},"excerpt":{"rendered":"<p>La Maclip Light est une lampe de s\u00e9curit\u00e9 \u00e0 LED qui peut \u00eatre mont\u00e9e \u00e0 l\u2019ext\u00e9rieur, \u00e0 gauche ou \u00e0<\/p>\n","protected":false},"featured_media":610164,"template":"","meta":{"_seopress_robots_primary_cat":"none","_seopress_titles_title":"","_seopress_titles_desc":"","_seopress_robots_index":""},"product_brand":[3458,4381],"product_cat":[33,537,815],"product_tag":[],"class_list":{"0":"post-638640","1":"product","2":"type-product","3":"status-publish","4":"has-post-thumbnail","6":"product_brand-pfanner","7":"product_brand-protos","8":"product_cat-attrezzature","9":"product_cat-attrezzatura-da-lavoro","10":"product_cat-caschi","11":"sws-gruppo-no-gruppo-fr","12":"sws-conto-ricavi-merci-rivendita-abbigliamento-fr","13":"sws-gruppo-iva-iva81-fr","15":"first","16":"instock","17":"shipping-taxable","18":"purchasable","19":"product-type-simple"},"_links":{"self":[{"href":"https:\/\/lucacastelli.com\/fr\/wp-json\/wp\/v2\/product\/638640","targetHints":{"allow":["GET"]}}],"collection":[{"href":"https:\/\/lucacastelli.com\/fr\/wp-json\/wp\/v2\/product"}],"about":[{"href":"https:\/\/lucacastelli.com\/fr\/wp-json\/wp\/v2\/types\/product"}],"wp:featuredmedia":[{"embeddable":true,"href":"https:\/\/lucacastelli.com\/fr\/wp-json\/wp\/v2\/media\/610164"}],"wp:attachment":[{"href":"https:\/\/lucacastelli.com\/fr\/wp-json\/wp\/v2\/media?parent=638640"}],"wp:term":[{"taxonomy":"product_brand","embeddable":true,"href":"https:\/\/lucacastelli.com\/fr\/wp-json\/wp\/v2\/product_brand?post=638640"},{"taxonomy":"product_cat","embeddable":true,"href":"https:\/\/lucacastelli.com\/fr\/wp-json\/wp\/v2\/product_cat?post=638640"},{"taxonomy":"product_tag","embeddable":true,"href":"https:\/\/lucacastelli.com\/fr\/wp-json\/wp\/v2\/product_tag?post=638640"}],"curies":[{"name":"wp","href":"https:\/\/api.w.org\/{rel}","templated":true}]}}