{"id":638637,"date":"2025-08-15T10:57:46","date_gmt":"2025-08-15T08:57:46","guid":{"rendered":"https:\/\/lucacastelli.com\/prodotto\/protos-lampenset-mini-avec-fixation-gauche\/"},"modified":"2026-04-15T03:53:02","modified_gmt":"2026-04-15T01:53:02","slug":"protos-lampenset-mini-avec-fixation-gauche","status":"publish","type":"product","link":"https:\/\/lucacastelli.com\/fr\/produit\/protos-lampenset-mini-avec-fixation-gauche\/","title":{"rendered":"Set de lampe Protos\u00ae mini, montage inclus &#8211; gauche"},"content":{"rendered":"<p>Protos\u00ae Maclip Light mini R\u00e9f. (mini) 204044 La Maclip Light est une lampe de s\u00e9curit\u00e9 \u00e0 LED qui se monte \u00e0 l\u2019ext\u00e9rieur du Protos\u00ae. Cette lampe est certifi\u00e9e DEKRA et n\u2019est pas conductrice. De plus, elle est antid\u00e9flagrante selon la zone ATEX 1. Avec un flux lumineux de ~30 lumens, la lampe produit une luminosit\u00e9 suffisante pour de nombreuses activit\u00e9s. Elle est 100 % \u00e9tanche et utilisable des deux c\u00f4t\u00e9s. La Maclip Light se fixe au Protos\u00ae via un syst\u00e8me magn\u00e9tique. Ce syst\u00e8me est \u00e9galement adapt\u00e9 au support de ceinture.<\/p>\n<p>&nbsp;<\/p>\n<p>Le prix comprend :<br \/>\n&#8211; Lampe Maclip Light mini<br \/>\n&#8211; Support de lampe mini<br \/>\n&#8211; Support pour casque<br \/>\n&#8211; Per\u00e7age\/montage<br \/>\nInformations importantes :<br \/>\nLe montage peut \u00eatre effectu\u00e9 exclusivement \u00e0<br \/>\nnotre si\u00e8ge, faute de quoi la certification n\u2019est plus<br \/>\ngarantie. Le per\u00e7age est un travail sp\u00e9cial et<br \/>\nn\u2019est effectu\u00e9 qu\u2019apr\u00e8s paiement anticip\u00e9. <\/p>\n","protected":false},"excerpt":{"rendered":"<p>Protos\u00ae Maclip Light mini R\u00e9f. (mini) 204044 La Maclip Light est une lampe de s\u00e9curit\u00e9 \u00e0 LED qui se monte<\/p>\n","protected":false},"featured_media":610129,"template":"","meta":{"_seopress_robots_primary_cat":"none","_seopress_titles_title":"","_seopress_titles_desc":"","_seopress_robots_index":""},"product_brand":[3458,4381],"product_cat":[33,537,815],"product_tag":[],"class_list":{"0":"post-638637","1":"product","2":"type-product","3":"status-publish","4":"has-post-thumbnail","6":"product_brand-pfanner","7":"product_brand-protos","8":"product_cat-attrezzature","9":"product_cat-attrezzatura-da-lavoro","10":"product_cat-caschi","11":"sws-gruppo-no-gruppo-fr","12":"sws-conto-ricavi-merci-rivendita-abbigliamento-fr","13":"sws-gruppo-iva-iva81-fr","15":"first","16":"instock","17":"shipping-taxable","18":"purchasable","19":"product-type-simple"},"_links":{"self":[{"href":"https:\/\/lucacastelli.com\/fr\/wp-json\/wp\/v2\/product\/638637","targetHints":{"allow":["GET"]}}],"collection":[{"href":"https:\/\/lucacastelli.com\/fr\/wp-json\/wp\/v2\/product"}],"about":[{"href":"https:\/\/lucacastelli.com\/fr\/wp-json\/wp\/v2\/types\/product"}],"wp:featuredmedia":[{"embeddable":true,"href":"https:\/\/lucacastelli.com\/fr\/wp-json\/wp\/v2\/media\/610129"}],"wp:attachment":[{"href":"https:\/\/lucacastelli.com\/fr\/wp-json\/wp\/v2\/media?parent=638637"}],"wp:term":[{"taxonomy":"product_brand","embeddable":true,"href":"https:\/\/lucacastelli.com\/fr\/wp-json\/wp\/v2\/product_brand?post=638637"},{"taxonomy":"product_cat","embeddable":true,"href":"https:\/\/lucacastelli.com\/fr\/wp-json\/wp\/v2\/product_cat?post=638637"},{"taxonomy":"product_tag","embeddable":true,"href":"https:\/\/lucacastelli.com\/fr\/wp-json\/wp\/v2\/product_tag?post=638637"}],"curies":[{"name":"wp","href":"https:\/\/api.w.org\/{rel}","templated":true}]}}