{"id":638631,"date":"2025-08-15T10:40:47","date_gmt":"2025-08-15T08:40:47","guid":{"rendered":"https:\/\/lucacastelli.com\/prodotto\/protos-atz-metall-visier-g16\/"},"modified":"2026-04-15T03:54:38","modified_gmt":"2026-04-15T01:54:38","slug":"protos-atz-metall-visier-g16","status":"publish","type":"product","link":"https:\/\/lucacastelli.com\/fr\/produit\/protos-atz-metall-visier-g16\/","title":{"rendered":"Protos\u00ae \u00c4tz-Metall Visier G16"},"content":{"rendered":"<p>La visi\u00e8re en m\u00e9tal grav\u00e9 G16 (grosse) pour Protos\u00ae Integral s\u2019adapte parfaitement \u00e0 la protection de la t\u00eate. Gr\u00e2ce \u00e0 cet ajustement, il n\u2019y a aucune partie saillante ou cavit\u00e9 dans laquelle des branches et des d\u00e9bris pourraient s\u2019accrocher. Le bord en caoutchouc brevet\u00e9 sur le bord sup\u00e9rieur de la visi\u00e8re emp\u00eache les liquides, la poussi\u00e8re et la pluie de p\u00e9n\u00e9trer par le haut, les d\u00e9viant plut\u00f4t vers la droite et la gauche de la visi\u00e8re. Cette visi\u00e8re est compatible avec tous les mod\u00e8les Protos\u00ae Integral et peut \u00eatre fix\u00e9e sur le support de visi\u00e8re pr\u00e9mont\u00e9.<br \/>\nD\u2019autres brevets et designs nationaux et \u00e9trangers sont en cours d\u2019enregistrement pour la visi\u00e8re (y compris la protection faciale avec l\u00e8vre \u00e9lastique amortissante et \u00e9tanche).   <\/p>\n<p>Mat\u00e9riau : 50 % polyamide 50 % acier inoxydable<br \/>\nPoids : 62 g<br \/>\nOuvertures de la visi\u00e8re : 16 ouvertures\/cm\u00b2 (r\u00e9f. art. 204063 avec 39 ouvertures\/cm\u00b2)<br \/>\nNorme : EN 1731<\/p>\n","protected":false},"excerpt":{"rendered":"<p>La visi\u00e8re en m\u00e9tal grav\u00e9 G16 (grosse) pour Protos\u00ae Integral s\u2019adapte parfaitement \u00e0 la protection de la t\u00eate. Gr\u00e2ce \u00e0<\/p>\n","protected":false},"featured_media":610117,"template":"","meta":{"_seopress_robots_primary_cat":"none","_seopress_titles_title":"","_seopress_titles_desc":"","_seopress_robots_index":""},"product_brand":[3458,4381],"product_cat":[33,537,815],"product_tag":[],"class_list":{"0":"post-638631","1":"product","2":"type-product","3":"status-publish","4":"has-post-thumbnail","6":"product_brand-pfanner","7":"product_brand-protos","8":"product_cat-attrezzature","9":"product_cat-attrezzatura-da-lavoro","10":"product_cat-caschi","11":"sws-gruppo-no-gruppo-fr","12":"sws-conto-ricavi-merci-rivendita-abbigliamento-fr","13":"sws-gruppo-iva-iva81-fr","15":"first","16":"instock","17":"shipping-taxable","18":"purchasable","19":"product-type-simple"},"_links":{"self":[{"href":"https:\/\/lucacastelli.com\/fr\/wp-json\/wp\/v2\/product\/638631","targetHints":{"allow":["GET"]}}],"collection":[{"href":"https:\/\/lucacastelli.com\/fr\/wp-json\/wp\/v2\/product"}],"about":[{"href":"https:\/\/lucacastelli.com\/fr\/wp-json\/wp\/v2\/types\/product"}],"wp:featuredmedia":[{"embeddable":true,"href":"https:\/\/lucacastelli.com\/fr\/wp-json\/wp\/v2\/media\/610117"}],"wp:attachment":[{"href":"https:\/\/lucacastelli.com\/fr\/wp-json\/wp\/v2\/media?parent=638631"}],"wp:term":[{"taxonomy":"product_brand","embeddable":true,"href":"https:\/\/lucacastelli.com\/fr\/wp-json\/wp\/v2\/product_brand?post=638631"},{"taxonomy":"product_cat","embeddable":true,"href":"https:\/\/lucacastelli.com\/fr\/wp-json\/wp\/v2\/product_cat?post=638631"},{"taxonomy":"product_tag","embeddable":true,"href":"https:\/\/lucacastelli.com\/fr\/wp-json\/wp\/v2\/product_tag?post=638631"}],"curies":[{"name":"wp","href":"https:\/\/api.w.org\/{rel}","templated":true}]}}