{"id":638625,"date":"2025-08-14T19:04:24","date_gmt":"2025-08-14T17:04:24","guid":{"rendered":"https:\/\/lucacastelli.com\/prodotto\/protos-funkbugel-ohne-zapfen\/"},"modified":"2026-04-15T03:54:42","modified_gmt":"2026-04-15T01:54:42","slug":"protos-funkbugel-ohne-zapfen","status":"publish","type":"product","link":"https:\/\/lucacastelli.com\/fr\/produit\/protos-funkbugel-ohne-zapfen\/","title":{"rendered":"Protos\u00ae Funkb\u00fcgel ohne Zapfen"},"content":{"rendered":"<p>Le support radio Protos\u00ae convient \u00e0 tous les mod\u00e8les radio 3M\u00ae avec microphone int\u00e9gr\u00e9 directement dans la coquille radio.<\/p>\n<p>Mat\u00e9riau : 100 % ABS<\/p>\n","protected":false},"excerpt":{"rendered":"<p>Le support radio Protos\u00ae convient \u00e0 tous les mod\u00e8les radio 3M\u00ae avec microphone int\u00e9gr\u00e9 directement dans la coquille radio. Mat\u00e9riau<\/p>\n","protected":false},"featured_media":610083,"template":"","meta":{"_seopress_robots_primary_cat":"none","_seopress_titles_title":"","_seopress_titles_desc":"","_seopress_robots_index":""},"product_brand":[3458,4381],"product_cat":[33,537,815],"product_tag":[],"class_list":{"0":"post-638625","1":"product","2":"type-product","3":"status-publish","4":"has-post-thumbnail","6":"product_brand-pfanner","7":"product_brand-protos","8":"product_cat-attrezzature","9":"product_cat-attrezzatura-da-lavoro","10":"product_cat-caschi","11":"sws-gruppo-no-gruppo-fr","12":"sws-conto-ricavi-merci-rivendita-abbigliamento-fr","13":"sws-gruppo-iva-iva81-fr","15":"first","16":"instock","17":"shipping-taxable","18":"purchasable","19":"product-type-simple"},"_links":{"self":[{"href":"https:\/\/lucacastelli.com\/fr\/wp-json\/wp\/v2\/product\/638625","targetHints":{"allow":["GET"]}}],"collection":[{"href":"https:\/\/lucacastelli.com\/fr\/wp-json\/wp\/v2\/product"}],"about":[{"href":"https:\/\/lucacastelli.com\/fr\/wp-json\/wp\/v2\/types\/product"}],"wp:featuredmedia":[{"embeddable":true,"href":"https:\/\/lucacastelli.com\/fr\/wp-json\/wp\/v2\/media\/610083"}],"wp:attachment":[{"href":"https:\/\/lucacastelli.com\/fr\/wp-json\/wp\/v2\/media?parent=638625"}],"wp:term":[{"taxonomy":"product_brand","embeddable":true,"href":"https:\/\/lucacastelli.com\/fr\/wp-json\/wp\/v2\/product_brand?post=638625"},{"taxonomy":"product_cat","embeddable":true,"href":"https:\/\/lucacastelli.com\/fr\/wp-json\/wp\/v2\/product_cat?post=638625"},{"taxonomy":"product_tag","embeddable":true,"href":"https:\/\/lucacastelli.com\/fr\/wp-json\/wp\/v2\/product_tag?post=638625"}],"curies":[{"name":"wp","href":"https:\/\/api.w.org\/{rel}","templated":true}]}}