{"id":638612,"date":"2025-08-10T18:24:05","date_gmt":"2025-08-10T16:24:05","guid":{"rendered":"https:\/\/lucacastelli.com\/prodotto\/sac-a-roulettes-milwaukee-fuel-taille-xl-pochette\/"},"modified":"2025-08-10T18:24:05","modified_gmt":"2025-08-10T16:24:05","slug":"sac-a-roulettes-milwaukee-fuel-taille-xl-pochette","status":"publish","type":"product","link":"https:\/\/lucacastelli.com\/fr\/produit\/sac-a-roulettes-milwaukee-fuel-taille-xl-pochette\/","title":{"rendered":"SAC \u00c0 ROULETTES MILWAUKEE FUEL TAILLE XL POCHETTE"},"content":{"rendered":"<p>SAC \u00c0 ROULETTES FUEL TAILLE XL POCHETTE<br \/>\nMat\u00e9riau 600 deniers durable et hydrofuge ; roues, bandouli\u00e8re ou deux poign\u00e9es pour un transport facile ; fermeture \u00e9clair robuste ; id\u00e9al pour ranger outils et accessoires<\/p>\n<p>4933459429<br \/>\n4058546010904.<\/p>\n","protected":false},"excerpt":{"rendered":"<p>POCHETTE POUR SAC \u00c0 ROULETTES FUEL TAILLE XL<\/p>\n","protected":false},"featured_media":0,"template":"","meta":{"_seopress_robots_primary_cat":"","_seopress_titles_title":"","_seopress_titles_desc":"","_seopress_robots_index":""},"product_brand":[],"product_cat":[21],"product_tag":[],"class_list":{"0":"post-638612","1":"product","2":"type-product","3":"status-publish","5":"product_cat-abbigliamento","7":"first","8":"instock","9":"shipping-taxable","10":"product-type-simple"},"_links":{"self":[{"href":"https:\/\/lucacastelli.com\/fr\/wp-json\/wp\/v2\/product\/638612","targetHints":{"allow":["GET"]}}],"collection":[{"href":"https:\/\/lucacastelli.com\/fr\/wp-json\/wp\/v2\/product"}],"about":[{"href":"https:\/\/lucacastelli.com\/fr\/wp-json\/wp\/v2\/types\/product"}],"wp:attachment":[{"href":"https:\/\/lucacastelli.com\/fr\/wp-json\/wp\/v2\/media?parent=638612"}],"wp:term":[{"taxonomy":"product_brand","embeddable":true,"href":"https:\/\/lucacastelli.com\/fr\/wp-json\/wp\/v2\/product_brand?post=638612"},{"taxonomy":"product_cat","embeddable":true,"href":"https:\/\/lucacastelli.com\/fr\/wp-json\/wp\/v2\/product_cat?post=638612"},{"taxonomy":"product_tag","embeddable":true,"href":"https:\/\/lucacastelli.com\/fr\/wp-json\/wp\/v2\/product_tag?post=638612"}],"curies":[{"name":"wp","href":"https:\/\/api.w.org\/{rel}","templated":true}]}}