{"id":638609,"date":"2025-08-10T15:12:20","date_gmt":"2025-08-10T13:12:20","guid":{"rendered":"https:\/\/lucacastelli.com\/prodotto\/disque-diamant-milwaukee-hudd-materiaux-durs\/"},"modified":"2025-08-10T15:12:20","modified_gmt":"2025-08-10T13:12:20","slug":"disque-diamant-milwaukee-hudd-materiaux-durs","status":"publish","type":"product","link":"https:\/\/lucacastelli.com\/fr\/produit\/disque-diamant-milwaukee-hudd-materiaux-durs\/","title":{"rendered":"Disque diamant Milwaukee HUDD &#8211; MAT\u00c9RIAUX DURS"},"content":{"rendered":"<p>DISQUE DIAMANT SPEEDCROSS HUDD 300MM<br \/>\nLes disques HUDD sont particuli\u00e8rement adapt\u00e9s aux mat\u00e9riaux de construction durs et moyennement durs ; plus le mat\u00e9riau est r\u00e9sistant, plus les performances sont \u00e9lev\u00e9es.;Lame universelle pour une grande vari\u00e9t\u00e9 de mat\u00e9riaux.;Distinction en deux cat\u00e9gories pour une durabilit\u00e9 maximale.;Hauteur de 10 mm pour une durabilit\u00e9 suppl\u00e9mentaire. La forte concentration de diamants combin\u00e9e \u00e0 la g\u00e9om\u00e9trie sp\u00e9ciale de la lame assure des performances de coupe sup\u00e9rieures. Les segments soud\u00e9s au laser garantissent une qualit\u00e9 professionnelle.;Segments soud\u00e9s au laser.;Faibles vibrations. La pr\u00e9-tension de la lame \u00e9limine les oscillations et r\u00e9duit consid\u00e9rablement les vibrations.;Domaine d&#8217;application. Les lames diamant\u00e9es Speedcross sont con\u00e7ues pour tous les professionnels de la construction qui exigent les meilleures performances, m\u00eame pour les travaux les plus exigeants.;Les lames HUDD sont particuli\u00e8rement adapt\u00e9es aux mat\u00e9riaux de construction durs et moyennement durs ; plus le mat\u00e9riau est r\u00e9sistant, plus les performances sont \u00e9lev\u00e9es.;Les lames AUDD sont pr\u00e9f\u00e9rables avec les mat\u00e9riaux moyens, tendres et abrasifs.<\/p>\n<p>4932493298<br \/>\n4058546481698<\/p>\n","protected":false},"excerpt":{"rendered":"<p>DISQUE DIAMANT SPEEDCROSS HUDD 300MM<\/p>\n","protected":false},"featured_media":0,"template":"","meta":{"_seopress_robots_primary_cat":"","_seopress_titles_title":"","_seopress_titles_desc":"","_seopress_robots_index":""},"product_brand":[],"product_cat":[21],"product_tag":[],"class_list":{"0":"post-638609","1":"product","2":"type-product","3":"status-publish","5":"product_cat-abbigliamento","7":"first","8":"instock","9":"shipping-taxable","10":"product-type-simple"},"_links":{"self":[{"href":"https:\/\/lucacastelli.com\/fr\/wp-json\/wp\/v2\/product\/638609","targetHints":{"allow":["GET"]}}],"collection":[{"href":"https:\/\/lucacastelli.com\/fr\/wp-json\/wp\/v2\/product"}],"about":[{"href":"https:\/\/lucacastelli.com\/fr\/wp-json\/wp\/v2\/types\/product"}],"wp:attachment":[{"href":"https:\/\/lucacastelli.com\/fr\/wp-json\/wp\/v2\/media?parent=638609"}],"wp:term":[{"taxonomy":"product_brand","embeddable":true,"href":"https:\/\/lucacastelli.com\/fr\/wp-json\/wp\/v2\/product_brand?post=638609"},{"taxonomy":"product_cat","embeddable":true,"href":"https:\/\/lucacastelli.com\/fr\/wp-json\/wp\/v2\/product_cat?post=638609"},{"taxonomy":"product_tag","embeddable":true,"href":"https:\/\/lucacastelli.com\/fr\/wp-json\/wp\/v2\/product_tag?post=638609"}],"curies":[{"name":"wp","href":"https:\/\/api.w.org\/{rel}","templated":true}]}}