{"id":638606,"date":"2025-08-10T18:24:55","date_gmt":"2025-08-10T16:24:55","guid":{"rendered":"https:\/\/lucacastelli.com\/prodotto\/tournevis-isoles-milwaukee-1000v\/"},"modified":"2025-08-10T18:24:55","modified_gmt":"2025-08-10T16:24:55","slug":"tournevis-isoles-milwaukee-1000v","status":"publish","type":"product","link":"https:\/\/lucacastelli.com\/fr\/produit\/tournevis-isoles-milwaukee-1000v\/","title":{"rendered":"Tournevis isol\u00e9s Milwaukee 1000V"},"content":{"rendered":"<p>Tournevis VDE Tri-Lobe 1,0X5,5X125<br \/>\nTest\u00e9 jusqu&#8217;\u00e0 10 000V et garanti jusqu&#8217;\u00e0 1 000V;Diam\u00e8tre fin pour l&#8217;acc\u00e8s aux applications dans les espaces restreints;Poign\u00e9e confortable \u00e0 trois faces optimis\u00e9e pour un confort maximal et des applications \u00e0 couple \u00e9lev\u00e9;Gravure laser sur le dessus pour une identification rapide du mod\u00e8le;Conception anti-roulement \u00e0 trois faces pour une meilleure transmission de la puissance;Trou pour attacher le tournevis aux liens de s\u00e9curit\u00e9<\/p>\n<p>4932478716<br \/>\n4058546349097<\/p>\n","protected":false},"excerpt":{"rendered":"<p>Tournevis VDE \u00e0 trois lobes 1.0X5.5X125<\/p>\n","protected":false},"featured_media":0,"template":"","meta":{"_seopress_robots_primary_cat":"","_seopress_titles_title":"","_seopress_titles_desc":"","_seopress_robots_index":""},"product_brand":[],"product_cat":[21],"product_tag":[],"class_list":{"0":"post-638606","1":"product","2":"type-product","3":"status-publish","5":"product_cat-abbigliamento","7":"first","8":"instock","9":"shipping-taxable","10":"product-type-simple"},"_links":{"self":[{"href":"https:\/\/lucacastelli.com\/fr\/wp-json\/wp\/v2\/product\/638606","targetHints":{"allow":["GET"]}}],"collection":[{"href":"https:\/\/lucacastelli.com\/fr\/wp-json\/wp\/v2\/product"}],"about":[{"href":"https:\/\/lucacastelli.com\/fr\/wp-json\/wp\/v2\/types\/product"}],"wp:attachment":[{"href":"https:\/\/lucacastelli.com\/fr\/wp-json\/wp\/v2\/media?parent=638606"}],"wp:term":[{"taxonomy":"product_brand","embeddable":true,"href":"https:\/\/lucacastelli.com\/fr\/wp-json\/wp\/v2\/product_brand?post=638606"},{"taxonomy":"product_cat","embeddable":true,"href":"https:\/\/lucacastelli.com\/fr\/wp-json\/wp\/v2\/product_cat?post=638606"},{"taxonomy":"product_tag","embeddable":true,"href":"https:\/\/lucacastelli.com\/fr\/wp-json\/wp\/v2\/product_tag?post=638606"}],"curies":[{"name":"wp","href":"https:\/\/api.w.org\/{rel}","templated":true}]}}