{"id":638604,"date":"2025-08-10T12:40:51","date_gmt":"2025-08-10T10:40:51","guid":{"rendered":"https:\/\/lucacastelli.com\/prodotto\/reservoir-deau-milwaukee-pour-plaque-vibrante-mx-fuel\/"},"modified":"2025-08-10T12:40:51","modified_gmt":"2025-08-10T10:40:51","slug":"reservoir-deau-milwaukee-pour-plaque-vibrante-mx-fuel","status":"publish","type":"product","link":"https:\/\/lucacastelli.com\/fr\/produit\/reservoir-deau-milwaukee-pour-plaque-vibrante-mx-fuel\/","title":{"rendered":"R\u00e9servoir d&#8217;eau Milwaukee pour plaque vibrante MX FUEL"},"content":{"rendered":"<p>R\u00e9servoir d&#8217;eau pour plaque vibrante MXF<br \/>\nR\u00e9servoir d&#8217;eau de 13 litres avec raccord rapide;R\u00e9gulateur de d\u00e9bit ajustable pour un contr\u00f4le facile et un d\u00e9bit d&#8217;eau optimal;\u00c0 utiliser avec la plaque vibrante MX FUEL (MXF PC50)<\/p>\n<p>4932498924 4058546527938<\/p>\n","protected":false},"excerpt":{"rendered":"<p>R\u00e9servoir d&#8217;eau pour plaque vibrante MXF<\/p>\n","protected":false},"featured_media":0,"template":"","meta":{"_seopress_robots_primary_cat":"","_seopress_titles_title":"","_seopress_titles_desc":"","_seopress_robots_index":""},"product_brand":[],"product_cat":[21],"product_tag":[],"class_list":{"0":"post-638604","1":"product","2":"type-product","3":"status-publish","5":"product_cat-abbigliamento","7":"first","8":"instock","9":"shipping-taxable","10":"product-type-simple"},"_links":{"self":[{"href":"https:\/\/lucacastelli.com\/fr\/wp-json\/wp\/v2\/product\/638604","targetHints":{"allow":["GET"]}}],"collection":[{"href":"https:\/\/lucacastelli.com\/fr\/wp-json\/wp\/v2\/product"}],"about":[{"href":"https:\/\/lucacastelli.com\/fr\/wp-json\/wp\/v2\/types\/product"}],"wp:attachment":[{"href":"https:\/\/lucacastelli.com\/fr\/wp-json\/wp\/v2\/media?parent=638604"}],"wp:term":[{"taxonomy":"product_brand","embeddable":true,"href":"https:\/\/lucacastelli.com\/fr\/wp-json\/wp\/v2\/product_brand?post=638604"},{"taxonomy":"product_cat","embeddable":true,"href":"https:\/\/lucacastelli.com\/fr\/wp-json\/wp\/v2\/product_cat?post=638604"},{"taxonomy":"product_tag","embeddable":true,"href":"https:\/\/lucacastelli.com\/fr\/wp-json\/wp\/v2\/product_tag?post=638604"}],"curies":[{"name":"wp","href":"https:\/\/api.w.org\/{rel}","templated":true}]}}