{"id":638603,"date":"2025-08-10T15:12:18","date_gmt":"2025-08-10T13:12:18","guid":{"rendered":"https:\/\/lucacastelli.com\/prodotto\/milwaukee-disque-diamant-duh-materiaux-durum\/"},"modified":"2025-08-10T15:12:18","modified_gmt":"2025-08-10T13:12:18","slug":"milwaukee-disque-diamant-duh-materiaux-durum","status":"publish","type":"product","link":"https:\/\/lucacastelli.com\/fr\/produit\/milwaukee-disque-diamant-duh-materiaux-durum\/","title":{"rendered":"MILWAUKEE Disque Diamant DUH &#8211; MAT\u00c9RIAUX DURUM"},"content":{"rendered":"<p>DISQUE DIAM DUH 400MM<br \/>\nDisque diamant de haute qualit\u00e9 offrant d&#8217;excellentes performances pour les applications sur des mat\u00e9riaux particuli\u00e8rement durs. Applications : id\u00e9al pour les mat\u00e9riaux durs, y compris le b\u00e9ton arm\u00e9.  <\/p>\n<p>4932492146<br \/>\n4058546415136<\/p>\n","protected":false},"excerpt":{"rendered":"<p>DISQUE DIAM DUH 400MM<\/p>\n","protected":false},"featured_media":0,"template":"","meta":{"_seopress_robots_primary_cat":"","_seopress_titles_title":"","_seopress_titles_desc":"","_seopress_robots_index":""},"product_brand":[],"product_cat":[81],"product_tag":[],"class_list":{"0":"post-638603","1":"product","2":"type-product","3":"status-publish","5":"product_cat-vetements","7":"first","8":"instock","9":"shipping-taxable","10":"product-type-simple"},"_links":{"self":[{"href":"https:\/\/lucacastelli.com\/fr\/wp-json\/wp\/v2\/product\/638603","targetHints":{"allow":["GET"]}}],"collection":[{"href":"https:\/\/lucacastelli.com\/fr\/wp-json\/wp\/v2\/product"}],"about":[{"href":"https:\/\/lucacastelli.com\/fr\/wp-json\/wp\/v2\/types\/product"}],"wp:attachment":[{"href":"https:\/\/lucacastelli.com\/fr\/wp-json\/wp\/v2\/media?parent=638603"}],"wp:term":[{"taxonomy":"product_brand","embeddable":true,"href":"https:\/\/lucacastelli.com\/fr\/wp-json\/wp\/v2\/product_brand?post=638603"},{"taxonomy":"product_cat","embeddable":true,"href":"https:\/\/lucacastelli.com\/fr\/wp-json\/wp\/v2\/product_cat?post=638603"},{"taxonomy":"product_tag","embeddable":true,"href":"https:\/\/lucacastelli.com\/fr\/wp-json\/wp\/v2\/product_tag?post=638603"}],"curies":[{"name":"wp","href":"https:\/\/api.w.org\/{rel}","templated":true}]}}