{"id":638600,"date":"2025-08-10T14:28:27","date_gmt":"2025-08-10T12:28:27","guid":{"rendered":"https:\/\/lucacastelli.com\/prodotto\/milwaukee-350-x-254-mm-epaisseur-de-coupe-26-mm-hauteur-du-segment-10-mm-recommande-pour-beton-et-maconnerie\/"},"modified":"2025-08-10T14:28:27","modified_gmt":"2025-08-10T12:28:27","slug":"milwaukee-350-x-254-mm-epaisseur-de-coupe-26-mm-hauteur-du-segment-10-mm-recommande-pour-beton-et-maconnerie","status":"publish","type":"product","link":"https:\/\/lucacastelli.com\/fr\/produit\/milwaukee-350-x-254-mm-epaisseur-de-coupe-26-mm-hauteur-du-segment-10-mm-recommande-pour-beton-et-maconnerie\/","title":{"rendered":"MILWAUKEE 350 x 25,4 mm \u00c9paisseur de coupe 2,6 mm, hauteur du segment 10 mm recommand\u00e9 pour b\u00e9ton et ma\u00e7onnerie."},"content":{"rendered":"<p>DISQUE DIAMANT SPEEDCROSS AUDD 350MM -1pc<br \/>\nLe disque diamant\u00e9 AUDD est indiqu\u00e9 pour les mat\u00e9riaux durs et abrasifs, sa meilleure performance est atteinte lors de l&#8217;utilisation sur b\u00e9ton standard<\/p>\n<p>4932471987<br \/>\n4002396298869<\/p>\n","protected":false},"excerpt":{"rendered":"<p>DISQUE DIAMANT SPEEDCROSS AUDD 350MM -1pc<\/p>\n","protected":false},"featured_media":538684,"template":"","meta":{"_seopress_robots_primary_cat":"","_seopress_titles_title":"","_seopress_titles_desc":"","_seopress_robots_index":""},"product_brand":[3407],"product_cat":[29,495,496],"product_tag":[3270],"class_list":{"0":"post-638600","1":"product","2":"type-product","3":"status-publish","4":"has-post-thumbnail","6":"product_brand-milwaukee","7":"product_cat-macchinari","8":"product_cat-troncatrici-e-mototroncatrici","9":"product_cat-troncatrici","10":"product_tag-import-milwau","11":"sws-conto-ricavi-merci-rivendita-macchinari-fr","12":"sws-gruppo-iva-iva81-fr","14":"first","15":"onbackorder","16":"sale","17":"shipping-taxable","18":"purchasable","19":"product-type-simple"},"_links":{"self":[{"href":"https:\/\/lucacastelli.com\/fr\/wp-json\/wp\/v2\/product\/638600","targetHints":{"allow":["GET"]}}],"collection":[{"href":"https:\/\/lucacastelli.com\/fr\/wp-json\/wp\/v2\/product"}],"about":[{"href":"https:\/\/lucacastelli.com\/fr\/wp-json\/wp\/v2\/types\/product"}],"wp:featuredmedia":[{"embeddable":true,"href":"https:\/\/lucacastelli.com\/fr\/wp-json\/wp\/v2\/media\/538684"}],"wp:attachment":[{"href":"https:\/\/lucacastelli.com\/fr\/wp-json\/wp\/v2\/media?parent=638600"}],"wp:term":[{"taxonomy":"product_brand","embeddable":true,"href":"https:\/\/lucacastelli.com\/fr\/wp-json\/wp\/v2\/product_brand?post=638600"},{"taxonomy":"product_cat","embeddable":true,"href":"https:\/\/lucacastelli.com\/fr\/wp-json\/wp\/v2\/product_cat?post=638600"},{"taxonomy":"product_tag","embeddable":true,"href":"https:\/\/lucacastelli.com\/fr\/wp-json\/wp\/v2\/product_tag?post=638600"}],"curies":[{"name":"wp","href":"https:\/\/api.w.org\/{rel}","templated":true}]}}