{"id":638599,"date":"2025-08-10T13:01:41","date_gmt":"2025-08-10T11:01:41","guid":{"rendered":"https:\/\/lucacastelli.com\/prodotto\/milwaukee-collecteur-deau-pour-les-operations-de-forage-humide-a-utiliser-avec-des-couronnes-jusqua-o-152-mm-usage-universel-avec-des-outils-de-forage-diamantes-convient-uniquement-pour-le-caro\/"},"modified":"2025-08-10T13:01:41","modified_gmt":"2025-08-10T11:01:41","slug":"milwaukee-collecteur-deau-pour-les-operations-de-forage-humide-a-utiliser-avec-des-couronnes-jusqua-o-152-mm-usage-universel-avec-des-outils-de-forage-diamantes-convient-uniquement-pour-le-caro","status":"publish","type":"product","link":"https:\/\/lucacastelli.com\/fr\/produit\/milwaukee-collecteur-deau-pour-les-operations-de-forage-humide-a-utiliser-avec-des-couronnes-jusqua-o-152-mm-usage-universel-avec-des-outils-de-forage-diamantes-convient-uniquement-pour-le-caro\/","title":{"rendered":"MILWAUKEE Collecteur d&#8217;eau pour les op\u00e9rations de forage humide, \u00e0 utiliser avec des couronnes jusqu&#8217;\u00e0 \u00d8 152 mm. Usage universel avec des outils de forage diamant\u00e9s. Convient uniquement pour le carottage au sol et au mur."},"content":{"rendered":"<p>COLL. R\u00c9CUP\u00c9RATEUR D&#8217;EAU DD3 152<br \/>\nAnneau de r\u00e9cup\u00e9ration d&#8217;eau pour une utilisation universelle avec des carotteuses diamant\u00e9es, adapt\u00e9 aux forets diamant\u00e9s jusqu&#8217;\u00e0 un diam\u00e8tre max. de 152 mm<\/p>\n<p>4932478073<br \/>\n4058546340063<\/p>\n","protected":false},"excerpt":{"rendered":"<p>COLL. R\u00c9CUP\u00c9RATEUR D&#8217;EAU DD3 152<\/p>\n","protected":false},"featured_media":539869,"template":"","meta":{"_seopress_robots_primary_cat":"","_seopress_titles_title":"","_seopress_titles_desc":"","_seopress_robots_index":""},"product_brand":[3407],"product_cat":[5531,29],"product_tag":[3270],"class_list":{"0":"post-638599","1":"product","2":"type-product","3":"status-publish","4":"has-post-thumbnail","6":"product_brand-milwaukee","7":"product_cat-vari-macchinari-milwaukee","8":"product_cat-macchinari","9":"product_tag-import-milwau","10":"sws-conto-ricavi-merci-rivendita-macchinari-fr","11":"sws-gruppo-iva-iva81-fr","13":"first","14":"onbackorder","15":"sale","16":"shipping-taxable","17":"purchasable","18":"product-type-simple"},"_links":{"self":[{"href":"https:\/\/lucacastelli.com\/fr\/wp-json\/wp\/v2\/product\/638599","targetHints":{"allow":["GET"]}}],"collection":[{"href":"https:\/\/lucacastelli.com\/fr\/wp-json\/wp\/v2\/product"}],"about":[{"href":"https:\/\/lucacastelli.com\/fr\/wp-json\/wp\/v2\/types\/product"}],"wp:featuredmedia":[{"embeddable":true,"href":"https:\/\/lucacastelli.com\/fr\/wp-json\/wp\/v2\/media\/539869"}],"wp:attachment":[{"href":"https:\/\/lucacastelli.com\/fr\/wp-json\/wp\/v2\/media?parent=638599"}],"wp:term":[{"taxonomy":"product_brand","embeddable":true,"href":"https:\/\/lucacastelli.com\/fr\/wp-json\/wp\/v2\/product_brand?post=638599"},{"taxonomy":"product_cat","embeddable":true,"href":"https:\/\/lucacastelli.com\/fr\/wp-json\/wp\/v2\/product_cat?post=638599"},{"taxonomy":"product_tag","embeddable":true,"href":"https:\/\/lucacastelli.com\/fr\/wp-json\/wp\/v2\/product_tag?post=638599"}],"curies":[{"name":"wp","href":"https:\/\/api.w.org\/{rel}","templated":true}]}}