{"id":638585,"date":"2025-08-09T20:02:16","date_gmt":"2025-08-09T18:02:16","guid":{"rendered":"https:\/\/lucacastelli.com\/prodotto\/milwaukee-marteau-en-hickory-de-type-allemand-3\/"},"modified":"2025-08-09T20:02:16","modified_gmt":"2025-08-09T18:02:16","slug":"milwaukee-marteau-en-hickory-de-type-allemand-3","status":"publish","type":"product","link":"https:\/\/lucacastelli.com\/fr\/produit\/milwaukee-marteau-en-hickory-de-type-allemand-3\/","title":{"rendered":"Milwaukee Marteau en hickory de type allemand"},"content":{"rendered":"<p>MARTEAU DE TYPE ALLEMAND EN HICKORY 300g<br \/>\nLe manche en noyer offre une plus grande r\u00e9sistance aux vibrations;T\u00eate renforc\u00e9e pour une plus grande durabilit\u00e9;Equilibre parfait;DIN 1041<\/p>\n<p>4932478667<br \/>\n4058546348601<\/p>\n","protected":false},"excerpt":{"rendered":"<p>MARTEAU DE HICKORY DE TYPE ALLEMAND 300g<\/p>\n","protected":false},"featured_media":600387,"template":"","meta":{"_seopress_robots_primary_cat":"","_seopress_titles_title":"","_seopress_titles_desc":"","_seopress_robots_index":""},"product_brand":[3407],"product_cat":[5416,33],"product_tag":[3270],"class_list":{"0":"post-638585","1":"product","2":"type-product","3":"status-publish","4":"has-post-thumbnail","6":"product_brand-milwaukee","7":"product_cat-utensili-per-officina","8":"product_cat-attrezzature","9":"product_tag-import-milwau","10":"sws-conto-ricavi-merci-rivendita-macchinari-fr","11":"sws-gruppo-iva-iva81-fr","13":"first","14":"onbackorder","15":"sale","16":"shipping-taxable","17":"purchasable","18":"product-type-simple"},"_links":{"self":[{"href":"https:\/\/lucacastelli.com\/fr\/wp-json\/wp\/v2\/product\/638585","targetHints":{"allow":["GET"]}}],"collection":[{"href":"https:\/\/lucacastelli.com\/fr\/wp-json\/wp\/v2\/product"}],"about":[{"href":"https:\/\/lucacastelli.com\/fr\/wp-json\/wp\/v2\/types\/product"}],"wp:featuredmedia":[{"embeddable":true,"href":"https:\/\/lucacastelli.com\/fr\/wp-json\/wp\/v2\/media\/600387"}],"wp:attachment":[{"href":"https:\/\/lucacastelli.com\/fr\/wp-json\/wp\/v2\/media?parent=638585"}],"wp:term":[{"taxonomy":"product_brand","embeddable":true,"href":"https:\/\/lucacastelli.com\/fr\/wp-json\/wp\/v2\/product_brand?post=638585"},{"taxonomy":"product_cat","embeddable":true,"href":"https:\/\/lucacastelli.com\/fr\/wp-json\/wp\/v2\/product_cat?post=638585"},{"taxonomy":"product_tag","embeddable":true,"href":"https:\/\/lucacastelli.com\/fr\/wp-json\/wp\/v2\/product_tag?post=638585"}],"curies":[{"name":"wp","href":"https:\/\/api.w.org\/{rel}","templated":true}]}}