{"id":638578,"date":"2025-08-09T20:02:13","date_gmt":"2025-08-09T18:02:13","guid":{"rendered":"https:\/\/lucacastelli.com\/prodotto\/milwaukee-marteau-en-hickory-de-type-allemand\/"},"modified":"2025-08-09T20:02:13","modified_gmt":"2025-08-09T18:02:13","slug":"milwaukee-marteau-en-hickory-de-type-allemand","status":"publish","type":"product","link":"https:\/\/lucacastelli.com\/fr\/produit\/milwaukee-marteau-en-hickory-de-type-allemand\/","title":{"rendered":"Milwaukee Marteau en hickory de type allemand"},"content":{"rendered":"<p>MARTEAU DE TYPE ALLEMAND EN HICKORY 200g<br \/>\nLe manche en noyer offre une plus grande r\u00e9sistance aux vibrations;T\u00eate renforc\u00e9e pour une plus grande durabilit\u00e9;Equilibre parfait;DIN 1041<\/p>\n<p>4932478666<br \/>\n4058546348595<\/p>\n","protected":false},"excerpt":{"rendered":"<p>MARTEAU DE HICKORY DE TYPE ALLEMAND 200g<\/p>\n","protected":false},"featured_media":541588,"template":"","meta":{"_seopress_robots_primary_cat":"","_seopress_titles_title":"","_seopress_titles_desc":"","_seopress_robots_index":""},"product_brand":[3658],"product_cat":[144,5417],"product_tag":[3273],"class_list":{"0":"post-638578","1":"product","2":"type-product","3":"status-publish","4":"has-post-thumbnail","6":"product_brand-milwaukee-fr","7":"product_cat-equipement","8":"product_cat-outils-pour-atelier","9":"product_tag-import-milwau-fr","10":"sws-conto-ricavi-merci-rivendita-macchinari-fr","11":"sws-gruppo-iva-iva81-fr","13":"first","14":"onbackorder","15":"sale","16":"shipping-taxable","17":"purchasable","18":"product-type-simple"},"_links":{"self":[{"href":"https:\/\/lucacastelli.com\/fr\/wp-json\/wp\/v2\/product\/638578","targetHints":{"allow":["GET"]}}],"collection":[{"href":"https:\/\/lucacastelli.com\/fr\/wp-json\/wp\/v2\/product"}],"about":[{"href":"https:\/\/lucacastelli.com\/fr\/wp-json\/wp\/v2\/types\/product"}],"wp:featuredmedia":[{"embeddable":true,"href":"https:\/\/lucacastelli.com\/fr\/wp-json\/wp\/v2\/media\/541588"}],"wp:attachment":[{"href":"https:\/\/lucacastelli.com\/fr\/wp-json\/wp\/v2\/media?parent=638578"}],"wp:term":[{"taxonomy":"product_brand","embeddable":true,"href":"https:\/\/lucacastelli.com\/fr\/wp-json\/wp\/v2\/product_brand?post=638578"},{"taxonomy":"product_cat","embeddable":true,"href":"https:\/\/lucacastelli.com\/fr\/wp-json\/wp\/v2\/product_cat?post=638578"},{"taxonomy":"product_tag","embeddable":true,"href":"https:\/\/lucacastelli.com\/fr\/wp-json\/wp\/v2\/product_tag?post=638578"}],"curies":[{"name":"wp","href":"https:\/\/api.w.org\/{rel}","templated":true}]}}