{"id":638569,"date":"2025-08-09T19:52:39","date_gmt":"2025-08-09T17:52:39","guid":{"rendered":"https:\/\/lucacastelli.com\/prodotto\/milwaukee-ne-se-presente-pas\/"},"modified":"2025-08-09T19:52:39","modified_gmt":"2025-08-09T17:52:39","slug":"milwaukee-ne-se-presente-pas","status":"publish","type":"product","link":"https:\/\/lucacastelli.com\/fr\/produit\/milwaukee-ne-se-presente-pas\/","title":{"rendered":"MILWAUKEE NE SE PR\u00c9SENTE PAS"},"content":{"rendered":"<p>TOOLGUARD Filled 30in\/78CM SRC STD<br \/>\nTiroirs \u00e0 fermeture amortie avec capacit\u00e9 de charge de 45 kg. Tiroir du bas avec capacit\u00e9 de charge de 90 kg;La serrure individuelle des tiroirs emp\u00eache toute ouverture involontaire;Roues de 125 mm (2 fixes, 2 pivotantes avec frein de stationnement);5 tiroirs avec les outils les plus importants pour les travaux d&#8217;entretien courants ;Jeu de 119 pi\u00e8ces de douilles et de cliquets 1\/4 de pouce, 3\/8 de pouce et 1\/2 de pouce avec insert en mousse souple, jeu de 27 pi\u00e8ces de cl\u00e9s mixtes MAXBITE avec insert en mousse souple, jeu de 4 pi\u00e8ces de pinces avec insert en mousse souple, jeu de 5 pi\u00e8ces de cl\u00e9s mixtes \u00e0 cliquet MAXBITE avec insert en mousse souple. Jeu de cl\u00e9s doubles ouvertes de 10 pi\u00e8ces avec insert en mousse souple, jeu de tournevis Trilobe de 23 pi\u00e8ces avec insert en mousse, jeu de pinces \u00e0 circlips de 3 pi\u00e8ces avec insert en mousse, jeu de marteaux de 2 pi\u00e8ces avec insert en mousse, jeu de coupe et de mesure de 3 pi\u00e8ces avec insert en mousse, chariot d&#8217;atelier TOOLGUARD\u2122 de 30 pouces. <\/p>\n<p>4932498185<br \/>\n4058546520540<\/p>\n","protected":false},"excerpt":{"rendered":"<p>TOOLGUARD Rempli 30in\/78CM SRC STD<\/p>\n","protected":false},"featured_media":566521,"template":"","meta":{"_seopress_robots_primary_cat":"","_seopress_titles_title":"","_seopress_titles_desc":"","_seopress_robots_index":""},"product_brand":[3407],"product_cat":[5416,33],"product_tag":[3270],"class_list":{"0":"post-638569","1":"product","2":"type-product","3":"status-publish","4":"has-post-thumbnail","6":"product_brand-milwaukee","7":"product_cat-utensili-per-officina","8":"product_cat-attrezzature","9":"product_tag-import-milwau","10":"sws-conto-ricavi-merci-rivendita-macchinari-fr","11":"sws-gruppo-iva-iva81-fr","13":"first","14":"onbackorder","15":"sale","16":"shipping-taxable","17":"purchasable","18":"product-type-simple"},"_links":{"self":[{"href":"https:\/\/lucacastelli.com\/fr\/wp-json\/wp\/v2\/product\/638569","targetHints":{"allow":["GET"]}}],"collection":[{"href":"https:\/\/lucacastelli.com\/fr\/wp-json\/wp\/v2\/product"}],"about":[{"href":"https:\/\/lucacastelli.com\/fr\/wp-json\/wp\/v2\/types\/product"}],"wp:featuredmedia":[{"embeddable":true,"href":"https:\/\/lucacastelli.com\/fr\/wp-json\/wp\/v2\/media\/566521"}],"wp:attachment":[{"href":"https:\/\/lucacastelli.com\/fr\/wp-json\/wp\/v2\/media?parent=638569"}],"wp:term":[{"taxonomy":"product_brand","embeddable":true,"href":"https:\/\/lucacastelli.com\/fr\/wp-json\/wp\/v2\/product_brand?post=638569"},{"taxonomy":"product_cat","embeddable":true,"href":"https:\/\/lucacastelli.com\/fr\/wp-json\/wp\/v2\/product_cat?post=638569"},{"taxonomy":"product_tag","embeddable":true,"href":"https:\/\/lucacastelli.com\/fr\/wp-json\/wp\/v2\/product_tag?post=638569"}],"curies":[{"name":"wp","href":"https:\/\/api.w.org\/{rel}","templated":true}]}}