{"id":638506,"date":"2025-10-02T16:05:40","date_gmt":"2025-10-02T14:05:40","guid":{"rendered":"https:\/\/lucacastelli.com\/prodotto\/ortovox-swisswool-piz-boe-jacket\/"},"modified":"2026-04-01T01:51:42","modified_gmt":"2026-03-31T23:51:42","slug":"ortovox-swisswool-piz-boe-jacket","status":"publish","type":"product","link":"https:\/\/lucacastelli.com\/fr\/produit\/ortovox-swisswool-piz-boe-jacket\/","title":{"rendered":"ORTOVOX SWISSWOOL PIZ BO\u00c8 JACKET"},"content":{"rendered":"<h3>Veste isolante l\u00e9g\u00e8re et respirante avec Swisswool pour le ski de randonn\u00e9e<\/h3>\n<p>&nbsp;<\/p>\n<p>Des couloirs des Dolomites aux pentes inexplor\u00e9es de l&#8217;Arlberg : concentration maximale en montagne avec la SWISSWOOL PIZ BO\u00c8 JACKET, pour les skieurs de randonn\u00e9e les plus exigeants.<\/p>\n<p>Gr\u00e2ce au garnissage en Swisswool de 60 g\/m\u00b2 qui r\u00e9gule l&#8217;humidit\u00e9, cette veste se caract\u00e9rise par un rapport poids-isolation id\u00e9al lors des journ\u00e9es froides en montagne. Le mat\u00e9riau ext\u00e9rieur robuste PERTEX\u00ae QUANTUM garantit une protection fiable contre le vent et l&#8217;humidit\u00e9. Les empi\u00e8cements \u00e9lastiques MERINO AIRSOLATION Stretch sous les bras et dans le dos sont hautement respirants et offrent une libert\u00e9 de mouvement maximale sur les terrains exigeants en vue du sommet.  <\/p>\n<p>Les nombreuses caract\u00e9ristiques sont con\u00e7ues pour l&#8217;usage en environnement alpin. Les poches poitrine, positionn\u00e9es strat\u00e9giquement, sont facilement accessibles m\u00eame avec le sac \u00e0 dos ou le baudrier. La capuche pr\u00e9r\u00e9gl\u00e9e avec fermeture softshell et les poignets et ourlets \u00e9lastiqu\u00e9s vous prot\u00e8gent du vent et du froid sur les cr\u00eates glac\u00e9es. La coupe athl\u00e9tique et le nouveau matelassage triangulaire perfectionnent le design innovant de la SWISSWOOL PIZ BO\u00c8 JACKET.   <\/p>\n<p>&nbsp;<\/p>\n<div id=\"pds__accordion-features-heading\" class=\"mb-4 mb-md-35\">\n<h3 class=\"pds__accordion-headline p-relative cursor-pointer p-0 m-0\"><span class=\"d-block p-0 accordion js-accordion-custom-toggle js-accordion-custom-toggle--hide-on-collapse\" role=\"button\" data-collapse=\"false\" data-target=\"#pds__accordion-features-wrapper\" data-multitarget-disabled-mobile=\"\" aria-expanded=\"true\" aria-controls=\"pds__accordion-features-wrapper\"><span class=\"d-flex justify-content-between align-items-center\"><span class=\"word-break-word\">Caract\u00e9ristiques<\/span><i class=\"accordion__icon pds__accordion-icon icon\"><\/i><\/span><\/span><\/h3>\n<\/div>\n<div class=\"pds__accordion-wrapper\">\n<div id=\"pds__accordion-features-wrapper\" class=\"pds__accordion-features-multi-target collapse show\" data-partial-multi-target=\"true\" data-parent=\"#pds__accordion-features\">\n<div class=\"pb-4\">\n<div class=\"overflow-hidden\">\n<div class=\"wysiwyg\">\n<ul>\n<li>Capuche avec bordure \u00e9lastique<\/li>\n<li>Deux poches poitrine (optimis\u00e9es pour le sac \u00e0 dos)<\/li>\n<li>Doublure de poche en mesh avec fonction de ventilation<\/li>\n<li>Poignets \u00e9lastiques<\/li>\n<li>Coupe ergonomique<\/li>\n<li>Ourlet \u00e9lastique<\/li>\n<li>Coupe athl\u00e9tique<\/li>\n<\/ul>\n<\/div>\n<\/div>\n<\/div>\n<div id=\"pds__accordion-material-properties-heading\" class=\"mb-4 mb-md-35\">\n<h3 class=\"pds__accordion-headline p-relative cursor-pointer p-0 m-0\"><span class=\"d-block p-0 accordion js-accordion-custom-toggle js-accordion-custom-toggle--hide-on-collapse\" role=\"button\" data-collapse=\"false\" data-target=\"#pds__accordion-material-properties-wrapper\" data-multitarget-disabled-mobile=\"\" aria-expanded=\"true\" aria-controls=\"pds__accordion-material-properties-wrapper\"><span class=\"d-flex justify-content-between align-items-center\"><span class=\"word-break-word\">Caract\u00e9ristiques du mat\u00e9riau<\/span><i class=\"accordion__icon pds__accordion-icon icon\"><\/i><\/span><\/span><\/h3>\n<\/div>\n<div class=\"pds__accordion-wrapper\">\n<div id=\"pds__accordion-material-properties-wrapper\" class=\"pds__accordion-material-properties-multi-target collapse show\" data-partial-multi-target=\"true\" data-parent=\"#pds__accordion-material-properties\">\n<div class=\"pb-4\">\n<div class=\"overflow-hidden\">\n<div class=\"wysiwyg\">\n<ul>\n<li>D\u00e9perlant et coupe-vent<\/li>\n<li>Grande r\u00e9sistance \u00e0 l&#8217;abrasion : &gt; 50 000 cycles de frottement au test Martindale<\/li>\n<li>Respirabilit\u00e9<\/li>\n<li>Fibre naturelle produite de mani\u00e8re durable<\/li>\n<li>R\u00e9gule l&#8217;humidit\u00e9<\/li>\n<li>Rapport poids et isolation id\u00e9al (60 g\/m\u00b2)<\/li>\n<li>Dimensions compactes<\/li>\n<li>Tissu quadri-\u00e9lastique<\/li>\n<li>Laine m\u00e9rinos au contact de la peau<\/li>\n<li>L\u00e9ger<\/li>\n<li>S\u00e9chage rapide<\/li>\n<li>Sans PFC : l&#8217;eau et la salet\u00e9 glissent sur la peau<\/li>\n<\/ul>\n<\/div>\n<\/div>\n<p>EXT\u00c9RIEUR : PERTEX\u00ae QUANTUM : 100 % polyamide (recycl\u00e9) GARNISSAGE : 80 % laine vierge (Swisswool) + 20 % polylactide DOUBLURE INT\u00c9RIEURE : 100 % polyamide (recycl\u00e9) EMPI\u00c8CEMENTS MERINO AIRSOLATION STRETCH : 74 % polyamide + 15 % laine vierge (MERINO) + 11 % \u00e9lasthanne<\/p>\n<\/div>\n<\/div>\n<\/div>\n<\/div>\n<\/div>\n","protected":false},"excerpt":{"rendered":"<p>Veste isolante l\u00e9g\u00e8re et respirante avec Swisswool pour le ski de randonn\u00e9e &nbsp; Des couloirs des Dolomites aux pentes inexplor\u00e9es<\/p>\n","protected":false},"featured_media":638511,"template":"","meta":{"_seopress_robots_primary_cat":"none","_seopress_titles_title":"","_seopress_titles_desc":"","_seopress_robots_index":""},"product_brand":[3280],"product_cat":[21,189,190],"product_tag":[],"class_list":{"0":"post-638506","1":"product","2":"type-product","3":"status-publish","4":"has-post-thumbnail","6":"product_brand-ortovox","7":"product_cat-abbigliamento","8":"product_cat-abbigliamento-per-il-tempo-libero","9":"product_cat-abbigliamento-da-uomo","10":"sws-gruppo-abb-libero-fr","11":"sws-conto-ricavi-merci-rivendita-abbigliamento-fr","12":"sws-gruppo-iva-iva81-fr","14":"first","15":"instock","16":"shipping-taxable","17":"purchasable","18":"product-type-variable","19":"has-default-attributes"},"_links":{"self":[{"href":"https:\/\/lucacastelli.com\/fr\/wp-json\/wp\/v2\/product\/638506","targetHints":{"allow":["GET"]}}],"collection":[{"href":"https:\/\/lucacastelli.com\/fr\/wp-json\/wp\/v2\/product"}],"about":[{"href":"https:\/\/lucacastelli.com\/fr\/wp-json\/wp\/v2\/types\/product"}],"wp:featuredmedia":[{"embeddable":true,"href":"https:\/\/lucacastelli.com\/fr\/wp-json\/wp\/v2\/media\/638511"}],"wp:attachment":[{"href":"https:\/\/lucacastelli.com\/fr\/wp-json\/wp\/v2\/media?parent=638506"}],"wp:term":[{"taxonomy":"product_brand","embeddable":true,"href":"https:\/\/lucacastelli.com\/fr\/wp-json\/wp\/v2\/product_brand?post=638506"},{"taxonomy":"product_cat","embeddable":true,"href":"https:\/\/lucacastelli.com\/fr\/wp-json\/wp\/v2\/product_cat?post=638506"},{"taxonomy":"product_tag","embeddable":true,"href":"https:\/\/lucacastelli.com\/fr\/wp-json\/wp\/v2\/product_tag?post=638506"}],"curies":[{"name":"wp","href":"https:\/\/api.w.org\/{rel}","templated":true}]}}