{"id":638492,"date":"2025-10-03T07:52:05","date_gmt":"2025-10-03T05:52:05","guid":{"rendered":"https:\/\/lucacastelli.com\/prodotto\/sweat-a-capuche-polaire-ortovox-w-3\/"},"modified":"2026-04-01T01:51:39","modified_gmt":"2026-03-31T23:51:39","slug":"sweat-a-capuche-polaire-ortovox-w-3","status":"publish","type":"product","link":"https:\/\/lucacastelli.com\/fr\/produit\/sweat-a-capuche-polaire-ortovox-w-3\/","title":{"rendered":"ORTOVOX FLEECE HOODY W"},"content":{"rendered":"<h2 id=\"toc-entry-target-1\" class=\"js-toc__title pds__detail-headline\">Pr\u00eats pour l&#8217;hiver<\/h2>\n<h3>Hoody en polaire chaude, polyester recycl\u00e9 et Merino pour les journ\u00e9es froides et s\u00e8ches<\/h3>\n<p>&nbsp;<\/p>\n<p>Le FLEECE HOODY pour femme est un v\u00eatement incontournable qui assure toute la fonctionnalit\u00e9, la libert\u00e9 de mouvement et le confort thermique naturel indispensables en montagne lors des froides journ\u00e9es d&#8217;hiver.<\/p>\n<p>Le tricotage particulier de cette polaire \u00e0 capuche \u00e9prouv\u00e9e lui conf\u00e8re une surface mate qui souligne son look sobre et sportif. Les mat\u00e9riaux de haute qualit\u00e9 utilis\u00e9s sont \u00e9galement enti\u00e8rement durables. La combinaison extraordinaire de l&#8217;int\u00e9rieur en douce laine m\u00e9rinos et de l&#8217;ext\u00e9rieur en polyester recycl\u00e9 en fait un v\u00eatement extr\u00eamement r\u00e9sistant et respirant.  <\/p>\n<p>\u00c9tant donn\u00e9 que le MERINO FLEECE est tr\u00e8s \u00e9lastique, le FLEECE HOODY pour femme s&#8217;adapte de mani\u00e8re optimale au corps et offre une libert\u00e9 de mouvement maximale. La laine m\u00e9rinos douce, naturellement capable de r\u00e9guler l&#8217;humidit\u00e9 et la temp\u00e9rature, assure une temp\u00e9rature corporelle optimale et est agr\u00e9able sur la peau. <\/p>\n<p>Les deux poches lat\u00e9rales avec loden traditionnel de la soci\u00e9t\u00e9 STEINER gardent les mains au chaud et offrent de l&#8217;espace pour les petits objets importants qui doivent toujours \u00eatre \u00e0 port\u00e9e de main. Gr\u00e2ce \u00e0 la technique de confection sp\u00e9ciale, les passe-pouces se ferment de mani\u00e8re optimale \u00e9vitant ainsi une d\u00e9perdition de chaleur. Ainsi notre FLEECE HOODY pour femme est pr\u00eat pour toutes vos activit\u00e9s hivernales aussi bien en montagne qu&#8217;en vall\u00e9e.  <\/p>\n<p>&nbsp;<\/p>\n<div id=\"pds__accordion-features-heading\" class=\"mb-4 mb-md-35\">\n<h3 class=\"pds__accordion-headline p-relative cursor-pointer p-0 m-0\"><span class=\"d-block p-0 accordion js-accordion-custom-toggle js-accordion-custom-toggle--hide-on-collapse\" role=\"button\" data-collapse=\"false\" data-target=\"#pds__accordion-features-wrapper\" data-multitarget-disabled-mobile=\"\" aria-expanded=\"true\" aria-controls=\"pds__accordion-features-wrapper\"><span class=\"d-flex justify-content-between align-items-center\"><span class=\"word-break-word\">Caract\u00e9ristiques<\/span><i class=\"accordion__icon pds__accordion-icon icon\"><\/i><\/span><\/span><\/h3>\n<\/div>\n<div class=\"pds__accordion-wrapper\">\n<div id=\"pds__accordion-features-wrapper\" class=\"pds__accordion-features-multi-target collapse show\" data-partial-multi-target=\"true\" data-parent=\"#pds__accordion-features\">\n<div class=\"pb-4\">\n<div class=\"overflow-hidden\">\n<div class=\"wysiwyg\">\n<ul>\n<li>Capuche protectrice<\/li>\n<li>2 poches avant<\/li>\n<li>Passe-pouces<\/li>\n<li>Coupe r\u00e9guli\u00e8re<\/li>\n<\/ul>\n<\/div>\n<div id=\"pds__accordion-material-properties-heading\" class=\"mb-4 mb-md-35\">\n<h3 class=\"pds__accordion-headline p-relative cursor-pointer p-0 m-0\"><span class=\"d-block p-0 accordion js-accordion-custom-toggle js-accordion-custom-toggle--hide-on-collapse\" role=\"button\" data-collapse=\"false\" data-target=\"#pds__accordion-material-properties-wrapper\" data-multitarget-disabled-mobile=\"\" aria-expanded=\"true\" aria-controls=\"pds__accordion-material-properties-wrapper\"><span class=\"d-flex justify-content-between align-items-center\"><span class=\"word-break-word\">Caract\u00e9ristiques du mat\u00e9riau<\/span><i class=\"accordion__icon pds__accordion-icon icon\"><\/i><\/span><\/span><\/h3>\n<\/div>\n<div class=\"pds__accordion-wrapper\">\n<div id=\"pds__accordion-material-properties-wrapper\" class=\"pds__accordion-material-properties-multi-target collapse show\" data-partial-multi-target=\"true\" data-parent=\"#pds__accordion-material-properties\">\n<div class=\"pb-4\">\n<div class=\"overflow-hidden\">\n<div class=\"wysiwyg\">\n<ul>\n<li>Laine m\u00e9rinos au contact de la peau<\/li>\n<li>Haute respirabilit\u00e9<\/li>\n<li>Plus \u00e9lastique<\/li>\n<li>Durabilit\u00e9 et r\u00e9sistance<\/li>\n<li>S\u00e9chage rapide<\/li>\n<li>Grand confort d&#8217;utilisation<\/li>\n<\/ul>\n<p>MAT\u00c9RIAU PRINCIPAL : 64% polyester (recycl\u00e9) + 30% laine vierge (OWP-M\u00e9rinos) + 6% \u00e9lasthanne INSERTS : 100% laine vierge (OWP-M\u00c9RINOS)<\/p>\n<\/div>\n<\/div>\n<\/div>\n<\/div>\n<\/div>\n<\/div>\n<\/div>\n<\/div>\n<\/div>\n","protected":false},"excerpt":{"rendered":"<p>Pr\u00eats pour l&#8217;hiver Hoody en polaire chaude, polyester recycl\u00e9 et Merino pour les journ\u00e9es froides et s\u00e8ches &nbsp; Le FLEECE<\/p>\n","protected":false},"featured_media":638494,"template":"","meta":{"_seopress_robots_primary_cat":"","_seopress_titles_title":"","_seopress_titles_desc":"","_seopress_robots_index":""},"product_brand":[3280],"product_cat":[21],"product_tag":[],"class_list":{"0":"post-638492","1":"product","2":"type-product","3":"status-publish","4":"has-post-thumbnail","6":"product_brand-ortovox","7":"product_cat-abbigliamento","8":"sws-gruppo-abb-libero-fr","9":"sws-conto-ricavi-merci-rivendita-abbigliamento-fr","10":"sws-gruppo-iva-iva81-fr","12":"first","13":"instock","14":"shipping-taxable","15":"purchasable","16":"product-type-variable","17":"has-default-attributes"},"_links":{"self":[{"href":"https:\/\/lucacastelli.com\/fr\/wp-json\/wp\/v2\/product\/638492","targetHints":{"allow":["GET"]}}],"collection":[{"href":"https:\/\/lucacastelli.com\/fr\/wp-json\/wp\/v2\/product"}],"about":[{"href":"https:\/\/lucacastelli.com\/fr\/wp-json\/wp\/v2\/types\/product"}],"wp:featuredmedia":[{"embeddable":true,"href":"https:\/\/lucacastelli.com\/fr\/wp-json\/wp\/v2\/media\/638494"}],"wp:attachment":[{"href":"https:\/\/lucacastelli.com\/fr\/wp-json\/wp\/v2\/media?parent=638492"}],"wp:term":[{"taxonomy":"product_brand","embeddable":true,"href":"https:\/\/lucacastelli.com\/fr\/wp-json\/wp\/v2\/product_brand?post=638492"},{"taxonomy":"product_cat","embeddable":true,"href":"https:\/\/lucacastelli.com\/fr\/wp-json\/wp\/v2\/product_cat?post=638492"},{"taxonomy":"product_tag","embeddable":true,"href":"https:\/\/lucacastelli.com\/fr\/wp-json\/wp\/v2\/product_tag?post=638492"}],"curies":[{"name":"wp","href":"https:\/\/api.w.org\/{rel}","templated":true}]}}