{"id":638400,"date":"2025-10-21T15:28:51","date_gmt":"2025-10-21T13:28:51","guid":{"rendered":"https:\/\/lucacastelli.com\/prodotto\/helly-hansen-addvis-rain-coat\/"},"modified":"2025-10-21T15:28:51","modified_gmt":"2025-10-21T13:28:51","slug":"helly-hansen-addvis-rain-coat","status":"publish","type":"product","link":"https:\/\/lucacastelli.com\/fr\/produit\/helly-hansen-addvis-rain-coat\/","title":{"rendered":"HELLY HANSEN ADDVIS RAIN COAT"},"content":{"rendered":"<p>Pour une protection compl\u00e8te de la t\u00eate aux pieds dans les conditions m\u00e9t\u00e9orologiques les plus difficiles et sombres, les travailleurs avis\u00e9s choisissent l&#8217;imperm\u00e9able ADDVIS. Con\u00e7u et test\u00e9 pour r\u00e9pondre aux normes internationales de haute visibilit\u00e9 et de protection contre les intemp\u00e9ries, cet imperm\u00e9able vous garde au sec, visible et en s\u00e9curit\u00e9. Ajustez le maintien gr\u00e2ce aux \u00e9l\u00e9ments r\u00e9glables aux poignets, \u00e0 l&#8217;ourlet et \u00e0 la capuche. Les poignets se ferment avec des boutons-pression et la fermeture \u00e9clair frontale \u00e0 double curseur comprend un double rabat coupe-vent frontal et une protection pour le menton. Les poches pour les mains sont munies de rabats de protection et la capuche est d\u00e9tachable pour les jours de beau temps. L&#8217;imperm\u00e9able ADDVIS vous offre un design et une structure sp\u00e9cialement \u00e9tudi\u00e9s avec des composants de qualit\u00e9 comme les fermetures \u00e9clair YKK\u00ae et le fil industriel AMANN.     <\/p>\n<p>Composition :<\/p>\n<p>Ext\u00e9rieur : 100 % polyur\u00e9thane, 170 g\/m\u00b2<\/p>\n<p>Instructions d&#8217;entretien :<\/p>\n<p>Fermer le velcro avant le lavage. Fermer les fermetures \u00e9clair avant le lavage. Ne pas utiliser d&#8217;assouplissant.   Laver avec des couleurs similaires. Laver en machine \u00e0 l&#8217;eau ti\u00e8de \u00e0 40 \u00b0C. Ne pas utiliser d&#8217;eau de Javel. Ne pas s\u00e9cher au s\u00e8che-linge. Ne pas repasser. Ne pas nettoyer \u00e0 sec.    <\/p>\n<ul>\n<li>EN ISO 20471:2013:3<\/li>\n<li>EN 343:2019 : 4, 1, X<\/li>\n<li>Fils AMANN<\/li>\n<li>Fermeture \u00e0 glissi\u00e8re YKK<\/li>\n<li>Capuche r\u00e9glable avec cordon \u00e9lastique<\/li>\n<li>Capuche amovible<\/li>\n<li>Double rabat coupe-vent frontal<\/li>\n<li>Fermeture \u00e9clair frontale YKK\u00ae \u00e0 double curseur avec protection pour le menton<\/li>\n<li>Poches pour les mains<\/li>\n<li>Poignets r\u00e9glables avec boutons-pression<\/li>\n<\/ul>\n","protected":false},"excerpt":{"rendered":"<p>Pour une protection compl\u00e8te de la t\u00eate aux pieds dans les conditions m\u00e9t\u00e9orologiques les plus difficiles et sombres, les travailleurs<\/p>\n","protected":false},"featured_media":637825,"template":"","meta":{"_seopress_robots_primary_cat":"","_seopress_titles_title":"","_seopress_titles_desc":"","_seopress_robots_index":""},"product_brand":[4685],"product_cat":[81,1381],"product_tag":[],"class_list":{"0":"post-638400","1":"product","2":"type-product","3":"status-publish","4":"has-post-thumbnail","6":"product_brand-helly-hansen-workwear-fr","7":"product_cat-vetements","8":"product_cat-vetements-de-travail","9":"sws-gruppo-abb-libero-fr","10":"sws-conto-ricavi-merci-rivendita-abbigliamento-fr","11":"sws-gruppo-iva-iva81-fr","13":"first","14":"instock","15":"shipping-taxable","16":"purchasable","17":"product-type-variable"},"_links":{"self":[{"href":"https:\/\/lucacastelli.com\/fr\/wp-json\/wp\/v2\/product\/638400","targetHints":{"allow":["GET"]}}],"collection":[{"href":"https:\/\/lucacastelli.com\/fr\/wp-json\/wp\/v2\/product"}],"about":[{"href":"https:\/\/lucacastelli.com\/fr\/wp-json\/wp\/v2\/types\/product"}],"wp:featuredmedia":[{"embeddable":true,"href":"https:\/\/lucacastelli.com\/fr\/wp-json\/wp\/v2\/media\/637825"}],"wp:attachment":[{"href":"https:\/\/lucacastelli.com\/fr\/wp-json\/wp\/v2\/media?parent=638400"}],"wp:term":[{"taxonomy":"product_brand","embeddable":true,"href":"https:\/\/lucacastelli.com\/fr\/wp-json\/wp\/v2\/product_brand?post=638400"},{"taxonomy":"product_cat","embeddable":true,"href":"https:\/\/lucacastelli.com\/fr\/wp-json\/wp\/v2\/product_cat?post=638400"},{"taxonomy":"product_tag","embeddable":true,"href":"https:\/\/lucacastelli.com\/fr\/wp-json\/wp\/v2\/product_tag?post=638400"}],"curies":[{"name":"wp","href":"https:\/\/api.w.org\/{rel}","templated":true}]}}