{"id":638380,"date":"2025-10-03T07:36:23","date_gmt":"2025-10-03T05:36:23","guid":{"rendered":"https:\/\/lucacastelli.com\/prodotto\/ortovox-punta-berrino-hooded-jacket\/"},"modified":"2026-04-01T01:51:39","modified_gmt":"2026-03-31T23:51:39","slug":"ortovox-punta-berrino-hooded-jacket","status":"publish","type":"product","link":"https:\/\/lucacastelli.com\/fr\/produit\/ortovox-punta-berrino-hooded-jacket\/","title":{"rendered":"ORTOVOX PUNTA BERRINO HOODED JACKET"},"content":{"rendered":"<h2 id=\"toc-entry-target-1\" class=\"js-toc__title pds__detail-headline\">UN V\u00caTEMENT POLYVALENT POUR LA NEIGE, LA GLACE ET LA ROCHE<\/h2>\n<h3>Veste \u00e0 capuche en softshell l\u00e9g\u00e8re et robuste pour le ski de randonn\u00e9e<\/h3>\n<p>&nbsp;<\/p>\n<p>Des sorties apr\u00e8s le travail aux aventures d&#8217;alpinisme de plusieurs jours : la PUNTA BERRINO HOODED JACKET est une veste minimaliste fonctionnelle et l\u00e9g\u00e8re. Polyvalente et minimaliste, elle est con\u00e7ue pour affronter les mont\u00e9es difficiles et les longues descentes. <\/p>\n<p>Le mat\u00e9riau softshell souple MERINO AIRSOLATION est robuste, respirant, coupe-vent et d\u00e9perlant, pour une libert\u00e9 de mouvement maximale lors des sorties les plus exigeantes. \u00c0 l&#8217;int\u00e9rieur, la laine M\u00e9rinos douce r\u00e9gule l&#8217;humidit\u00e9 et garantit une isolation l\u00e9g\u00e8re. <\/p>\n<p>Les nombreuses caract\u00e9ristiques de la PUNTA BERRINO HOODED JACKET, avec sa coupe athl\u00e9tique, sont pens\u00e9es pour les skieurs de randonn\u00e9e les plus exigeants : de la capuche pr\u00e9r\u00e9gl\u00e9e aux deux grandes poches avant, en passant par les manches ergonomiques. Pour vous d\u00e9placer rapidement en montagne et vous concentrer pleinement sur l&#8217;ascension vers le sommet. <\/p>\n<p>&nbsp;<\/p>\n<div id=\"pds__accordion-features-heading\" class=\"mb-4 mb-md-35\">\n<h3 class=\"pds__accordion-headline p-relative cursor-pointer p-0 m-0\"><span class=\"d-block p-0 accordion js-accordion-custom-toggle js-accordion-custom-toggle--hide-on-collapse\" role=\"button\" data-collapse=\"false\" data-target=\"#pds__accordion-features-wrapper\" data-multitarget-disabled-mobile=\"\" aria-expanded=\"true\" aria-controls=\"pds__accordion-features-wrapper\"><span class=\"d-flex justify-content-between align-items-center\"><span class=\"word-break-word\">Caract\u00e9ristiques<\/span><i class=\"accordion__icon pds__accordion-icon icon\"><\/i><\/span><\/span><\/h3>\n<\/div>\n<div class=\"pds__accordion-wrapper\">\n<div id=\"pds__accordion-features-wrapper\" class=\"pds__accordion-features-multi-target collapse show\" data-partial-multi-target=\"true\" data-parent=\"#pds__accordion-features\">\n<div class=\"pb-4\">\n<div class=\"overflow-hidden\">\n<div class=\"wysiwyg\">\n<ul>\n<li>Capuche pr\u00e9r\u00e9gl\u00e9e<\/li>\n<li>2 poches avant<\/li>\n<li>Poche doubl\u00e9e en mesh<\/li>\n<li>Ourlet coll\u00e9 \u00e0 l&#8217;avant, insert \u00e9lastique dans le dos<\/li>\n<li>Poignet serr\u00e9<\/li>\n<li>Coupe athl\u00e9tique<\/li>\n<\/ul>\n<\/div>\n<div id=\"pds__accordion-material-properties-heading\" class=\"mb-4 mb-md-35\">\n<h3 class=\"pds__accordion-headline p-relative cursor-pointer p-0 m-0\"><span class=\"d-block p-0 accordion js-accordion-custom-toggle js-accordion-custom-toggle--hide-on-collapse\" role=\"button\" data-collapse=\"false\" data-target=\"#pds__accordion-material-properties-wrapper\" data-multitarget-disabled-mobile=\"\" aria-expanded=\"true\" aria-controls=\"pds__accordion-material-properties-wrapper\"><span class=\"d-flex justify-content-between align-items-center\"><span class=\"word-break-word\">Caract\u00e9ristiques du mat\u00e9riau<\/span><i class=\"accordion__icon pds__accordion-icon icon\"><\/i><\/span><\/span><\/h3>\n<\/div>\n<div class=\"pds__accordion-wrapper\">\n<div id=\"pds__accordion-material-properties-wrapper\" class=\"pds__accordion-material-properties-multi-target collapse show\" data-partial-multi-target=\"true\" data-parent=\"#pds__accordion-material-properties\">\n<div class=\"pb-4\">\n<div class=\"overflow-hidden\">\n<div class=\"wysiwyg\">\n<ul>\n<li>Haute respirabilit\u00e9<\/li>\n<li>D\u00e9perlant et coupe-vent<\/li>\n<li>L\u00e9ger<\/li>\n<li>Grande r\u00e9sistance \u00e0 l&#8217;abrasion<\/li>\n<li>S\u00e9chage rapide<\/li>\n<li>Mat\u00e9riau \u00e9lastique dans les deux sens<\/li>\n<li>Laine m\u00e9rinos au contact de la peau<\/li>\n<\/ul>\n<\/div>\n<p>MAT\u00c9RIAU PRINCIPAL : MERINO AIRSOLATION : 79 % polyamide + 11 % laine vierge (M\u00c9RINOS) + 10 % \u00e9lasthanne<\/p>\n<\/div>\n<\/div>\n<\/div>\n<\/div>\n<\/div>\n<\/div>\n<\/div>\n<\/div>\n","protected":false},"excerpt":{"rendered":"<p>UN V\u00caTEMENT POLYVALENT POUR LA NEIGE, LA GLACE ET LA ROCHE Veste \u00e0 capuche en softshell l\u00e9g\u00e8re et robuste pour<\/p>\n","protected":false},"featured_media":638383,"template":"","meta":{"_seopress_robots_primary_cat":"none","_seopress_titles_title":"","_seopress_titles_desc":"","_seopress_robots_index":""},"product_brand":[3280],"product_cat":[21,189,200],"product_tag":[],"class_list":{"0":"post-638380","1":"product","2":"type-product","3":"status-publish","4":"has-post-thumbnail","6":"product_brand-ortovox","7":"product_cat-abbigliamento","8":"product_cat-abbigliamento-per-il-tempo-libero","9":"product_cat-abbigliamento-da-donna","10":"sws-gruppo-abb-libero-fr","11":"sws-conto-ricavi-merci-rivendita-abbigliamento-fr","12":"sws-gruppo-iva-iva81-fr","14":"first","15":"instock","16":"shipping-taxable","17":"purchasable","18":"product-type-variable"},"_links":{"self":[{"href":"https:\/\/lucacastelli.com\/fr\/wp-json\/wp\/v2\/product\/638380","targetHints":{"allow":["GET"]}}],"collection":[{"href":"https:\/\/lucacastelli.com\/fr\/wp-json\/wp\/v2\/product"}],"about":[{"href":"https:\/\/lucacastelli.com\/fr\/wp-json\/wp\/v2\/types\/product"}],"wp:featuredmedia":[{"embeddable":true,"href":"https:\/\/lucacastelli.com\/fr\/wp-json\/wp\/v2\/media\/638383"}],"wp:attachment":[{"href":"https:\/\/lucacastelli.com\/fr\/wp-json\/wp\/v2\/media?parent=638380"}],"wp:term":[{"taxonomy":"product_brand","embeddable":true,"href":"https:\/\/lucacastelli.com\/fr\/wp-json\/wp\/v2\/product_brand?post=638380"},{"taxonomy":"product_cat","embeddable":true,"href":"https:\/\/lucacastelli.com\/fr\/wp-json\/wp\/v2\/product_cat?post=638380"},{"taxonomy":"product_tag","embeddable":true,"href":"https:\/\/lucacastelli.com\/fr\/wp-json\/wp\/v2\/product_tag?post=638380"}],"curies":[{"name":"wp","href":"https:\/\/api.w.org\/{rel}","templated":true}]}}