{"id":638367,"date":"2025-10-21T17:39:33","date_gmt":"2025-10-21T15:39:33","guid":{"rendered":"https:\/\/lucacastelli.com\/prodotto\/helly-hansen-veste-val-disere-3-0-pour-femmes\/"},"modified":"2026-04-01T01:51:24","modified_gmt":"2026-03-31T23:51:24","slug":"helly-hansen-veste-val-disere-3-0-pour-femmes","status":"publish","type":"product","link":"https:\/\/lucacastelli.com\/fr\/produit\/helly-hansen-veste-val-disere-3-0-pour-femmes\/","title":{"rendered":"Veste HELLY HANSEN Femme Val-d&#8217;Is\u00e8re 3.0"},"content":{"rendered":"<p>Pour les skieuses qui recherchent une combinaison de style, de confort et de performance, notre veste femme Val-d&#8217;Is\u00e8re 3.0 est le choix parfait pour vos journ\u00e9es sur les pistes. Con\u00e7ue avec la technologie HELLY TECH\u00ae Performance, cette veste est imperm\u00e9able, coupe-vent et respirante, ce qui la rend id\u00e9ale pour skier en plein hiver. Nous avons am\u00e9lior\u00e9 la coupe au niveau du buste, augment\u00e9 la libert\u00e9 de mouvement au niveau des manches et rendu la capuche encore plus confortable avec un bord doux et moelleux. Le rembourrage en mati\u00e8re synth\u00e9tique gonflante et 100 g de rembourrage PrimaLoft\u00ae BLACK Eco assurent la chaleur, tandis que les coutures enti\u00e8rement \u00e9tanch\u00e9ifi\u00e9es vous maintiennent au sec. Nous l&#8217;avons con\u00e7ue pour vous fournir tout ce dont vous avez besoin sur les pistes, comme des gu\u00eatres pour les poignets, une capuche compatible avec le casque, des fermetures \u00e9clair de ventilation sous les bras et diverses poches, notamment des poches pour les mains bross\u00e9es pour plus de chaleur.    <\/p>\n<p>&nbsp;<\/p>\n<p>Composition des fibres :<br \/>\nExt\u00e9rieur : 100 % polyester &#8211; Doublure : 100 % polyamide (recycl\u00e9) &#8211; Doublure 2 : 90 % polyester (recycl\u00e9), 10 % polyester &#8211; Rembourrage : 100 % polyester (recycl\u00e9)<\/p>\n<p>Instructions d&#8217;entretien :<br \/>\nFermer les fermetures \u00e9clair avant le lavage. Ne pas tremper dans l&#8217;eau. Ne pas utiliser d&#8217;adoucissant. Retirer imm\u00e9diatement de la machine \u00e0 laver. S\u00e9cher au s\u00e8che-linge avec des balles. S\u00e9cher au s\u00e8che-linge jusqu&#8217;\u00e0 s\u00e9chage complet.      Laver avec des couleurs similaires. Utiliser un d\u00e9tergent sp\u00e9cifique pour v\u00eatements techniques. S\u00e9cher le v\u00eatement au s\u00e8che-linge pour r\u00e9activer le traitement hydrofuge. <\/p>\n<p>&nbsp;<\/p>\n<ul>\n<li>HELLY TECH\u00ae PERFORMANCE<\/li>\n<li>RECCO\u00ae<\/li>\n<li>Produit \u00e9ligible pour SKI FREE<\/li>\n<li>Rembourrage synth\u00e9tique gonflant<\/li>\n<li>Construction enti\u00e8rement \u00e9tanch\u00e9ifi\u00e9e<\/li>\n<li>Construction \u00e0 2 couches<\/li>\n<li>Gu\u00eatres aux poignets<\/li>\n<li>Capuche r\u00e9glable avec cordon<\/li>\n<li>Protection du menton<\/li>\n<li>Gu\u00eatre anti-neige r\u00e9glable<\/li>\n<li>Fermetures \u00e9clair de ventilation sous les aisselles<\/li>\n<li>Poignets r\u00e9glables avec fermeture<\/li>\n<li>Cordon r\u00e9glable \u00e0 l&#8217;ourlet<\/li>\n<li>Poche int\u00e9rieure poitrine avec fermeture \u00e9clair<\/li>\n<li>Poche int\u00e9rieure en filet<\/li>\n<li>Poche pour forfait de ski<\/li>\n<li>Poches pour les mains avec doublure bross\u00e9e<\/li>\n<li>Poche poitrine avec fermeture \u00e9clair s\u00e9curis\u00e9e<\/li>\n<li>Capuche compatible avec le casque<\/li>\n<li>Contenu recycl\u00e9<\/li>\n<li>DWR sans PFC<\/li>\n<\/ul>\n","protected":false},"excerpt":{"rendered":"<p>Pour les skieuses qui recherchent une combinaison de style, de confort et de performance, notre veste femme Val-d&#8217;Is\u00e8re 3.0 est<\/p>\n","protected":false},"featured_media":638372,"template":"","meta":{"_seopress_robots_primary_cat":"none","_seopress_titles_title":"","_seopress_titles_desc":"","_seopress_robots_index":""},"product_brand":[3425],"product_cat":[21,189,200],"product_tag":[],"class_list":{"0":"post-638367","1":"product","2":"type-product","3":"status-publish","4":"has-post-thumbnail","6":"product_brand-helly-hansen","7":"product_cat-abbigliamento","8":"product_cat-abbigliamento-per-il-tempo-libero","9":"product_cat-abbigliamento-da-donna","10":"sws-gruppo-abb-libero-fr","11":"sws-conto-ricavi-merci-rivendita-abbigliamento-fr","12":"sws-gruppo-iva-iva81-fr","14":"first","15":"instock","16":"shipping-taxable","17":"purchasable","18":"product-type-variable","19":"has-default-attributes"},"_links":{"self":[{"href":"https:\/\/lucacastelli.com\/fr\/wp-json\/wp\/v2\/product\/638367","targetHints":{"allow":["GET"]}}],"collection":[{"href":"https:\/\/lucacastelli.com\/fr\/wp-json\/wp\/v2\/product"}],"about":[{"href":"https:\/\/lucacastelli.com\/fr\/wp-json\/wp\/v2\/types\/product"}],"wp:featuredmedia":[{"embeddable":true,"href":"https:\/\/lucacastelli.com\/fr\/wp-json\/wp\/v2\/media\/638372"}],"wp:attachment":[{"href":"https:\/\/lucacastelli.com\/fr\/wp-json\/wp\/v2\/media?parent=638367"}],"wp:term":[{"taxonomy":"product_brand","embeddable":true,"href":"https:\/\/lucacastelli.com\/fr\/wp-json\/wp\/v2\/product_brand?post=638367"},{"taxonomy":"product_cat","embeddable":true,"href":"https:\/\/lucacastelli.com\/fr\/wp-json\/wp\/v2\/product_cat?post=638367"},{"taxonomy":"product_tag","embeddable":true,"href":"https:\/\/lucacastelli.com\/fr\/wp-json\/wp\/v2\/product_tag?post=638367"}],"curies":[{"name":"wp","href":"https:\/\/api.w.org\/{rel}","templated":true}]}}