{"id":638351,"date":"2025-10-22T21:17:35","date_gmt":"2025-10-22T19:17:35","guid":{"rendered":"https:\/\/lucacastelli.com\/prodotto\/stihl-rallonge-en-carbone-pour-perche-ht-km-hl-km\/"},"modified":"2025-10-27T07:36:56","modified_gmt":"2025-10-27T06:36:56","slug":"stihl-rallonge-en-carbone-pour-perche-ht-km-hl-km","status":"publish","type":"product","link":"https:\/\/lucacastelli.com\/fr\/produit\/stihl-rallonge-en-carbone-pour-perche-ht-km-hl-km\/","title":{"rendered":"STIHL Extension en carbone pour perche HT-KM, HL-KM"},"content":{"rendered":"<h2 class=\"product-details__title\">Port\u00e9e accrue pour les \u00e9quipements Kombi HT-KM et HL-KM<\/h2>\n<div class=\"product-details__description richtexteditor\">Extension ultra-l\u00e9g\u00e8re en carbone pour perche HT-KM et HL-KM. Arbre creux : 1m. Pour le syst\u00e8me Kombi STIHL.  <\/div>\n","protected":false},"excerpt":{"rendered":"<p>Port\u00e9e accrue pour les \u00e9quipements Kombi HT-KM et HL-KM Extension ultra-l\u00e9g\u00e8re en carbone pour perche HT-KM et HL-KM. Arbre creux<\/p>\n","protected":false},"featured_media":638055,"template":"","meta":{"_seopress_robots_primary_cat":"","_seopress_titles_title":"","_seopress_titles_desc":"","_seopress_robots_index":""},"product_brand":[3555],"product_cat":[1642,167,1638],"product_tag":[],"class_list":{"0":"post-638351","1":"product","2":"type-product","3":"status-publish","4":"has-post-thumbnail","6":"product_brand-stihl-fr","7":"product_cat-accessoires-et-consommables-fr-5","8":"product_cat-machines","9":"product_cat-systemes-kombi-et-multi","10":"sws-gruppo-macchinari-fr","11":"sws-conto-ricavi-merci-rivendita-macchinari-fr","12":"sws-gruppo-iva-iva81-fr","14":"first","15":"instock","16":"shipping-taxable","17":"purchasable","18":"product-type-simple"},"_links":{"self":[{"href":"https:\/\/lucacastelli.com\/fr\/wp-json\/wp\/v2\/product\/638351","targetHints":{"allow":["GET"]}}],"collection":[{"href":"https:\/\/lucacastelli.com\/fr\/wp-json\/wp\/v2\/product"}],"about":[{"href":"https:\/\/lucacastelli.com\/fr\/wp-json\/wp\/v2\/types\/product"}],"wp:featuredmedia":[{"embeddable":true,"href":"https:\/\/lucacastelli.com\/fr\/wp-json\/wp\/v2\/media\/638055"}],"wp:attachment":[{"href":"https:\/\/lucacastelli.com\/fr\/wp-json\/wp\/v2\/media?parent=638351"}],"wp:term":[{"taxonomy":"product_brand","embeddable":true,"href":"https:\/\/lucacastelli.com\/fr\/wp-json\/wp\/v2\/product_brand?post=638351"},{"taxonomy":"product_cat","embeddable":true,"href":"https:\/\/lucacastelli.com\/fr\/wp-json\/wp\/v2\/product_cat?post=638351"},{"taxonomy":"product_tag","embeddable":true,"href":"https:\/\/lucacastelli.com\/fr\/wp-json\/wp\/v2\/product_tag?post=638351"}],"curies":[{"name":"wp","href":"https:\/\/api.w.org\/{rel}","templated":true}]}}