{"id":638330,"date":"2025-10-02T19:06:00","date_gmt":"2025-10-02T17:06:00","guid":{"rendered":"https:\/\/lucacastelli.com\/prodotto\/ortovox-swisswool-piz-duan-vest\/"},"modified":"2026-04-01T01:51:41","modified_gmt":"2026-03-31T23:51:41","slug":"ortovox-swisswool-piz-duan-vest","status":"publish","type":"product","link":"https:\/\/lucacastelli.com\/fr\/produit\/ortovox-swisswool-piz-duan-vest\/","title":{"rendered":"ORTOVOX SWISSWOOL PIZ DUAN VEST"},"content":{"rendered":"<h3>Gilet isolant et l\u00e9ger avec Swisswool pour un usage polyvalent en montagne<\/h3>\n<p>D\u00e9velopp\u00e9 pour un usage polyvalent en montagne, 365 jours par an. Le GILET PIZ DUAN associe un garnissage SWISSWOOL de 60 g\/m\u00b2 qui r\u00e9gule l&#8217;humidit\u00e9 avec un mat\u00e9riau ext\u00e9rieur TEC-STRETCH hydrofuge et coupe-vent. Le r\u00e9sultat ? Un rapport poids-isolation id\u00e9al avec des dimensions r\u00e9duites.   <\/p>\n<p>Des caract\u00e9ristiques comme les poches avant optimis\u00e9es pour le sac \u00e0 dos, la capuche pr\u00e9r\u00e9gl\u00e9e et les poignets et l&#8217;ourlet \u00e9lastiqu\u00e9s font de la PIZ DUAN VEST un compagnon fiable et fonctionnel. Le design matelass\u00e9 innovant et le panneau sur la poitrine avec coutures diagonales compl\u00e8tent ce mod\u00e8le polyvalent pour l&#8217;outdoor, \u00e0 utiliser comme couche interm\u00e9diaire ou couche ext\u00e9rieure. <\/p>\n<p>Veuillez porter une attention particuli\u00e8re au lavage de ce produit.<\/p>\n<p>&nbsp;<\/p>\n<div id=\"pds__accordion-features-heading\" class=\"mb-4 mb-md-35\">\n<h3 class=\"pds__accordion-headline p-relative cursor-pointer p-0 m-0\"><span class=\"d-block p-0 accordion js-accordion-custom-toggle js-accordion-custom-toggle--hide-on-collapse\" role=\"button\" data-collapse=\"false\" data-target=\"#pds__accordion-features-wrapper\" data-multitarget-disabled-mobile=\"\" aria-expanded=\"true\" aria-controls=\"pds__accordion-features-wrapper\"><span class=\"d-flex justify-content-between align-items-center\"><span class=\"word-break-word\">Caract\u00e9ristiques<\/span><i class=\"accordion__icon pds__accordion-icon icon\"><\/i><\/span><\/span><\/h3>\n<\/div>\n<div class=\"pds__accordion-wrapper\">\n<div id=\"pds__accordion-features-wrapper\" class=\"pds__accordion-features-multi-target collapse show\" data-partial-multi-target=\"true\" data-parent=\"#pds__accordion-features\">\n<div class=\"pb-4\">\n<div class=\"overflow-hidden\">\n<div class=\"wysiwyg\">\n<ul>\n<li>Capuche pr\u00e9r\u00e9gl\u00e9e<\/li>\n<li>2 poches avant<\/li>\n<li>Ourlet \u00e9lastiqu\u00e9<\/li>\n<li>Coupe r\u00e9guli\u00e8re<\/li>\n<\/ul>\n<p>&nbsp;<\/p>\n<\/div>\n<div class=\"row mb-100 mb-md-35\">\n<div class=\"col-12 col-md-10\">\n<h2 class=\"h3 pt-0 mb-4\">Domaine d&#8217;utilisation id\u00e9al<\/h2>\n<div class=\"rating mb-3\">\n<div class=\"d-flex mb-2\"><\/div>\n<div class=\"rating__title text-uppercase pb-1\">Escalade 3\/5<\/div>\n<\/div>\n<div class=\"rating mb-3\">\n<div class=\"d-flex mb-2\"><\/div>\n<div class=\"rating__title text-uppercase pb-1\">Alpinisme 5\/5<\/div>\n<\/div>\n<div class=\"rating mb-3\">\n<div class=\"d-flex mb-2\"><\/div>\n<div class=\"rating__title text-uppercase pb-1\">Randonn\u00e9e rapide 5\/5<\/div>\n<\/div>\n<div class=\"rating mb-3\">\n<div class=\"d-flex mb-2\"><\/div>\n<div class=\"rating__title text-uppercase pb-1\">Ski de randonn\u00e9e 5\/5<\/div>\n<\/div>\n<div class=\"rating\">\n<div class=\"d-flex mb-2\"><\/div>\n<div class=\"rating__title text-uppercase\">Freeride 3\/5<\/div>\n<\/div>\n<\/div>\n<\/div>\n<div id=\"pds__accordion-features\" class=\"mb-4 mb-md-35 accordion pds__accordion\">\n<div class=\"position-relative\">\n<div id=\"pds__accordion-features-heading\" class=\"mb-4 mb-md-35\">\n<h3 class=\"pds__accordion-headline p-relative cursor-pointer p-0 m-0\"><i class=\"accordion__icon pds__accordion-icon icon\"><\/i><span class=\"d-block p-0 accordion js-accordion-custom-toggle js-accordion-custom-toggle--hide-on-collapse\" role=\"button\" data-collapse=\"false\" data-target=\"#pds__accordion-features-wrapper\" data-multitarget-disabled-mobile=\"\" aria-expanded=\"true\" aria-controls=\"pds__accordion-features-wrapper\"><span class=\"d-flex justify-content-between align-items-center\"><span class=\"word-break-word\">Caract\u00e9ristiques<\/span><i class=\"accordion__icon pds__accordion-icon icon\"><\/i><\/span><\/span><\/h3>\n<\/div>\n<div class=\"pds__accordion-wrapper\">\n<div id=\"pds__accordion-features-wrapper\" class=\"pds__accordion-features-multi-target collapse show\" data-partial-multi-target=\"true\" data-parent=\"#pds__accordion-features\">\n<div class=\"pb-4\">\n<div class=\"overflow-hidden\">\n<div class=\"wysiwyg\">\n<ul>\n<li>Capuche pr\u00e9r\u00e9gl\u00e9e<\/li>\n<li>\n \t<\/li>\n<li>2 poches avant<\/li>\n<li>Ourlet \u00e9lastiqu\u00e9<\/li>\n<li>Coupe r\u00e9guli\u00e8re<\/li>\n<\/ul>\n<\/div>\n<\/div>\n<\/div>\n<\/div>\n<\/div>\n<\/div>\n<\/div>\n<div id=\"pds__accordion-material-properties\" class=\"mb-4 mb-md-35 accordion pds__accordion\">\n<div class=\"position-relative\">\n<div id=\"pds__accordion-material-properties-heading\" class=\"mb-4 mb-md-35\">\n<h3 class=\"pds__accordion-headline p-relative cursor-pointer p-0 m-0\"><i class=\"accordion__icon pds__accordion-icon icon\"><\/i><span class=\"d-block p-0 accordion js-accordion-custom-toggle js-accordion-custom-toggle--hide-on-collapse\" role=\"button\" data-collapse=\"false\" data-target=\"#pds__accordion-material-properties-wrapper\" data-multitarget-disabled-mobile=\"\" aria-expanded=\"true\" aria-controls=\"pds__accordion-material-properties-wrapper\"><span class=\"d-flex justify-content-between align-items-center\"><span class=\"word-break-word\">Caract\u00e9ristiques du mat\u00e9riau<\/span><i class=\"accordion__icon pds__accordion-icon icon\"><\/i><\/span><\/span><\/h3>\n<\/div>\n<div class=\"pds__accordion-wrapper\">\n<div id=\"pds__accordion-material-properties-wrapper\" class=\"pds__accordion-material-properties-multi-target collapse show\" data-partial-multi-target=\"true\" data-parent=\"#pds__accordion-material-properties\">\n<div class=\"pb-4\">\n<div class=\"overflow-hidden\">\n<div class=\"wysiwyg\">\n<ul>\n<li>MAT\u00c9RIAU EXT\u00c9RIEUR TEC-STRETCH : \u00e9lastique, r\u00e9sistant \u00e0 l&#8217;abrasion, hydrofuge et coupe-vent<\/li>\n<li>SWISSWOOL : produite de mani\u00e8re durable, capacit\u00e9 de r\u00e9gulation de l&#8217;humidit\u00e9 (r\u00e9chauffe m\u00eame mouill\u00e9e), rapport poids-isolation id\u00e9al (60 g\/m\u00b2), dimensions compactes<\/li>\n<\/ul>\n<p>MAT\u00c9RIAU PRINCIPAL : 100 % polyamide GARNISSAGE : 80 % laine vierge (SWISSWOOL) + 20 % polylactide DOUBLURE INT\u00c9RIEURE : 100 % polyamide<\/p>\n<\/div>\n<\/div>\n<\/div>\n<\/div>\n<\/div>\n<\/div>\n<\/div>\n<\/div>\n<\/div>\n<\/div>\n<\/div>\n","protected":false},"excerpt":{"rendered":"<p>Gilet isolant et l\u00e9ger avec Swisswool pour un usage polyvalent en montagne D\u00e9velopp\u00e9 pour un usage polyvalent en montagne, 365<\/p>\n","protected":false},"featured_media":638332,"template":"","meta":{"_seopress_robots_primary_cat":"none","_seopress_titles_title":"","_seopress_titles_desc":"","_seopress_robots_index":""},"product_brand":[3280],"product_cat":[21,189,190],"product_tag":[],"class_list":{"0":"post-638330","1":"product","2":"type-product","3":"status-publish","4":"has-post-thumbnail","6":"product_brand-ortovox","7":"product_cat-abbigliamento","8":"product_cat-abbigliamento-per-il-tempo-libero","9":"product_cat-abbigliamento-da-uomo","10":"sws-gruppo-abb-libero-fr","11":"sws-conto-ricavi-merci-rivendita-abbigliamento-fr","12":"sws-gruppo-iva-iva81-fr","14":"first","15":"instock","16":"shipping-taxable","17":"purchasable","18":"product-type-variable","19":"has-default-attributes"},"_links":{"self":[{"href":"https:\/\/lucacastelli.com\/fr\/wp-json\/wp\/v2\/product\/638330","targetHints":{"allow":["GET"]}}],"collection":[{"href":"https:\/\/lucacastelli.com\/fr\/wp-json\/wp\/v2\/product"}],"about":[{"href":"https:\/\/lucacastelli.com\/fr\/wp-json\/wp\/v2\/types\/product"}],"wp:featuredmedia":[{"embeddable":true,"href":"https:\/\/lucacastelli.com\/fr\/wp-json\/wp\/v2\/media\/638332"}],"wp:attachment":[{"href":"https:\/\/lucacastelli.com\/fr\/wp-json\/wp\/v2\/media?parent=638330"}],"wp:term":[{"taxonomy":"product_brand","embeddable":true,"href":"https:\/\/lucacastelli.com\/fr\/wp-json\/wp\/v2\/product_brand?post=638330"},{"taxonomy":"product_cat","embeddable":true,"href":"https:\/\/lucacastelli.com\/fr\/wp-json\/wp\/v2\/product_cat?post=638330"},{"taxonomy":"product_tag","embeddable":true,"href":"https:\/\/lucacastelli.com\/fr\/wp-json\/wp\/v2\/product_tag?post=638330"}],"curies":[{"name":"wp","href":"https:\/\/api.w.org\/{rel}","templated":true}]}}