{"id":638314,"date":"2025-10-24T08:56:31","date_gmt":"2025-10-24T06:56:31","guid":{"rendered":"https:\/\/lucacastelli.com\/prodotto\/stihl-bga-160-avec-2-pcs-ap-30-et-chargeur-al-301\/"},"modified":"2025-10-27T07:38:15","modified_gmt":"2025-10-27T06:38:15","slug":"stihl-bga-160-avec-2-pcs-ap-30-et-chargeur-al-301","status":"publish","type":"product","link":"https:\/\/lucacastelli.com\/fr\/produit\/stihl-bga-160-avec-2-pcs-ap-30-et-chargeur-al-301\/","title":{"rendered":"STIHL BGA 160 avec 2 pcs AP 30 et chargeur AL 301"},"content":{"rendered":"<h2 class=\"product-details__title\">Nouveau mod\u00e8le haut de gamme<\/h2>\n<div class=\"product-details__description richtexteditor\">\n<p>Puissant souffleur \u00e0 batterie pour les applications exigeantes dans le domaine priv\u00e9 et pour les travaux de nettoyage professionnels, par ex. dans la gestion des b\u00e2timents. Puissance de soufflage toujours \u00e9lev\u00e9e pendant toute la dur\u00e9e de vie de la batterie.  Outil court et compact avec tube de soufflage coud\u00e9 pour une maniabilit\u00e9 exceptionnelle et un travail sans effort.<\/p>\n<p>STIHL Sound Engineering r\u00e9duit les fr\u00e9quences d\u00e9sagr\u00e9ables. Pr\u00eat pour la mise en r\u00e9seau via STIHL connected gr\u00e2ce au Smart Connector. <\/p>\n<\/div>\n<p>Set compos\u00e9 de :<\/p>\n<p>1 pc Souffleur STIHL BGA 160<\/p>\n<p>2 pcs Batterie STIHL AP 30<\/p>\n<p>1 pc Chargeur Rapide STIHL AL 301<\/p>\n<p>&nbsp;<\/p>\n<p>Temps de travail avec 1 batterie AP 30 : de 14 \u00e0 106 minutes<\/p>\n<p>&nbsp;<\/p>\n<p>&nbsp;<\/p>\n","protected":false},"excerpt":{"rendered":"<p>Nouveau mod\u00e8le haut de gamme Puissant souffleur \u00e0 batterie pour les applications exigeantes dans le domaine priv\u00e9 et pour les<\/p>\n","protected":false},"featured_media":638321,"template":"","meta":{"_seopress_robots_primary_cat":"none","_seopress_titles_title":"","_seopress_titles_desc":"","_seopress_robots_index":""},"product_brand":[3366],"product_cat":[29,485,489],"product_tag":[],"class_list":{"0":"post-638314","1":"product","2":"type-product","3":"status-publish","4":"has-post-thumbnail","6":"product_brand-stihl","7":"product_cat-macchinari","8":"product_cat-soffiatori-e-aspiratori","9":"product_cat-soffiatori-a-batteria","10":"sws-gruppo-macchinari-fr","11":"sws-conto-ricavi-merci-rivendita-macchinari-fr","12":"sws-gruppo-iva-iva81-fr","14":"first","15":"instock","16":"sale","17":"shipping-taxable","18":"purchasable","19":"product-type-simple"},"_links":{"self":[{"href":"https:\/\/lucacastelli.com\/fr\/wp-json\/wp\/v2\/product\/638314","targetHints":{"allow":["GET"]}}],"collection":[{"href":"https:\/\/lucacastelli.com\/fr\/wp-json\/wp\/v2\/product"}],"about":[{"href":"https:\/\/lucacastelli.com\/fr\/wp-json\/wp\/v2\/types\/product"}],"wp:featuredmedia":[{"embeddable":true,"href":"https:\/\/lucacastelli.com\/fr\/wp-json\/wp\/v2\/media\/638321"}],"wp:attachment":[{"href":"https:\/\/lucacastelli.com\/fr\/wp-json\/wp\/v2\/media?parent=638314"}],"wp:term":[{"taxonomy":"product_brand","embeddable":true,"href":"https:\/\/lucacastelli.com\/fr\/wp-json\/wp\/v2\/product_brand?post=638314"},{"taxonomy":"product_cat","embeddable":true,"href":"https:\/\/lucacastelli.com\/fr\/wp-json\/wp\/v2\/product_cat?post=638314"},{"taxonomy":"product_tag","embeddable":true,"href":"https:\/\/lucacastelli.com\/fr\/wp-json\/wp\/v2\/product_tag?post=638314"}],"curies":[{"name":"wp","href":"https:\/\/api.w.org\/{rel}","templated":true}]}}