{"id":638303,"date":"2025-10-02T18:54:40","date_gmt":"2025-10-02T16:54:40","guid":{"rendered":"https:\/\/lucacastelli.com\/prodotto\/ortovox-fleece-jacket\/"},"modified":"2026-04-01T01:51:41","modified_gmt":"2026-03-31T23:51:41","slug":"ortovox-fleece-jacket","status":"publish","type":"product","link":"https:\/\/lucacastelli.com\/fr\/produit\/ortovox-fleece-jacket\/","title":{"rendered":"VESTE POLAIRE ORTOVOX"},"content":{"rendered":"<div class=\"wysiwyg wysiwyg--no-first-child-correction mb-4\">\n<h3>Veste chaude en polaire fabriqu\u00e9e en polyester recycl\u00e9 et laine m\u00e9rinos pour les journ\u00e9es fra\u00eeches et s\u00e8ches<\/h3>\n<\/div>\n<div id=\"pds__accordion-additional-info-inner\" class=\" accordion pds__accordion\">\n<div class=\"position-relative\">\n<div class=\"pds__accordion-wrapper border-0\">\n<div id=\"pds__accordion-additional-info-inner-wrapper\" class=\"collapse seo-collapse disable-collapse-md\" data-parent=\"#pds__accordion-additional-info-inner\">\n<div class=\"pb-4\">\n<div class=\"overflow-hidden\">\n<div class=\"pb-md-3 pb-4\">\n<div class=\"border border-grey p-20 mb-4\">\n<p>La FLEECE JACKET pour homme est un v\u00eatement essentiel qui assure toute la fonctionnalit\u00e9, la libert\u00e9 de mouvement et le confort thermique naturel indispensables en montagne pendant les froides journ\u00e9es d&#8217;hiver<\/p>\n<p>Le tricotage innovant de cette veste polaire \u00e9prouv\u00e9e lui conf\u00e8re une surface mate qui souligne son look sobre et sportif. Le m\u00e9lange exclusif de douce laine m\u00e9rinos \u00e0 l&#8217;int\u00e9rieur et de polyester recycl\u00e9 \u00e0 l&#8217;ext\u00e9rieur rend la veste particuli\u00e8rement r\u00e9sistante et respirante <\/p>\n<p>Comme le MERINO FLEECE est tr\u00e8s \u00e9lastique, la FLEECE JACKET pour homme s&#8217;adapte parfaitement au corps et offre une libert\u00e9 de mouvement maximale. La douce laine m\u00e9rinos, naturellement capable de r\u00e9guler l&#8217;humidit\u00e9 et la temp\u00e9rature, assure une temp\u00e9rature corporelle optimale et est agr\u00e9able sur la peau <\/p>\n<p>Les deux poches lat\u00e9rales en loden traditionnel de la soci\u00e9t\u00e9 STEINER gardent les mains au chaud et offrent de l&#8217;espace pour les petits objets importants qui doivent toujours \u00eatre \u00e0 port\u00e9e de main. Gr\u00e2ce \u00e0 la technique sp\u00e9ciale de fabrication, les passe-pouces se ferment de mani\u00e8re optimale, \u00e9vitant ainsi toute perte de chaleur. Ainsi, notre FLEECE JACKET pour homme est pr\u00eate pour toutes vos activit\u00e9s hivernales, en montagne comme en vall\u00e9e  <\/p>\n<p>&nbsp;<\/p>\n<\/div>\n<div id=\"pds__accordion-features-heading\" class=\"mb-4 mb-md-35\">\n<h3 class=\"pds__accordion-headline p-relative cursor-pointer p-0 m-0\"><span class=\"d-block p-0 accordion js-accordion-custom-toggle js-accordion-custom-toggle--hide-on-collapse\" role=\"button\" data-collapse=\"false\" data-target=\"#pds__accordion-features-wrapper\" data-multitarget-disabled-mobile=\"\" aria-expanded=\"true\" aria-controls=\"pds__accordion-features-wrapper\"><span class=\"d-flex justify-content-between align-items-center\"><span class=\"word-break-word\">Caract\u00e9ristiques<\/span><i class=\"accordion__icon pds__accordion-icon icon\"><\/i><\/span><\/span><\/h3>\n<\/div>\n<div class=\"pds__accordion-wrapper\">\n<div id=\"pds__accordion-features-wrapper\" class=\"pds__accordion-features-multi-target collapse show\" data-partial-multi-target=\"true\" data-parent=\"#pds__accordion-features\">\n<div class=\"pb-4\">\n<div class=\"overflow-hidden\">\n<div class=\"wysiwyg\">\n<ul>\n<li>Col de protection<\/li>\n<li>2 poches avant<\/li>\n<li>Passe-pouces<\/li>\n<li>Coupe r\u00e9guli\u00e8re<\/li>\n<\/ul>\n<\/div>\n<\/div>\n<div id=\"pds__accordion-material-properties-heading\" class=\"mb-4 mb-md-35\">\n<h3 class=\"pds__accordion-headline p-relative cursor-pointer p-0 m-0\"><span class=\"d-block p-0 accordion js-accordion-custom-toggle js-accordion-custom-toggle--hide-on-collapse\" role=\"button\" data-collapse=\"false\" data-target=\"#pds__accordion-material-properties-wrapper\" data-multitarget-disabled-mobile=\"\" aria-expanded=\"true\" aria-controls=\"pds__accordion-material-properties-wrapper\"><span class=\"d-flex justify-content-between align-items-center\"><span class=\"word-break-word\">Caract\u00e9ristiques du mat\u00e9riau<\/span><i class=\"accordion__icon pds__accordion-icon icon\"><\/i><\/span><\/span><\/h3>\n<\/div>\n<div class=\"pds__accordion-wrapper\">\n<div id=\"pds__accordion-material-properties-wrapper\" class=\"pds__accordion-material-properties-multi-target collapse show\" data-partial-multi-target=\"true\" data-parent=\"#pds__accordion-material-properties\">\n<div class=\"pb-4\">\n<div class=\"overflow-hidden\">\n<div class=\"wysiwyg\">\n<ul>\n<li>Laine m\u00e9rinos au contact de la peau<\/li>\n<li>Haute respirabilit\u00e9<\/li>\n<li>Plus \u00e9lastique<\/li>\n<li>Durabilit\u00e9 et r\u00e9sistance<\/li>\n<li>S\u00e9chage rapide<\/li>\n<li>Grand confort d&#8217;utilisation<\/li>\n<\/ul>\n<\/div>\n<p>MAT\u00c9RIAU PRINCIPAL : 64% polyester (recycl\u00e9) + 30% laine vierge (OWP-M\u00e9rinos) + 6% \u00e9lasthanne INSERTS : 100% laine vierge (OWP-M\u00c9RINOS)<\/p>\n<\/div>\n<\/div>\n<\/div>\n<\/div>\n<\/div>\n<\/div>\n<\/div>\n<\/div>\n<\/div>\n<\/div>\n<\/div>\n<\/div>\n<\/div>\n<\/div>\n","protected":false},"excerpt":{"rendered":"<p>Veste chaude en polaire fabriqu\u00e9e en polyester recycl\u00e9 et laine m\u00e9rinos pour les journ\u00e9es fra\u00eeches et s\u00e8ches La FLEECE JACKET<\/p>\n","protected":false},"featured_media":638305,"template":"","meta":{"_seopress_robots_primary_cat":"none","_seopress_titles_title":"","_seopress_titles_desc":"","_seopress_robots_index":""},"product_brand":[3664],"product_cat":[81,981,982],"product_tag":[],"class_list":{"0":"post-638303","1":"product","2":"type-product","3":"status-publish","4":"has-post-thumbnail","6":"product_brand-ortovox-fr","7":"product_cat-vetements","8":"product_cat-vetements-de-loisirs","9":"product_cat-vetements-pour-hommes","10":"sws-gruppo-abb-libero-fr","11":"sws-conto-ricavi-merci-rivendita-abbigliamento-fr","12":"sws-gruppo-iva-iva81-fr","14":"first","15":"instock","16":"shipping-taxable","17":"purchasable","18":"product-type-variable","19":"has-default-attributes"},"_links":{"self":[{"href":"https:\/\/lucacastelli.com\/fr\/wp-json\/wp\/v2\/product\/638303","targetHints":{"allow":["GET"]}}],"collection":[{"href":"https:\/\/lucacastelli.com\/fr\/wp-json\/wp\/v2\/product"}],"about":[{"href":"https:\/\/lucacastelli.com\/fr\/wp-json\/wp\/v2\/types\/product"}],"wp:featuredmedia":[{"embeddable":true,"href":"https:\/\/lucacastelli.com\/fr\/wp-json\/wp\/v2\/media\/638305"}],"wp:attachment":[{"href":"https:\/\/lucacastelli.com\/fr\/wp-json\/wp\/v2\/media?parent=638303"}],"wp:term":[{"taxonomy":"product_brand","embeddable":true,"href":"https:\/\/lucacastelli.com\/fr\/wp-json\/wp\/v2\/product_brand?post=638303"},{"taxonomy":"product_cat","embeddable":true,"href":"https:\/\/lucacastelli.com\/fr\/wp-json\/wp\/v2\/product_cat?post=638303"},{"taxonomy":"product_tag","embeddable":true,"href":"https:\/\/lucacastelli.com\/fr\/wp-json\/wp\/v2\/product_tag?post=638303"}],"curies":[{"name":"wp","href":"https:\/\/api.w.org\/{rel}","templated":true}]}}