{"id":638245,"date":"2025-10-01T17:19:19","date_gmt":"2025-10-01T15:19:19","guid":{"rendered":"https:\/\/lucacastelli.com\/prodotto\/stihl-tsa-500\/"},"modified":"2025-10-27T07:41:28","modified_gmt":"2025-10-27T06:41:28","slug":"stihl-tsa-500","status":"publish","type":"product","link":"https:\/\/lucacastelli.com\/fr\/produit\/stihl-tsa-500\/","title":{"rendered":"STIHL TSA 500"},"content":{"rendered":"<h2 class=\"product-details__title\">D\u00e9coupeuse \u00e0 batterie TSA 500 B : appareil professionnel \u00e0 batterie haute performance avec HMI ADVANCE Plus<\/h2>\n<div class=\"product-details__description richtexteditor\">\n<p>La puissante d\u00e9coupeuse \u00e0 batterie STIHL TSA 500 B du syst\u00e8me STIHL AP fonctionne avec 2 batteries STIHL AP 500 S. Elle est polyvalente et id\u00e9ale pour les professionnels du jardinage et du paysagisme, pour la construction civile et routi\u00e8re, ainsi que pour les services de secours et les pompiers. Elle permet de couper de mani\u00e8re fiable diff\u00e9rents mat\u00e9riaux comme l&#8217;acier, le b\u00e9ton, la brique ou la pierre naturelle. Gr\u00e2ce \u00e0 son fonctionnement sans \u00e9missions, la d\u00e9coupeuse \u00e0 batterie TSA 500 B peut \u00e9galement \u00eatre utilis\u00e9e \u00e0 l&#8217;int\u00e9rieur des b\u00e2timents.  <\/p>\n<\/div>\n<p>&nbsp;<\/p>\n<table data-test-id=\"pdp-spec-tech-table\">\n<tbody>\n<tr>\n<td>Tension nominale<\/td>\n<td>72 V<\/td>\n<\/tr>\n<tr>\n<td>Puissance absorb\u00e9e<\/td>\n<td>5 kW<\/td>\n<\/tr>\n<tr>\n<td>Puissance<\/td>\n<td>4,20 kW<\/td>\n<\/tr>\n<tr>\n<td>Syst\u00e8me de batterie<\/td>\n<td>AP<\/td>\n<\/tr>\n<tr>\n<td>Batterie recommand\u00e9e<\/td>\n<td>AP 500 S<\/td>\n<\/tr>\n<tr>\n<td>Poids de l&#8217;appareil sans batterie<\/td>\n<td>9,1 kg<\/td>\n<\/tr>\n<tr>\n<td>Diam\u00e8tre du disque de coupe<\/td>\n<td>350 mm<\/td>\n<\/tr>\n<tr>\n<td>Profondeur de coupe max<\/td>\n<td>125 mm<\/td>\n<\/tr>\n<tr>\n<td>Indice de protection IP<\/td>\n<td>IPX4<\/td>\n<\/tr>\n<tr>\n<td>Temps de fonctionnement minimum de la batterie AP 200 S<\/td>\n<td>8 min<\/td>\n<\/tr>\n<tr>\n<td>Temps de fonctionnement maximum de la batterie AP 200 S<\/td>\n<td>16 min<\/td>\n<\/tr>\n<tr>\n<td>Temps de fonctionnement minimum de la batterie AP 300 S<\/td>\n<td>15 min<\/td>\n<\/tr>\n<tr>\n<td>Temps de fonctionnement maximum de la batterie AP 300 S<\/td>\n<td>30 min<\/td>\n<\/tr>\n<tr>\n<td>Temps de fonctionnement minimum de la batterie AP 500 S<\/td>\n<td>20 min<\/td>\n<\/tr>\n<tr>\n<td>Temps de fonctionnement maximum de la batterie AP 500 S<\/td>\n<td>40 min<\/td>\n<\/tr>\n<tr>\n<td>Longueur de l&#8217;appareil avec disque de coupe<\/td>\n<td>82,1 cm<\/td>\n<\/tr>\n<tr>\n<td>Niveau de pression acoustique<\/td>\n<td>106 dB(A)<\/td>\n<\/tr>\n<tr>\n<td>Niveau de puissance acoustique<\/td>\n<td>117 dB(A)<\/td>\n<\/tr>\n<tr>\n<td>Valeur vibratoire gauche<\/td>\n<td>2,4 m\/s\u00b2<\/td>\n<\/tr>\n<tr>\n<td>Valeur vibratoire droite<\/td>\n<td>2 m\/s\u00b2<\/td>\n<\/tr>\n<\/tbody>\n<\/table>\n","protected":false},"excerpt":{"rendered":"<p>D\u00e9coupeuse \u00e0 batterie TSA 500 B : appareil professionnel \u00e0 batterie haute performance avec HMI ADVANCE Plus La puissante d\u00e9coupeuse<\/p>\n","protected":false},"featured_media":633942,"template":"","meta":{"_seopress_robots_primary_cat":"","_seopress_titles_title":"","_seopress_titles_desc":"","_seopress_robots_index":""},"product_brand":[3366],"product_cat":[29,495,496],"product_tag":[],"class_list":{"0":"post-638245","1":"product","2":"type-product","3":"status-publish","4":"has-post-thumbnail","6":"product_brand-stihl","7":"product_cat-macchinari","8":"product_cat-troncatrici-e-mototroncatrici","9":"product_cat-troncatrici","10":"sws-gruppo-macchinari-fr","11":"sws-conto-ricavi-merci-rivendita-macchinari-fr","12":"sws-gruppo-iva-iva81-fr","14":"first","15":"instock","16":"shipping-taxable","17":"purchasable","18":"product-type-simple"},"_links":{"self":[{"href":"https:\/\/lucacastelli.com\/fr\/wp-json\/wp\/v2\/product\/638245","targetHints":{"allow":["GET"]}}],"collection":[{"href":"https:\/\/lucacastelli.com\/fr\/wp-json\/wp\/v2\/product"}],"about":[{"href":"https:\/\/lucacastelli.com\/fr\/wp-json\/wp\/v2\/types\/product"}],"wp:featuredmedia":[{"embeddable":true,"href":"https:\/\/lucacastelli.com\/fr\/wp-json\/wp\/v2\/media\/633942"}],"wp:attachment":[{"href":"https:\/\/lucacastelli.com\/fr\/wp-json\/wp\/v2\/media?parent=638245"}],"wp:term":[{"taxonomy":"product_brand","embeddable":true,"href":"https:\/\/lucacastelli.com\/fr\/wp-json\/wp\/v2\/product_brand?post=638245"},{"taxonomy":"product_cat","embeddable":true,"href":"https:\/\/lucacastelli.com\/fr\/wp-json\/wp\/v2\/product_cat?post=638245"},{"taxonomy":"product_tag","embeddable":true,"href":"https:\/\/lucacastelli.com\/fr\/wp-json\/wp\/v2\/product_tag?post=638245"}],"curies":[{"name":"wp","href":"https:\/\/api.w.org\/{rel}","templated":true}]}}