{"id":638194,"date":"2026-03-14T19:34:21","date_gmt":"2026-03-14T18:34:21","guid":{"rendered":"https:\/\/lucacastelli.com\/prodotto\/ortovox-150-cool-mtn-mission-ts\/"},"modified":"2026-04-01T01:51:40","modified_gmt":"2026-03-31T23:51:40","slug":"ortovox-150-cool-mtn-mission-ts","status":"publish","type":"product","link":"https:\/\/lucacastelli.com\/fr\/produit\/ortovox-150-cool-mtn-mission-ts\/","title":{"rendered":"ORTOVOX TRACE SHORTS"},"content":{"rendered":"<h3>L\u00c9G\u00c8RET\u00c9 MAXIMALE ET LIBERT\u00c9 DE MOUVEMENT<\/h3>\n<p>Short ultra-l\u00e9ger avec grande libert\u00e9 de mouvement pour les d\u00e9nivel\u00e9s rapides<\/p>\n<h4>Points forts<\/h4>\n<div class=\"product__detail-highlights\">\n<ul>\n<li>Extr\u00eamement l\u00e9ger<\/li>\n<li>Ceinture en laine m\u00e9rinos r\u00e9gulant lhumidit\u00e9 pour un confort maximal<\/li>\n<li>Coupe d\u00e9contract\u00e9e<\/li>\n<\/ul>\n<\/div>\n<div class=\"product-detail-description-text\">\n<p>Ultra-l\u00e9ger, encore plus rapide. Polyvalent et minimaliste, le TRACE SHORTS est con\u00e7u pour ceux qui veulent donner le maximum. Le mat\u00e9riau ultra-l\u00e9ger SHIELD ULTRA LIGHT est si fin et flexible quon a presque limpression de ne rien porter. Hautement respirant, ce tissu robuste s\u00e8che rapidement et est id\u00e9al pour affronter les sorties les plus exigeantes par temps chaud. Le tissu bi-stretch et la coupe souple offrent une totale libert\u00e9 de mouvement, tandis que la ceinture \u00e9lastique en m\u00e9rinos est douce sur la peau et r\u00e9gule naturellement la temp\u00e9rature corporelle. Plus de libert\u00e9, moins de poids.     <\/p>\n<\/div>\n<div id=\"acc_product_features_collapse\" class=\"accordion-collapse cms-element-acris-accordion-content collapse show\" aria-labelledby=\"acc_product_features_heading\" data-bs-parent=\"#acc_properties\">\n<div class=\"accordion-body\">\n<div id=\"acc_product_features_collapse\" class=\"accordion-collapse cms-element-acris-accordion-content collapse show\" aria-labelledby=\"acc_product_features_heading\" data-bs-parent=\"#acc_properties\">\n<div class=\"accordion-body\">\n<p>Caract\u00e9ristiques<br \/>\nOurlet \u00e9lastique en m\u00e9rinos<br \/>\nCeinture r\u00e9glable avec cordon<br \/>\n2 poches lat\u00e9rales<br \/>\n1 poche zipp\u00e9e dissimul\u00e9e<\/p>\n<\/div>\n<p>Mati\u00e8re<br \/>\nMATI\u00c8RE PRINCIPALE : 85 % polyamide (recycl\u00e9) + 15 % \u00e9lasthanne, CEINTURE : 67 % laine vierge (M\u00c9RINOS) + 20 % polyester + 13 % \u00e9lasthanne<\/p>\n<\/div>\n<\/div>\n<\/div>\n","protected":false},"excerpt":{"rendered":"<p>L\u00c9G\u00c8RET\u00c9 MAXIMALE ET LIBERT\u00c9 DE MOUVEMENT Short ultra-l\u00e9ger avec grande libert\u00e9 de mouvement pour les d\u00e9nivel\u00e9s rapides Points forts Extr\u00eamement<\/p>\n","protected":false},"featured_media":799142,"template":"","meta":{"_seopress_robots_primary_cat":"","_seopress_titles_title":"","_seopress_titles_desc":"","_seopress_robots_index":""},"product_brand":[3664],"product_cat":[81,981,982],"product_tag":[],"class_list":{"0":"post-638194","1":"product","2":"type-product","3":"status-publish","4":"has-post-thumbnail","6":"product_brand-ortovox-fr","7":"product_cat-vetements","8":"product_cat-vetements-de-loisirs","9":"product_cat-vetements-pour-hommes","10":"sws-gruppo-abb-libero-fr","11":"sws-conto-ricavi-merci-rivendita-abbigliamento-fr","12":"sws-gruppo-iva-iva81-fr","14":"first","15":"instock","16":"shipping-taxable","17":"purchasable","18":"product-type-variable","19":"has-default-attributes"},"_links":{"self":[{"href":"https:\/\/lucacastelli.com\/fr\/wp-json\/wp\/v2\/product\/638194","targetHints":{"allow":["GET"]}}],"collection":[{"href":"https:\/\/lucacastelli.com\/fr\/wp-json\/wp\/v2\/product"}],"about":[{"href":"https:\/\/lucacastelli.com\/fr\/wp-json\/wp\/v2\/types\/product"}],"wp:featuredmedia":[{"embeddable":true,"href":"https:\/\/lucacastelli.com\/fr\/wp-json\/wp\/v2\/media\/799142"}],"wp:attachment":[{"href":"https:\/\/lucacastelli.com\/fr\/wp-json\/wp\/v2\/media?parent=638194"}],"wp:term":[{"taxonomy":"product_brand","embeddable":true,"href":"https:\/\/lucacastelli.com\/fr\/wp-json\/wp\/v2\/product_brand?post=638194"},{"taxonomy":"product_cat","embeddable":true,"href":"https:\/\/lucacastelli.com\/fr\/wp-json\/wp\/v2\/product_cat?post=638194"},{"taxonomy":"product_tag","embeddable":true,"href":"https:\/\/lucacastelli.com\/fr\/wp-json\/wp\/v2\/product_tag?post=638194"}],"curies":[{"name":"wp","href":"https:\/\/api.w.org\/{rel}","templated":true}]}}