{"id":638178,"date":"2025-10-21T14:29:24","date_gmt":"2025-10-21T12:29:24","guid":{"rendered":"https:\/\/lucacastelli.com\/prodotto\/echo-srm-420tesu\/"},"modified":"2025-10-21T14:29:24","modified_gmt":"2025-10-21T12:29:24","slug":"echo-srm-420tesu","status":"publish","type":"product","link":"https:\/\/lucacastelli.com\/fr\/produit\/echo-srm-420tesu\/","title":{"rendered":"ECHO SRM-420TESU"},"content":{"rendered":"<p>Ce mod\u00e8le de <strong>d\u00e9broussailleuse professionnelle<\/strong> de la gamme X Series garantit d&#8217;excellentes performances de coupe et une efficacit\u00e9 \u00e9lev\u00e9e gr\u00e2ce au couple conique sp\u00e9cial High Torque. Gr\u00e2ce \u00e0 sa poign\u00e9e en U pratique, elle offre un plus grand confort d&#8217;utilisation dans les espaces tr\u00e8s vastes. <\/p>\n<p>&nbsp;<\/p>\n<table>\n<tbody>\n<tr>\n<td>Cylindr\u00e9e (cc)<\/td>\n<td>41.5<\/td>\n<\/tr>\n<tr>\n<td>Puissance* (kW (CV))<\/td>\n<td>1.8 (2.45)<\/td>\n<\/tr>\n<tr>\n<td>Poids \u00e0 sec*1 (kg)<\/td>\n<td>8,7<\/td>\n<\/tr>\n<tr>\n<td>Longueur sans outil de coupe (mm)<\/td>\n<td>1852<\/td>\n<\/tr>\n<\/tbody>\n<\/table>\n","protected":false},"excerpt":{"rendered":"<p>Ce mod\u00e8le de d\u00e9broussailleuse professionnelle de la gamme X Series garantit d&#8217;excellentes performances de coupe et une efficacit\u00e9 \u00e9lev\u00e9e gr\u00e2ce<\/p>\n","protected":false},"featured_media":637820,"template":"","meta":{"_seopress_robots_primary_cat":"none","_seopress_titles_title":"","_seopress_titles_desc":"","_seopress_robots_index":""},"product_brand":[3620],"product_cat":[1586,1602,167],"product_tag":[],"class_list":{"0":"post-638178","1":"product","2":"type-product","3":"status-publish","4":"has-post-thumbnail","6":"product_brand-echo-fr","7":"product_cat-debroussailleuses-et-coupe-bordures","8":"product_cat-debroussailleuses-et-coupe-bordures-a-moteur","9":"product_cat-machines","10":"sws-gruppo-macchinari-fr","11":"sws-conto-ricavi-merci-rivendita-macchinari-fr","12":"sws-gruppo-iva-iva81-fr","14":"first","15":"instock","16":"shipping-taxable","17":"purchasable","18":"product-type-simple"},"_links":{"self":[{"href":"https:\/\/lucacastelli.com\/fr\/wp-json\/wp\/v2\/product\/638178","targetHints":{"allow":["GET"]}}],"collection":[{"href":"https:\/\/lucacastelli.com\/fr\/wp-json\/wp\/v2\/product"}],"about":[{"href":"https:\/\/lucacastelli.com\/fr\/wp-json\/wp\/v2\/types\/product"}],"wp:featuredmedia":[{"embeddable":true,"href":"https:\/\/lucacastelli.com\/fr\/wp-json\/wp\/v2\/media\/637820"}],"wp:attachment":[{"href":"https:\/\/lucacastelli.com\/fr\/wp-json\/wp\/v2\/media?parent=638178"}],"wp:term":[{"taxonomy":"product_brand","embeddable":true,"href":"https:\/\/lucacastelli.com\/fr\/wp-json\/wp\/v2\/product_brand?post=638178"},{"taxonomy":"product_cat","embeddable":true,"href":"https:\/\/lucacastelli.com\/fr\/wp-json\/wp\/v2\/product_cat?post=638178"},{"taxonomy":"product_tag","embeddable":true,"href":"https:\/\/lucacastelli.com\/fr\/wp-json\/wp\/v2\/product_tag?post=638178"}],"curies":[{"name":"wp","href":"https:\/\/api.w.org\/{rel}","templated":true}]}}