{"id":638176,"date":"2025-10-23T20:52:37","date_gmt":"2025-10-23T18:52:37","guid":{"rendered":"https:\/\/lucacastelli.com\/prodotto\/stihl-fsa-110-r-avec-1-ap-20-et-al-301\/"},"modified":"2025-10-27T07:37:53","modified_gmt":"2025-10-27T06:37:53","slug":"stihl-fsa-110-r-avec-1-ap-20-et-al-301","status":"publish","type":"product","link":"https:\/\/lucacastelli.com\/fr\/produit\/stihl-fsa-110-r-avec-1-ap-20-et-al-301\/","title":{"rendered":"STIHL FSA 110 R avec 1 AP 20 et AL 301"},"content":{"rendered":"<h2 class=\"product-details__title\">D\u00e9broussailleuse \u00e0 batterie FSA 110 R : silencieuse, l\u00e9g\u00e8re et puissante pour les travaux de coupe professionnels et les t\u00e2ches priv\u00e9es exigeantes<\/h2>\n<div class=\"product-details__description richtexteditor\">\n<p>La puissante d\u00e9broussailleuse \u00e0 batterie STIHL FSA 110 R du <strong>syst\u00e8me STIHL AP<\/strong> est adapt\u00e9e aux travaux de fauchage professionnels dans les petites entreprises, par exemple dans la gestion des b\u00e2timents, et pour les travaux exigeants dans le domaine priv\u00e9. Elle convainc gr\u00e2ce \u00e0 la combinaison d&#8217;une bonne capacit\u00e9 de coupe et d&#8217;un poids r\u00e9duit, par exemple pour <strong>faucher l&#8217;herbe<\/strong> de hauteur moyenne, peaufiner les zones difficiles d&#8217;acc\u00e8s et tailler les bordures de pelouse. La STIHL FSA 110 R offre un confort particulier gr\u00e2ce au syst\u00e8me Rapid Click, qui vous permet de retirer facilement et rapidement la t\u00eate de coupe par simple pression d&#8217;un bouton. Avec Advanced EasySpool, vous pouvez enrouler confortablement le fil dans la t\u00eate de coupe \u00e0 la main.   <\/p>\n<p>Le moteur EC sans balais peut \u00eatre contr\u00f4l\u00e9 directement depuis la poign\u00e9e via un r\u00e9glage de vitesse variable avec 2 niveaux de vitesse. Pour les t\u00e2ches plus simples, comme la finition des bordures de pelouse, choisissez une vitesse inf\u00e9rieure en mode ECO (niveau 1). Ainsi, vous aurez une consommation d&#8217;\u00e9nergie r\u00e9duite et pourrez prolonger la dur\u00e9e de vie de la batterie. Pour les travaux plus exigeants, comme faucher l&#8217;herbe dense, vous pouvez utiliser la vitesse maximale en passant simplement au niveau 2 via l&#8217;interrupteur coulissant. La vitesse s&#8217;adapte automatiquement \u00e0 l&#8217;outil de coupe mont\u00e9 et peut \u00eatre r\u00e9gl\u00e9e en continu. De plus, l&#8217;\u00e9lectronique intelligente permet \u00e0 la FSA 110 R de fonctionner constamment \u00e0 haute performance, ind\u00e9pendamment de l&#8217;\u00e9tat de charge de la batterie.     <\/p>\n<p>Compacte et bien \u00e9quilibr\u00e9e, la STIHL FSA 110 R permet un travail flexible avec beaucoup de libert\u00e9 de mouvement gr\u00e2ce \u00e0 sa poign\u00e9e circulaire avec composant souple. Cela est particuli\u00e8rement \u00e9vident lors des travaux de finition dans des espaces restreints, lorsque vous fauchez entre les arbres et les arbustes ou dans d&#8217;autres zones \u00e9troites. De plus, la poign\u00e9e circulaire r\u00e9glable sans outils permet un ajustement facile selon votre taille, vous garantissant toujours une posture de travail ergonomique.  <\/p>\n<p>La d\u00e9broussailleuse \u00e0 batterie FSA 110 R est si silencieuse qu&#8217;elle peut \u00eatre utilis\u00e9e sans protection auditive et m\u00eame dans les zones sensibles au bruit, comme les \u00e9coles, les h\u00f4pitaux ou les parcs urbains.<\/p>\n<p>Pour les travaux de fauchage, nous recommandons l&#8217;utilisation du fil de coupe rond d&#8217;un diam\u00e8tre de 2,4 mm. En option, la t\u00eate de coupe STIHL PolyCut 12-2 avec lames en plastique est \u00e9galement disponible, elle aussi rempla\u00e7able sans outils. Gr\u00e2ce \u00e0 l&#8217;\u0153illet de suspension pratique, vous pouvez accrocher la STIHL FSA 110 R au mur. <\/p>\n<p>Tous les appareils \u00e0 batterie du syst\u00e8me STIHL AP sont con\u00e7us pour une utilisation professionnelle r\u00e9guli\u00e8re m\u00eame dans des conditions m\u00e9t\u00e9orologiques d\u00e9favorables. Par cons\u00e9quent, ils sont \u00e9quip\u00e9s d&#8217;une protection contre les projections d&#8217;eau test\u00e9e. L&#8217;efficacit\u00e9 est d\u00e9montr\u00e9e par des tests internes rigoureux. Le test de projection d&#8217;eau est bas\u00e9, entre autres, sur la norme IPX4. La d\u00e9broussailleuse \u00e0 batterie FSA 110 R est \u00e9galement adapt\u00e9e pour les travaux sous la pluie.    <\/p>\n<\/div>\n<p>&nbsp;<\/p>\n<p>&nbsp;<\/p>\n<p>Set compos\u00e9 de :<\/p>\n<p>1 pc d\u00e9broussailleuse STIHL FSA 110 R<\/p>\n<p>1 pce batterie STIHL AP 20<\/p>\n<p>1 pc Chargeur AL 301<\/p>\n<p>&nbsp;<\/p>\n<p>Temps de travail pour 1 batterie AP 20 : de 25 \u00e0 45 minutes<\/p>\n","protected":false},"excerpt":{"rendered":"<p>D\u00e9broussailleuse \u00e0 batterie FSA 110 R : silencieuse, l\u00e9g\u00e8re et puissante pour les travaux de coupe professionnels et les t\u00e2ches<\/p>\n","protected":false},"featured_media":638177,"template":"","meta":{"_seopress_robots_primary_cat":"none","_seopress_titles_title":"","_seopress_titles_desc":"","_seopress_robots_index":""},"product_brand":[3555],"product_cat":[167,1586,1601],"product_tag":[],"class_list":{"0":"post-638176","1":"product","2":"type-product","3":"status-publish","4":"has-post-thumbnail","6":"product_brand-stihl-fr","7":"product_cat-machines","8":"product_cat-debroussailleuses-et-coupe-bordures","9":"product_cat-debroussailleuses-et-coupe-herbes-a-batterie","10":"sws-gruppo-macchinari-fr","11":"sws-conto-ricavi-merci-rivendita-macchinari-fr","12":"sws-gruppo-iva-iva81-fr","14":"first","15":"instock","16":"sale","17":"shipping-taxable","18":"purchasable","19":"product-type-simple"},"_links":{"self":[{"href":"https:\/\/lucacastelli.com\/fr\/wp-json\/wp\/v2\/product\/638176","targetHints":{"allow":["GET"]}}],"collection":[{"href":"https:\/\/lucacastelli.com\/fr\/wp-json\/wp\/v2\/product"}],"about":[{"href":"https:\/\/lucacastelli.com\/fr\/wp-json\/wp\/v2\/types\/product"}],"wp:featuredmedia":[{"embeddable":true,"href":"https:\/\/lucacastelli.com\/fr\/wp-json\/wp\/v2\/media\/638177"}],"wp:attachment":[{"href":"https:\/\/lucacastelli.com\/fr\/wp-json\/wp\/v2\/media?parent=638176"}],"wp:term":[{"taxonomy":"product_brand","embeddable":true,"href":"https:\/\/lucacastelli.com\/fr\/wp-json\/wp\/v2\/product_brand?post=638176"},{"taxonomy":"product_cat","embeddable":true,"href":"https:\/\/lucacastelli.com\/fr\/wp-json\/wp\/v2\/product_cat?post=638176"},{"taxonomy":"product_tag","embeddable":true,"href":"https:\/\/lucacastelli.com\/fr\/wp-json\/wp\/v2\/product_tag?post=638176"}],"curies":[{"name":"wp","href":"https:\/\/api.w.org\/{rel}","templated":true}]}}