{"id":637221,"date":"2025-10-15T08:18:36","date_gmt":"2025-10-15T06:18:36","guid":{"rendered":"https:\/\/lucacastelli.com\/prodotto\/helly-hansen-veste-a-capuche-hybride-en-duvet-verglas-down-hybrid-hood-2-0-pour-homme\/"},"modified":"2026-04-01T01:51:25","modified_gmt":"2026-03-31T23:51:25","slug":"helly-hansen-veste-a-capuche-hybride-en-duvet-verglas-down-hybrid-hood-2-0-pour-homme","status":"publish","type":"product","link":"https:\/\/lucacastelli.com\/fr\/produit\/helly-hansen-veste-a-capuche-hybride-en-duvet-verglas-down-hybrid-hood-2-0-pour-homme\/","title":{"rendered":"HELLY HANSEN Veste \u00e0 capuche hybride en duvet Verglas Down Hybrid Hood 2.0 pour homme"},"content":{"rendered":"<p>Combinant la chaleur d&#8217;une doudoune avec le confort et la flexibilit\u00e9 d&#8217;une polaire, la veste \u00e0 capuche Verglas Down Hybrid Hooded Jacket 2.0 pour homme offre un confort optimal qui la rend parfaite tant pour les aventures outdoor que l&#8217;usage quotidien. Qu&#8217;il s&#8217;agisse de ski hors-piste, freeride, randonn\u00e9e, camping ou simplement une promenade en ville, cette veste polyvalente est votre compagne id\u00e9ale. L&#8217;isolation en duvet et les l\u00e9gers panneaux lat\u00e9raux en polaire sont r\u00e9sistants \u00e0 l&#8217;eau, assurant ainsi confort et chaleur en pr\u00e9sence d&#8217;humidit\u00e9. Cette veste l\u00e9g\u00e8re et facilement pliable est dot\u00e9e d&#8217;une poche int\u00e9rieure et de poches pour les mains avec fermeture \u00e9clair pour ranger commod\u00e9ment vos objets, ainsi que d&#8217;une capuche de protection. Elle peut s&#8217;utiliser sous une veste shell pour un look en couches et s&#8217;adapte aux diff\u00e9rentes conditions atmosph\u00e9riques.    <\/p>\n<p>&nbsp;<\/p>\n<ul>\n<li>\n<p class=\"body_default__1XPpE body_style--basic__L6Su3\">Allied Feather &amp; Down\u00ae<\/p>\n<\/li>\n<li>\n<p class=\"body_default__1XPpE body_style--basic__L6Su3\">Poches pour les mains<\/p>\n<\/li>\n<li>\n<p class=\"body_default__1XPpE body_style--basic__L6Su3\">Logo HH\u00ae imprim\u00e9<\/p>\n<\/li>\n<li>\n<p class=\"body_default__1XPpE body_style--basic__L6Su3\">Tissu Ripstop<\/p>\n<\/li>\n<li>\n<p class=\"body_default__1XPpE body_style--basic__L6Su3\">Poche pliable<\/p>\n<\/li>\n<li>\n<p class=\"body_default__1XPpE body_style--basic__L6Su3\">Poche int\u00e9rieure poitrine avec fermeture \u00e9clair<\/p>\n<\/li>\n<li>\n<p class=\"body_default__1XPpE body_style--basic__L6Su3\">Traitement hydrofuge durable (DWR)<\/p>\n<\/li>\n<li>\n<p class=\"body_default__1XPpE body_style--basic__L6Su3\">Menton<\/p>\n<\/li>\n<li>\n<p class=\"body_default__1XPpE body_style--basic__L6Su3\">Ourlet r\u00e9glable avec cordon de serrage<\/p>\n<\/li>\n<li>\n<p class=\"body_default__1XPpE body_style--basic__L6Su3\">Capuche \u00e9lastique<\/p>\n<\/li>\n<li>\n<p class=\"body_default__1XPpE body_style--basic__L6Su3\">Tissu polaire lisse<\/p>\n<\/li>\n<li>\n<p class=\"body_default__1XPpE body_style--basic__L6Su3\">Panneaux extensibles pour un ajustement optimal<\/p>\n<\/li>\n<li>\n<p class=\"body_default__1XPpE body_style--basic__L6Su3\">Structure hybride<\/p>\n<\/li>\n<li>\n<p class=\"body_default__1XPpE body_style--basic__L6Su3\">Allied Feather &amp; Down\u00ae 700 FP<\/p>\n<\/li>\n<li>\n<p class=\"body_default__1XPpE body_style--basic__L6Su3\">Rembourrage en duvet hydrophobe, sp\u00e9cifiquement trait\u00e9 pour emp\u00eacher la p\u00e9n\u00e9tration de l&#8217;eau et garantir une temp\u00e9rature optimale m\u00eame en pr\u00e9sence d&#8217;humidit\u00e9.<\/p>\n<\/li>\n<li>\n<p class=\"body_default__1XPpE body_style--basic__L6Su3\">Fermeture \u00e0 glissi\u00e8re YKK<\/p>\n<\/li>\n<li>\n<p class=\"body_default__1XPpE body_style--basic__L6Su3\">Poignets avec \u00e9lastique<\/p>\n<\/li>\n<li>\n<p class=\"body_default__1XPpE body_style--basic__L6Su3\">produit bluesign<\/p>\n<\/li>\n<li>\n<p class=\"body_default__1XPpE body_style--basic__L6Su3\">Mat\u00e9riau recycl\u00e9<\/p>\n<\/li>\n<li>\n<p class=\"body_default__1XPpE body_style--basic__L6Su3\">Traitement hydrofuge durable (DWR) exempt de perfluorocarbures (PFC)<\/p>\n<\/li>\n<li>\n<p class=\"body_default__1XPpE body_style--basic__L6Su3\">Certification Responsible Down Standard<\/p>\n<\/li>\n<\/ul>\n<p>&nbsp;<\/p>\n<p>&nbsp;<\/p>\n","protected":false},"excerpt":{"rendered":"<p>Combinant la chaleur d&#8217;une doudoune avec le confort et la flexibilit\u00e9 d&#8217;une polaire, la veste \u00e0 capuche Verglas Down Hybrid<\/p>\n","protected":false},"featured_media":637222,"template":"","meta":{"_seopress_robots_primary_cat":"none","_seopress_titles_title":"","_seopress_titles_desc":"","_seopress_robots_index":""},"product_brand":[3646],"product_cat":[81,981,982],"product_tag":[],"class_list":{"0":"post-637221","1":"product","2":"type-product","3":"status-publish","4":"has-post-thumbnail","6":"product_brand-helly-hansen-fr","7":"product_cat-vetements","8":"product_cat-vetements-de-loisirs","9":"product_cat-vetements-pour-hommes","10":"sws-gruppo-abb-libero-fr","11":"sws-conto-ricavi-merci-rivendita-abbigliamento-fr","12":"sws-gruppo-iva-iva81-fr","14":"first","15":"instock","16":"shipping-taxable","17":"purchasable","18":"product-type-variable","19":"has-default-attributes"},"_links":{"self":[{"href":"https:\/\/lucacastelli.com\/fr\/wp-json\/wp\/v2\/product\/637221","targetHints":{"allow":["GET"]}}],"collection":[{"href":"https:\/\/lucacastelli.com\/fr\/wp-json\/wp\/v2\/product"}],"about":[{"href":"https:\/\/lucacastelli.com\/fr\/wp-json\/wp\/v2\/types\/product"}],"wp:featuredmedia":[{"embeddable":true,"href":"https:\/\/lucacastelli.com\/fr\/wp-json\/wp\/v2\/media\/637222"}],"wp:attachment":[{"href":"https:\/\/lucacastelli.com\/fr\/wp-json\/wp\/v2\/media?parent=637221"}],"wp:term":[{"taxonomy":"product_brand","embeddable":true,"href":"https:\/\/lucacastelli.com\/fr\/wp-json\/wp\/v2\/product_brand?post=637221"},{"taxonomy":"product_cat","embeddable":true,"href":"https:\/\/lucacastelli.com\/fr\/wp-json\/wp\/v2\/product_cat?post=637221"},{"taxonomy":"product_tag","embeddable":true,"href":"https:\/\/lucacastelli.com\/fr\/wp-json\/wp\/v2\/product_tag?post=637221"}],"curies":[{"name":"wp","href":"https:\/\/api.w.org\/{rel}","templated":true}]}}